{"id":972,"date":"2022-12-05T18:17:13","date_gmt":"2022-12-05T18:17:13","guid":{"rendered":"https:\/\/stancovani-dijelovi.com\/?page_id=972"},"modified":"2023-03-14T15:22:11","modified_gmt":"2023-03-14T15:22:11","slug":"gun-cabinets","status":"publish","type":"page","link":"https:\/\/stancovani-dijelovi.com\/bs\/b2b-products\/gun-cabinets\/","title":{"rendered":"Ormari za oru\u017eje"},"content":{"rendered":"<div data-elementor-type=\"wp-page\" data-elementor-id=\"972\" class=\"elementor elementor-972\">\n\t\t\t\t<div class=\"elementor-element elementor-element-403e38c e-flex e-con-boxed e-con e-parent\" data-id=\"403e38c\" data-element_type=\"container\" data-e-type=\"container\" data-settings=\"{&quot;background_background&quot;:&quot;classic&quot;}\">\n\t\t\t\t\t<div class=\"e-con-inner\">\n\t\t\t\t<div class=\"elementor-element elementor-element-b043c02 elementor-widget elementor-widget-heading\" data-id=\"b043c02\" data-element_type=\"widget\" data-e-type=\"widget\" data-widget_type=\"heading.default\">\n\t\t\t\t<div class=\"elementor-widget-container\">\n\t\t\t\t\t<h1 class=\"elementor-heading-title elementor-size-default\">Ormari za oru\u017eje za lovnu industriju: Sigurno i pouzdano skladi\u0161tenje pu\u0161aka, pi\u0161tolja i municije<\/h1>\t\t\t\t<\/div>\n\t\t\t\t<\/div>\n\t\t\t\t\t<\/div>\n\t\t\t\t<\/div>\n\t\t<div class=\"elementor-element elementor-element-165bb86 e-flex e-con-boxed e-con e-parent\" data-id=\"165bb86\" data-element_type=\"container\" data-e-type=\"container\">\n\t\t\t\t\t<div class=\"e-con-inner\">\n\t\t\t\t<div class=\"elementor-element elementor-element-3ee46e4a elementor-widget elementor-widget-heading\" data-id=\"3ee46e4a\" data-element_type=\"widget\" data-e-type=\"widget\" data-widget_type=\"heading.default\">\n\t\t\t\t<div class=\"elementor-widget-container\">\n\t\t\t\t\t<h2 class=\"elementor-heading-title elementor-size-default\">Proizvodi u ovoj kategoriji<\/h2>\t\t\t\t<\/div>\n\t\t\t\t<\/div>\n\t\t<div class=\"elementor-element elementor-element-3ce6398a e-con-full e-flex e-con e-parent\" data-id=\"3ce6398a\" data-element_type=\"container\" data-e-type=\"container\">\n\t\t\t\t<div class=\"elementor-element elementor-element-73188563 elementor-widget__width-initial elementor-widget-mobile__width-inherit elementor-widget elementor-widget-image\" data-id=\"73188563\" data-element_type=\"widget\" data-e-type=\"widget\" data-widget_type=\"image.default\">\n\t\t\t\t<div class=\"elementor-widget-container\">\n\t\t\t\t\t\t\t\t\t\t\t\t\t\t\t<img fetchpriority=\"high\" decoding=\"async\" width=\"640\" height=\"480\" src=\"https:\/\/stancovani-dijelovi.com\/wp-content\/uploads\/2023\/03\/Rifle-cabinet.png\" class=\"attachment-full size-full wp-image-2473\" alt=\"Rifle cabinet\" srcset=\"https:\/\/stancovani-dijelovi.com\/wp-content\/uploads\/2023\/03\/Rifle-cabinet.png 640w, https:\/\/stancovani-dijelovi.com\/wp-content\/uploads\/2023\/03\/Rifle-cabinet-300x225.png 300w, https:\/\/stancovani-dijelovi.com\/wp-content\/uploads\/2023\/03\/Rifle-cabinet-16x12.png 16w\" sizes=\"(max-width: 640px) 100vw, 640px\" \/>\t\t\t\t\t\t\t\t\t\t\t\t\t\t\t<\/div>\n\t\t\t\t<\/div>\n\t\t<div class=\"elementor-element elementor-element-22943866 e-con-full e-flex e-con e-parent\" data-id=\"22943866\" data-element_type=\"container\" data-e-type=\"container\">\n\t\t\t\t<div class=\"elementor-element elementor-element-28a5642a elementor-widget elementor-widget-text-editor\" data-id=\"28a5642a\" data-element_type=\"widget\" data-e-type=\"widget\" data-widget_type=\"text-editor.default\">\n\t\t\t\t<div class=\"elementor-widget-container\">\n\t\t\t\t\t\t\t\t\t<h3 style=\"margin-bottom: 16px;\">Ormar za pu\u0161ke<\/h3>\n<p>Pohranjuje do \u010detiri pu\u0161ke du\u017eine do 130 cm. Poseban pretinac za municiju. Opremljen MDF dr\u017ea\u010dem za oru\u017eje. Sadr\u017ei tri cilindar brave, svaka s po dva klju\u010da.<\/p>\t\t\t\t\t\t\t\t<\/div>\n\t\t\t\t<\/div>\n\t\t\t\t<div class=\"elementor-element elementor-element-95fecd4 elementor-widget elementor-widget-button\" data-id=\"95fecd4\" data-element_type=\"widget\" data-e-type=\"widget\" data-widget_type=\"button.default\">\n\t\t\t\t<div class=\"elementor-widget-container\">\n\t\t\t\t\t\t\t\t\t<div class=\"elementor-button-wrapper\">\n\t\t\t\t\t<a class=\"elementor-button elementor-button-link elementor-size-sm\" href=\"https:\/\/stancovani-dijelovi.com\/bs\/b2b-products\/gun-cabinets\/rifle-cabinet\/\" id=\"secondary-button\">\n\t\t\t\t\t\t<span class=\"elementor-button-content-wrapper\">\n\t\t\t\t\t\t\t\t\t<span class=\"elementor-button-text\">Pro\u010ditajte vi\u0161e<\/span>\n\t\t\t\t\t<\/span>\n\t\t\t\t\t<\/a>\n\t\t\t\t<\/div>\n\t\t\t\t\t\t\t\t<\/div>\n\t\t\t\t<\/div>\n\t\t\t\t<\/div>\n\t\t\t\t<\/div>\n\t\t<div class=\"elementor-element elementor-element-d13631c e-con-full e-flex e-con e-parent\" data-id=\"d13631c\" data-element_type=\"container\" data-e-type=\"container\">\n\t\t\t\t<div class=\"elementor-element elementor-element-5f02fa7b elementor-widget__width-initial elementor-widget-mobile__width-inherit elementor-widget elementor-widget-image\" data-id=\"5f02fa7b\" data-element_type=\"widget\" data-e-type=\"widget\" data-widget_type=\"image.default\">\n\t\t\t\t<div class=\"elementor-widget-container\">\n\t\t\t\t\t\t\t\t\t\t\t\t\t\t\t<img decoding=\"async\" width=\"640\" height=\"480\" src=\"https:\/\/stancovani-dijelovi.com\/wp-content\/uploads\/2023\/03\/Pistol-cabinet.png\" class=\"attachment-full size-full wp-image-2474\" alt=\"Pistol cabinet\" srcset=\"https:\/\/stancovani-dijelovi.com\/wp-content\/uploads\/2023\/03\/Pistol-cabinet.png 640w, https:\/\/stancovani-dijelovi.com\/wp-content\/uploads\/2023\/03\/Pistol-cabinet-300x225.png 300w, https:\/\/stancovani-dijelovi.com\/wp-content\/uploads\/2023\/03\/Pistol-cabinet-16x12.png 16w\" sizes=\"(max-width: 640px) 100vw, 640px\" \/>\t\t\t\t\t\t\t\t\t\t\t\t\t\t\t<\/div>\n\t\t\t\t<\/div>\n\t\t<div class=\"elementor-element elementor-element-52862efb e-con-full e-flex e-con e-parent\" data-id=\"52862efb\" data-element_type=\"container\" data-e-type=\"container\">\n\t\t\t\t<div class=\"elementor-element elementor-element-e5a7b8a elementor-widget elementor-widget-text-editor\" data-id=\"e5a7b8a\" data-element_type=\"widget\" data-e-type=\"widget\" data-widget_type=\"text-editor.default\">\n\t\t\t\t<div class=\"elementor-widget-container\">\n\t\t\t\t\t\t\t\t\t<h3 style=\"margin-bottom: 16px;\">Ormar za pi\u0161tolje<\/h3>\n<p>Pohranjuje nekoliko pi\u0161tolja i municiju. Sadr\u017ei jednu cilindar bravu s dva klju\u010da. Dolazi s dvije izbu\u0161ene rupe za pri\u010dv\u0161\u0107ivanje na zid.<\/p>\t\t\t\t\t\t\t\t<\/div>\n\t\t\t\t<\/div>\n\t\t\t\t<div class=\"elementor-element elementor-element-c966feb elementor-widget elementor-widget-button\" data-id=\"c966feb\" data-element_type=\"widget\" data-e-type=\"widget\" data-widget_type=\"button.default\">\n\t\t\t\t<div class=\"elementor-widget-container\">\n\t\t\t\t\t\t\t\t\t<div class=\"elementor-button-wrapper\">\n\t\t\t\t\t<a class=\"elementor-button elementor-button-link elementor-size-sm\" href=\"https:\/\/stancovani-dijelovi.com\/bs\/b2b-products\/gun-cabinets\/pistol-cabinet\/\" id=\"secondary-button\">\n\t\t\t\t\t\t<span class=\"elementor-button-content-wrapper\">\n\t\t\t\t\t\t\t\t\t<span class=\"elementor-button-text\">Pro\u010ditajte vi\u0161e<\/span>\n\t\t\t\t\t<\/span>\n\t\t\t\t\t<\/a>\n\t\t\t\t<\/div>\n\t\t\t\t\t\t\t\t<\/div>\n\t\t\t\t<\/div>\n\t\t\t\t<\/div>\n\t\t\t\t<\/div>\n\t\t\t\t\t<\/div>\n\t\t\t\t<\/div>\n\t\t\t\t<\/div>","protected":false},"excerpt":{"rendered":"<p>Hunting industry gun cabinets: Secure and reliable storage of rifles, pistols, and ammunition Products in this category Rifle cabinet Stores up to four rifles up to 130 cm long. Separate ammunition compartment. Equipped with MDF gun holder. Features three cylinder locks, each with two keys. Read more Pistol cabinet Stores several pistols and ammunition. Equipped [&hellip;]<\/p>\n","protected":false},"author":1,"featured_media":0,"parent":40,"menu_order":0,"comment_status":"closed","ping_status":"closed","template":"","meta":{"inline_featured_image":false,"site-sidebar-layout":"no-sidebar","site-content-layout":"page-builder","ast-site-content-layout":"default","site-content-style":"default","site-sidebar-style":"default","ast-global-header-display":"","ast-banner-title-visibility":"","ast-main-header-display":"","ast-hfb-above-header-display":"","ast-hfb-below-header-display":"","ast-hfb-mobile-header-display":"","site-post-title":"disabled","ast-breadcrumbs-content":"","ast-featured-img":"disabled","footer-sml-layout":"","ast-disable-related-posts":"","theme-transparent-header-meta":"","adv-header-id-meta":"","stick-header-meta":"","header-above-stick-meta":"","header-main-stick-meta":"","header-below-stick-meta":"","astra-migrate-meta-layouts":"default","ast-page-background-enabled":"default","ast-page-background-meta":{"desktop":{"background-color":"var(--ast-global-color-4)","background-image":"","background-repeat":"repeat","background-position":"center center","background-size":"auto","background-attachment":"scroll","background-type":"","background-media":"","overlay-type":"","overlay-color":"","overlay-opacity":"","overlay-gradient":""},"tablet":{"background-color":"","background-image":"","background-repeat":"repeat","background-position":"center center","background-size":"auto","background-attachment":"scroll","background-type":"","background-media":"","overlay-type":"","overlay-color":"","overlay-opacity":"","overlay-gradient":""},"mobile":{"background-color":"","background-image":"","background-repeat":"repeat","background-position":"center center","background-size":"auto","background-attachment":"scroll","background-type":"","background-media":"","overlay-type":"","overlay-color":"","overlay-opacity":"","overlay-gradient":""}},"ast-content-background-meta":{"desktop":{"background-color":"var(--ast-global-color-5)","background-image":"","background-repeat":"repeat","background-position":"center center","background-size":"auto","background-attachment":"scroll","background-type":"","background-media":"","overlay-type":"","overlay-color":"","overlay-opacity":"","overlay-gradient":""},"tablet":{"background-color":"var(--ast-global-color-5)","background-image":"","background-repeat":"repeat","background-position":"center center","background-size":"auto","background-attachment":"scroll","background-type":"","background-media":"","overlay-type":"","overlay-color":"","overlay-opacity":"","overlay-gradient":""},"mobile":{"background-color":"var(--ast-global-color-5)","background-image":"","background-repeat":"repeat","background-position":"center center","background-size":"auto","background-attachment":"scroll","background-type":"","background-media":"","overlay-type":"","overlay-color":"","overlay-opacity":"","overlay-gradient":""}},"footnotes":""},"class_list":["post-972","page","type-page","status-publish","hentry"],"_links":{"self":[{"href":"https:\/\/stancovani-dijelovi.com\/bs\/wp-json\/wp\/v2\/pages\/972","targetHints":{"allow":["GET"]}}],"collection":[{"href":"https:\/\/stancovani-dijelovi.com\/bs\/wp-json\/wp\/v2\/pages"}],"about":[{"href":"https:\/\/stancovani-dijelovi.com\/bs\/wp-json\/wp\/v2\/types\/page"}],"author":[{"embeddable":true,"href":"https:\/\/stancovani-dijelovi.com\/bs\/wp-json\/wp\/v2\/users\/1"}],"replies":[{"embeddable":true,"href":"https:\/\/stancovani-dijelovi.com\/bs\/wp-json\/wp\/v2\/comments?post=972"}],"version-history":[{"count":43,"href":"https:\/\/stancovani-dijelovi.com\/bs\/wp-json\/wp\/v2\/pages\/972\/revisions"}],"predecessor-version":[{"id":2508,"href":"https:\/\/stancovani-dijelovi.com\/bs\/wp-json\/wp\/v2\/pages\/972\/revisions\/2508"}],"up":[{"embeddable":true,"href":"https:\/\/stancovani-dijelovi.com\/bs\/wp-json\/wp\/v2\/pages\/40"}],"wp:attachment":[{"href":"https:\/\/stancovani-dijelovi.com\/bs\/wp-json\/wp\/v2\/media?parent=972"}],"curies":[{"name":"wp","href":"https:\/\/api.w.org\/{rel}","templated":true}]}}