{"id":80,"date":"2022-10-25T14:17:27","date_gmt":"2022-10-25T14:17:27","guid":{"rendered":"https:\/\/stancovani-dijelovi.com\/?page_id=80"},"modified":"2023-03-14T14:41:38","modified_gmt":"2023-03-14T14:41:38","slug":"metal-fittings-for-military-crates","status":"publish","type":"page","link":"https:\/\/stancovani-dijelovi.com\/bs\/military-products\/metal-fittings-for-military-crates\/","title":{"rendered":"Okovi za vojne sanduke"},"content":{"rendered":"<div data-elementor-type=\"wp-page\" data-elementor-id=\"80\" class=\"elementor elementor-80\">\n\t\t\t\t<div class=\"elementor-element elementor-element-3711e102 e-flex e-con-boxed e-con e-parent\" data-id=\"3711e102\" data-element_type=\"container\" data-e-type=\"container\">\n\t\t\t\t\t<div class=\"e-con-inner\">\n\t\t<div class=\"elementor-element elementor-element-689b1d31 e-con-full e-flex e-con e-parent\" data-id=\"689b1d31\" data-element_type=\"container\" data-e-type=\"container\">\n\t\t\t\t<div class=\"elementor-element elementor-element-af38e9a elementor-widget elementor-widget-heading\" data-id=\"af38e9a\" data-element_type=\"widget\" data-e-type=\"widget\" data-widget_type=\"heading.default\">\n\t\t\t\t<div class=\"elementor-widget-container\">\n\t\t\t\t\t<h2 class=\"elementor-heading-title elementor-size-default\">Okovi za vojne sanduke<\/h2>\t\t\t\t<\/div>\n\t\t\t\t<\/div>\n\t\t\t\t<div class=\"elementor-element elementor-element-74f81ff2 elementor-widget elementor-widget-text-editor\" data-id=\"74f81ff2\" data-element_type=\"widget\" data-e-type=\"widget\" data-widget_type=\"text-editor.default\">\n\t\t\t\t<div class=\"elementor-widget-container\">\n\t\t\t\t\t\t\t\t\t<ul style=\"margin-left: 20px; margin-bottom: 0px;\">\n \t<li style=\"margin-bottom: 16px;\">Komplet metalnih okova za drvene vojne sanduke.<\/li>\n \t<li style=\"margin-bottom: 16px;\">Komplet uklju\u010duje: dvije ru\u010dice i plo\u010dice ru\u010dica, dva zatvara\u010da, osam ugaonika i dva pojasa.<\/li>\n \t<li style=\"margin-bottom: 16px;\">Proizvodimo dva tipa zatvara\u010da s razli\u010ditim dimenzijama.<\/li>\n \t<li>Pojas se izra\u0111uje prema standardu.<\/li>\n<\/ul>\t\t\t\t\t\t\t\t<\/div>\n\t\t\t\t<\/div>\n\t\t\t\t<div class=\"elementor-element elementor-element-41f0c478 elementor-widget elementor-widget-button\" data-id=\"41f0c478\" data-element_type=\"widget\" data-e-type=\"widget\" data-widget_type=\"button.default\">\n\t\t\t\t<div class=\"elementor-widget-container\">\n\t\t\t\t\t\t\t\t\t<div class=\"elementor-button-wrapper\">\n\t\t\t\t\t<a class=\"elementor-button elementor-button-link elementor-size-sm\" href=\"https:\/\/stancovani-dijelovi.com\/bs\/contact\/\">\n\t\t\t\t\t\t<span class=\"elementor-button-content-wrapper\">\n\t\t\t\t\t\t\t\t\t<span class=\"elementor-button-text\">Po\u0161aljite upit<\/span>\n\t\t\t\t\t<\/span>\n\t\t\t\t\t<\/a>\n\t\t\t\t<\/div>\n\t\t\t\t\t\t\t\t<\/div>\n\t\t\t\t<\/div>\n\t\t\t\t<\/div>\n\t\t\t\t<div class=\"elementor-element elementor-element-4f37162b elementor-arrows-position-outside elementor-widget__width-inherit elementor-pagination-position-outside elementor-widget elementor-widget-image-carousel\" data-id=\"4f37162b\" data-element_type=\"widget\" data-e-type=\"widget\" data-settings=\"{&quot;slides_to_show&quot;:&quot;1&quot;,&quot;autoplay&quot;:&quot;no&quot;,&quot;navigation&quot;:&quot;both&quot;,&quot;infinite&quot;:&quot;yes&quot;,&quot;effect&quot;:&quot;slide&quot;,&quot;speed&quot;:500}\" data-widget_type=\"image-carousel.default\">\n\t\t\t\t<div class=\"elementor-widget-container\">\n\t\t\t\t\t\t\t<div class=\"elementor-image-carousel-wrapper swiper\" role=\"region\" aria-roledescription=\"carousel\" aria-label=\"Image Carousel\" dir=\"ltr\">\n\t\t\t<div class=\"elementor-image-carousel swiper-wrapper\" aria-live=\"polite\">\n\t\t\t\t\t\t\t\t<div class=\"swiper-slide\" role=\"group\" aria-roledescription=\"slide\" aria-label=\"1 of 11\"><a data-elementor-open-lightbox=\"yes\" data-elementor-lightbox-slideshow=\"4f37162b\" data-elementor-lightbox-title=\"Handle\" data-e-action-hash=\"#elementor-action%3Aaction%3Dlightbox%26settings%3DeyJpZCI6MjQyMSwidXJsIjoiaHR0cHM6XC9cL3N0YW5jb3ZhbmktZGlqZWxvdmkuY29tXC93cC1jb250ZW50XC91cGxvYWRzXC8yMDIzXC8wM1wvTWV0YWwtZml0dGluZ3MtZm9yLW1pbGl0YXJ5LWNyYXRlcy0xLmpwZyIsInNsaWRlc2hvdyI6IjRmMzcxNjJiIn0%3D\" href=\"https:\/\/stancovani-dijelovi.com\/wp-content\/uploads\/2023\/03\/Metal-fittings-for-military-crates-1.jpg\"><figure class=\"swiper-slide-inner\"><img decoding=\"async\" class=\"swiper-slide-image\" src=\"https:\/\/stancovani-dijelovi.com\/wp-content\/uploads\/2023\/03\/Metal-fittings-for-military-crates-1.jpg\" alt=\"Metal fittings for military crates\" \/><\/figure><\/a><\/div><div class=\"swiper-slide\" role=\"group\" aria-roledescription=\"slide\" aria-label=\"2 of 11\"><a data-elementor-open-lightbox=\"yes\" data-elementor-lightbox-slideshow=\"4f37162b\" data-elementor-lightbox-title=\"Handle wire\" data-e-action-hash=\"#elementor-action%3Aaction%3Dlightbox%26settings%3DeyJpZCI6MjQyMiwidXJsIjoiaHR0cHM6XC9cL3N0YW5jb3ZhbmktZGlqZWxvdmkuY29tXC93cC1jb250ZW50XC91cGxvYWRzXC8yMDIzXC8wM1wvTWV0YWwtZml0dGluZ3MtZm9yLW1pbGl0YXJ5LWNyYXRlcy0yLmpwZyIsInNsaWRlc2hvdyI6IjRmMzcxNjJiIn0%3D\" href=\"https:\/\/stancovani-dijelovi.com\/wp-content\/uploads\/2023\/03\/Metal-fittings-for-military-crates-2.jpg\"><figure class=\"swiper-slide-inner\"><img decoding=\"async\" class=\"swiper-slide-image\" src=\"https:\/\/stancovani-dijelovi.com\/wp-content\/uploads\/2023\/03\/Metal-fittings-for-military-crates-2.jpg\" alt=\"Metal fittings for military crates\" \/><\/figure><\/a><\/div><div class=\"swiper-slide\" role=\"group\" aria-roledescription=\"slide\" aria-label=\"3 of 11\"><a data-elementor-open-lightbox=\"yes\" data-elementor-lightbox-slideshow=\"4f37162b\" data-elementor-lightbox-title=\"Handle plate\" data-e-action-hash=\"#elementor-action%3Aaction%3Dlightbox%26settings%3DeyJpZCI6MjQyMywidXJsIjoiaHR0cHM6XC9cL3N0YW5jb3ZhbmktZGlqZWxvdmkuY29tXC93cC1jb250ZW50XC91cGxvYWRzXC8yMDIzXC8wM1wvTWV0YWwtZml0dGluZ3MtZm9yLW1pbGl0YXJ5LWNyYXRlcy0zLmpwZyIsInNsaWRlc2hvdyI6IjRmMzcxNjJiIn0%3D\" href=\"https:\/\/stancovani-dijelovi.com\/wp-content\/uploads\/2023\/03\/Metal-fittings-for-military-crates-3.jpg\"><figure class=\"swiper-slide-inner\"><img decoding=\"async\" class=\"swiper-slide-image\" src=\"https:\/\/stancovani-dijelovi.com\/wp-content\/uploads\/2023\/03\/Metal-fittings-for-military-crates-3.jpg\" alt=\"Metal fittings for military crates\" \/><\/figure><\/a><\/div><div class=\"swiper-slide\" role=\"group\" aria-roledescription=\"slide\" aria-label=\"4 of 11\"><a data-elementor-open-lightbox=\"yes\" data-elementor-lightbox-slideshow=\"4f37162b\" data-elementor-lightbox-title=\"Shutter - type 1 and 2\" data-e-action-hash=\"#elementor-action%3Aaction%3Dlightbox%26settings%3DeyJpZCI6MjQyNCwidXJsIjoiaHR0cHM6XC9cL3N0YW5jb3ZhbmktZGlqZWxvdmkuY29tXC93cC1jb250ZW50XC91cGxvYWRzXC8yMDIzXC8wM1wvTWV0YWwtZml0dGluZ3MtZm9yLW1pbGl0YXJ5LWNyYXRlcy00LmpwZyIsInNsaWRlc2hvdyI6IjRmMzcxNjJiIn0%3D\" href=\"https:\/\/stancovani-dijelovi.com\/wp-content\/uploads\/2023\/03\/Metal-fittings-for-military-crates-4.jpg\"><figure class=\"swiper-slide-inner\"><img decoding=\"async\" class=\"swiper-slide-image\" src=\"https:\/\/stancovani-dijelovi.com\/wp-content\/uploads\/2023\/03\/Metal-fittings-for-military-crates-4.jpg\" alt=\"Metal fittings for military crates\" \/><\/figure><\/a><\/div><div class=\"swiper-slide\" role=\"group\" aria-roledescription=\"slide\" aria-label=\"5 of 11\"><a data-elementor-open-lightbox=\"yes\" data-elementor-lightbox-slideshow=\"4f37162b\" data-elementor-lightbox-title=\"Shutter - type 1\" data-e-action-hash=\"#elementor-action%3Aaction%3Dlightbox%26settings%3DeyJpZCI6MjQyNSwidXJsIjoiaHR0cHM6XC9cL3N0YW5jb3ZhbmktZGlqZWxvdmkuY29tXC93cC1jb250ZW50XC91cGxvYWRzXC8yMDIzXC8wM1wvTWV0YWwtZml0dGluZ3MtZm9yLW1pbGl0YXJ5LWNyYXRlcy01LmpwZyIsInNsaWRlc2hvdyI6IjRmMzcxNjJiIn0%3D\" href=\"https:\/\/stancovani-dijelovi.com\/wp-content\/uploads\/2023\/03\/Metal-fittings-for-military-crates-5.jpg\"><figure class=\"swiper-slide-inner\"><img decoding=\"async\" class=\"swiper-slide-image\" src=\"https:\/\/stancovani-dijelovi.com\/wp-content\/uploads\/2023\/03\/Metal-fittings-for-military-crates-5.jpg\" alt=\"Metal fittings for military crates\" \/><\/figure><\/a><\/div><div class=\"swiper-slide\" role=\"group\" aria-roledescription=\"slide\" aria-label=\"6 of 11\"><a data-elementor-open-lightbox=\"yes\" data-elementor-lightbox-slideshow=\"4f37162b\" data-elementor-lightbox-title=\"Shutter - type 2\" data-e-action-hash=\"#elementor-action%3Aaction%3Dlightbox%26settings%3DeyJpZCI6MjQyNiwidXJsIjoiaHR0cHM6XC9cL3N0YW5jb3ZhbmktZGlqZWxvdmkuY29tXC93cC1jb250ZW50XC91cGxvYWRzXC8yMDIzXC8wM1wvTWV0YWwtZml0dGluZ3MtZm9yLW1pbGl0YXJ5LWNyYXRlcy02LmpwZyIsInNsaWRlc2hvdyI6IjRmMzcxNjJiIn0%3D\" href=\"https:\/\/stancovani-dijelovi.com\/wp-content\/uploads\/2023\/03\/Metal-fittings-for-military-crates-6.jpg\"><figure class=\"swiper-slide-inner\"><img decoding=\"async\" class=\"swiper-slide-image\" src=\"https:\/\/stancovani-dijelovi.com\/wp-content\/uploads\/2023\/03\/Metal-fittings-for-military-crates-6.jpg\" alt=\"Metal fittings for military crates\" \/><\/figure><\/a><\/div><div class=\"swiper-slide\" role=\"group\" aria-roledescription=\"slide\" aria-label=\"7 of 11\"><a data-elementor-open-lightbox=\"yes\" data-elementor-lightbox-slideshow=\"4f37162b\" data-elementor-lightbox-title=\"Corner\" data-e-action-hash=\"#elementor-action%3Aaction%3Dlightbox%26settings%3DeyJpZCI6MjQyNywidXJsIjoiaHR0cHM6XC9cL3N0YW5jb3ZhbmktZGlqZWxvdmkuY29tXC93cC1jb250ZW50XC91cGxvYWRzXC8yMDIzXC8wM1wvTWV0YWwtZml0dGluZ3MtZm9yLW1pbGl0YXJ5LWNyYXRlcy03LmpwZyIsInNsaWRlc2hvdyI6IjRmMzcxNjJiIn0%3D\" href=\"https:\/\/stancovani-dijelovi.com\/wp-content\/uploads\/2023\/03\/Metal-fittings-for-military-crates-7.jpg\"><figure class=\"swiper-slide-inner\"><img decoding=\"async\" class=\"swiper-slide-image\" src=\"https:\/\/stancovani-dijelovi.com\/wp-content\/uploads\/2023\/03\/Metal-fittings-for-military-crates-7.jpg\" alt=\"Metal fittings for military crates\" \/><\/figure><\/a><\/div><div class=\"swiper-slide\" role=\"group\" aria-roledescription=\"slide\" aria-label=\"8 of 11\"><a data-elementor-open-lightbox=\"yes\" data-elementor-lightbox-slideshow=\"4f37162b\" data-elementor-lightbox-title=\"Frame\" data-e-action-hash=\"#elementor-action%3Aaction%3Dlightbox%26settings%3DeyJpZCI6MjQyOCwidXJsIjoiaHR0cHM6XC9cL3N0YW5jb3ZhbmktZGlqZWxvdmkuY29tXC93cC1jb250ZW50XC91cGxvYWRzXC8yMDIzXC8wM1wvTWV0YWwtZml0dGluZ3MtZm9yLW1pbGl0YXJ5LWNyYXRlcy04LmpwZyIsInNsaWRlc2hvdyI6IjRmMzcxNjJiIn0%3D\" href=\"https:\/\/stancovani-dijelovi.com\/wp-content\/uploads\/2023\/03\/Metal-fittings-for-military-crates-8.jpg\"><figure class=\"swiper-slide-inner\"><img decoding=\"async\" class=\"swiper-slide-image\" src=\"https:\/\/stancovani-dijelovi.com\/wp-content\/uploads\/2023\/03\/Metal-fittings-for-military-crates-8.jpg\" alt=\"Metal fittings for military crates\" \/><\/figure><\/a><\/div><div class=\"swiper-slide\" role=\"group\" aria-roledescription=\"slide\" aria-label=\"9 of 11\"><a data-elementor-open-lightbox=\"yes\" data-elementor-lightbox-slideshow=\"4f37162b\" data-elementor-lightbox-title=\"Technical drawing (Shutter - type 1)\" data-e-action-hash=\"#elementor-action%3Aaction%3Dlightbox%26settings%3DeyJpZCI6MjQyOSwidXJsIjoiaHR0cHM6XC9cL3N0YW5jb3ZhbmktZGlqZWxvdmkuY29tXC93cC1jb250ZW50XC91cGxvYWRzXC8yMDIzXC8wM1wvTWV0YWwtZml0dGluZ3MtZm9yLW1pbGl0YXJ5LWNyYXRlcy05LmpwZyIsInNsaWRlc2hvdyI6IjRmMzcxNjJiIn0%3D\" href=\"https:\/\/stancovani-dijelovi.com\/wp-content\/uploads\/2023\/03\/Metal-fittings-for-military-crates-9.jpg\"><figure class=\"swiper-slide-inner\"><img decoding=\"async\" class=\"swiper-slide-image\" src=\"https:\/\/stancovani-dijelovi.com\/wp-content\/uploads\/2023\/03\/Metal-fittings-for-military-crates-9.jpg\" alt=\"Metal fittings for military crates\" \/><\/figure><\/a><\/div><div class=\"swiper-slide\" role=\"group\" aria-roledescription=\"slide\" aria-label=\"10 of 11\"><a data-elementor-open-lightbox=\"yes\" data-elementor-lightbox-slideshow=\"4f37162b\" data-elementor-lightbox-title=\"Technical drawing (Shutter - type 2)\" data-e-action-hash=\"#elementor-action%3Aaction%3Dlightbox%26settings%3DeyJpZCI6MjQzMCwidXJsIjoiaHR0cHM6XC9cL3N0YW5jb3ZhbmktZGlqZWxvdmkuY29tXC93cC1jb250ZW50XC91cGxvYWRzXC8yMDIzXC8wM1wvTWV0YWwtZml0dGluZ3MtZm9yLW1pbGl0YXJ5LWNyYXRlcy0xMC5qcGciLCJzbGlkZXNob3ciOiI0ZjM3MTYyYiJ9\" href=\"https:\/\/stancovani-dijelovi.com\/wp-content\/uploads\/2023\/03\/Metal-fittings-for-military-crates-10.jpg\"><figure class=\"swiper-slide-inner\"><img decoding=\"async\" class=\"swiper-slide-image\" src=\"https:\/\/stancovani-dijelovi.com\/wp-content\/uploads\/2023\/03\/Metal-fittings-for-military-crates-10.jpg\" alt=\"Metal fittings for military crates\" \/><\/figure><\/a><\/div><div class=\"swiper-slide\" role=\"group\" aria-roledescription=\"slide\" aria-label=\"11 of 11\"><a data-elementor-open-lightbox=\"yes\" data-elementor-lightbox-slideshow=\"4f37162b\" data-elementor-lightbox-title=\"Technical drawing (Frame)\" data-e-action-hash=\"#elementor-action%3Aaction%3Dlightbox%26settings%3DeyJpZCI6MjQzMSwidXJsIjoiaHR0cHM6XC9cL3N0YW5jb3ZhbmktZGlqZWxvdmkuY29tXC93cC1jb250ZW50XC91cGxvYWRzXC8yMDIzXC8wM1wvTWV0YWwtZml0dGluZ3MtZm9yLW1pbGl0YXJ5LWNyYXRlcy0xMS5qcGciLCJzbGlkZXNob3ciOiI0ZjM3MTYyYiJ9\" href=\"https:\/\/stancovani-dijelovi.com\/wp-content\/uploads\/2023\/03\/Metal-fittings-for-military-crates-11.jpg\"><figure class=\"swiper-slide-inner\"><img decoding=\"async\" class=\"swiper-slide-image\" src=\"https:\/\/stancovani-dijelovi.com\/wp-content\/uploads\/2023\/03\/Metal-fittings-for-military-crates-11.jpg\" alt=\"Metal fittings for military crates\" \/><\/figure><\/a><\/div>\t\t\t<\/div>\n\t\t\t\t\t\t\t\t\t\t\t\t<div class=\"elementor-swiper-button elementor-swiper-button-prev\" role=\"button\" tabindex=\"0\">\n\t\t\t\t\t\t<i aria-hidden=\"true\" class=\"eicon-chevron-left\"><\/i>\t\t\t\t\t<\/div>\n\t\t\t\t\t<div class=\"elementor-swiper-button elementor-swiper-button-next\" role=\"button\" tabindex=\"0\">\n\t\t\t\t\t\t<i aria-hidden=\"true\" class=\"eicon-chevron-right\"><\/i>\t\t\t\t\t<\/div>\n\t\t\t\t\n\t\t\t\t\t\t\t\t\t<div class=\"swiper-pagination\"><\/div>\n\t\t\t\t\t\t\t\t\t<\/div>\n\t\t\t\t\t\t<\/div>\n\t\t\t\t<\/div>\n\t\t\t\t\t<\/div>\n\t\t\t\t<\/div>\n\t\t<div class=\"elementor-element elementor-element-4cb6e09b e-flex e-con-boxed e-con e-parent\" data-id=\"4cb6e09b\" data-element_type=\"container\" data-e-type=\"container\">\n\t\t\t\t\t<div class=\"e-con-inner\">\n\t\t\t\t<div class=\"elementor-element elementor-element-6cb0166b elementor-widget elementor-widget-heading\" data-id=\"6cb0166b\" data-element_type=\"widget\" data-e-type=\"widget\" data-widget_type=\"heading.default\">\n\t\t\t\t<div class=\"elementor-widget-container\">\n\t\t\t\t\t<h3 class=\"elementor-heading-title elementor-size-default\">Dijelovi kompleta<\/h3>\t\t\t\t<\/div>\n\t\t\t\t<\/div>\n\t\t\t\t<div class=\"elementor-element elementor-element-5087bed3 elementor-widget__width-inherit elementor-widget elementor-widget-text-editor\" data-id=\"5087bed3\" data-element_type=\"widget\" data-e-type=\"widget\" data-widget_type=\"text-editor.default\">\n\t\t\t\t<div class=\"elementor-widget-container\">\n\t\t\t\t\t\t\t\t\t<table>\n<tbody>\n<tr>\n<th style=\"width: 33%;\">Dijelovi<\/th>\n<th style=\"width: 33%;\">Koli\u010dina<\/th>\n<th style=\"width: 33%;\">Dimenzije<\/th>\n<\/tr>\n<tr>\n<td>Ru\u010dica<\/td>\n<td>2 komada<\/td>\n<td>\u00d8 6 mm (\u017dica)<\/td>\n<\/tr>\n<tr>\n<td>Plo\u010dica ru\u010dice<\/td>\n<td>2 komada<\/td>\n<td>130 x 60 mm<\/td>\n<\/tr>\n<tr>\n<td>Zatvara\u010d - tip 1<\/td>\n<td>2 komada<\/td>\n<td>100 x 26 mm<\/td>\n<\/tr>\n<tr>\n<td>Zatvara\u010d - tip 2<\/td>\n<td>2 komada<\/td>\n<td>63,3 x 24 mm<\/td>\n<\/tr>\n<tr>\n<td>Ugaonik<\/td>\n<td>8 komada<\/td>\n<td>50 x 50 mm<\/td>\n<\/tr>\n<tr>\n<td>Pojas<\/td>\n<td>2 komada<\/td>\n<td>Prema standardu<\/td>\n<\/tr>\n<\/tbody>\n<\/table>\t\t\t\t\t\t\t\t<\/div>\n\t\t\t\t<\/div>\n\t\t\t\t\t<\/div>\n\t\t\t\t<\/div>\n\t\t<div class=\"elementor-element elementor-element-85539d5 e-flex e-con-boxed e-con e-parent\" data-id=\"85539d5\" data-element_type=\"container\" data-e-type=\"container\">\n\t\t\t\t\t<div class=\"e-con-inner\">\n\t\t\t\t<div class=\"elementor-element elementor-element-14bd2613 elementor-widget elementor-widget-heading\" data-id=\"14bd2613\" data-element_type=\"widget\" data-e-type=\"widget\" data-widget_type=\"heading.default\">\n\t\t\t\t<div class=\"elementor-widget-container\">\n\t\t\t\t\t<h3 class=\"elementor-heading-title elementor-size-default\">Specifikacije<\/h3>\t\t\t\t<\/div>\n\t\t\t\t<\/div>\n\t\t\t\t<div class=\"elementor-element elementor-element-33a16f54 elementor-widget__width-inherit elementor-widget elementor-widget-text-editor\" data-id=\"33a16f54\" data-element_type=\"widget\" data-e-type=\"widget\" data-widget_type=\"text-editor.default\">\n\t\t\t\t<div class=\"elementor-widget-container\">\n\t\t\t\t\t\t\t\t\t<table>\n<tbody>\n<tr>\n<th style=\"width: 50%;\">Materijal:<\/th>\n<td>\u010celik<\/td>\n<\/tr>\n<tr>\n<th>Predtretman:<\/th>\n<td>Nema<\/td>\n<\/tr>\n<tr>\n<th>Za\u0161tita povr\u0161ine:<\/th>\n<td>Lakiranje mokrim postupkom<\/td>\n<\/tr>\n<tr>\n<th>Boja:<\/th>\n<td><img decoding=\"async\" style=\"padding-right: 8px;\" src=\"https:\/\/stancovani-dijelovi.com\/wp-content\/uploads\/2022\/10\/RAL-3009.svg\" \/>RAL 3009<\/td>\n<\/tr>\n<\/tbody>\n<\/table>\t\t\t\t\t\t\t\t<\/div>\n\t\t\t\t<\/div>\n\t\t\t\t\t<\/div>\n\t\t\t\t<\/div>\n\t\t\t\t<\/div>","protected":false},"excerpt":{"rendered":"<p>Metal fittings for military crates Set of metal fittings for wooden military crates. The set includes: two handles and handle plates, two shutters, eight corners, and two frames. We produce two types of shutters with different dimensions. The frame is made according to the standard. Send a request Previous Next Parts of the set Parts [&hellip;]<\/p>\n","protected":false},"author":1,"featured_media":0,"parent":38,"menu_order":0,"comment_status":"closed","ping_status":"closed","template":"","meta":{"inline_featured_image":false,"site-sidebar-layout":"no-sidebar","site-content-layout":"page-builder","ast-site-content-layout":"default","site-content-style":"default","site-sidebar-style":"default","ast-global-header-display":"","ast-banner-title-visibility":"","ast-main-header-display":"","ast-hfb-above-header-display":"","ast-hfb-below-header-display":"","ast-hfb-mobile-header-display":"","site-post-title":"disabled","ast-breadcrumbs-content":"","ast-featured-img":"disabled","footer-sml-layout":"","ast-disable-related-posts":"","theme-transparent-header-meta":"","adv-header-id-meta":"","stick-header-meta":"","header-above-stick-meta":"","header-main-stick-meta":"","header-below-stick-meta":"","astra-migrate-meta-layouts":"default","ast-page-background-enabled":"default","ast-page-background-meta":{"desktop":{"background-color":"var(--ast-global-color-4)","background-image":"","background-repeat":"repeat","background-position":"center center","background-size":"auto","background-attachment":"scroll","background-type":"","background-media":"","overlay-type":"","overlay-color":"","overlay-opacity":"","overlay-gradient":""},"tablet":{"background-color":"","background-image":"","background-repeat":"repeat","background-position":"center center","background-size":"auto","background-attachment":"scroll","background-type":"","background-media":"","overlay-type":"","overlay-color":"","overlay-opacity":"","overlay-gradient":""},"mobile":{"background-color":"","background-image":"","background-repeat":"repeat","background-position":"center center","background-size":"auto","background-attachment":"scroll","background-type":"","background-media":"","overlay-type":"","overlay-color":"","overlay-opacity":"","overlay-gradient":""}},"ast-content-background-meta":{"desktop":{"background-color":"var(--ast-global-color-5)","background-image":"","background-repeat":"repeat","background-position":"center center","background-size":"auto","background-attachment":"scroll","background-type":"","background-media":"","overlay-type":"","overlay-color":"","overlay-opacity":"","overlay-gradient":""},"tablet":{"background-color":"var(--ast-global-color-5)","background-image":"","background-repeat":"repeat","background-position":"center center","background-size":"auto","background-attachment":"scroll","background-type":"","background-media":"","overlay-type":"","overlay-color":"","overlay-opacity":"","overlay-gradient":""},"mobile":{"background-color":"var(--ast-global-color-5)","background-image":"","background-repeat":"repeat","background-position":"center center","background-size":"auto","background-attachment":"scroll","background-type":"","background-media":"","overlay-type":"","overlay-color":"","overlay-opacity":"","overlay-gradient":""}},"footnotes":""},"class_list":["post-80","page","type-page","status-publish","hentry"],"_links":{"self":[{"href":"https:\/\/stancovani-dijelovi.com\/bs\/wp-json\/wp\/v2\/pages\/80","targetHints":{"allow":["GET"]}}],"collection":[{"href":"https:\/\/stancovani-dijelovi.com\/bs\/wp-json\/wp\/v2\/pages"}],"about":[{"href":"https:\/\/stancovani-dijelovi.com\/bs\/wp-json\/wp\/v2\/types\/page"}],"author":[{"embeddable":true,"href":"https:\/\/stancovani-dijelovi.com\/bs\/wp-json\/wp\/v2\/users\/1"}],"replies":[{"embeddable":true,"href":"https:\/\/stancovani-dijelovi.com\/bs\/wp-json\/wp\/v2\/comments?post=80"}],"version-history":[{"count":28,"href":"https:\/\/stancovani-dijelovi.com\/bs\/wp-json\/wp\/v2\/pages\/80\/revisions"}],"predecessor-version":[{"id":2434,"href":"https:\/\/stancovani-dijelovi.com\/bs\/wp-json\/wp\/v2\/pages\/80\/revisions\/2434"}],"up":[{"embeddable":true,"href":"https:\/\/stancovani-dijelovi.com\/bs\/wp-json\/wp\/v2\/pages\/38"}],"wp:attachment":[{"href":"https:\/\/stancovani-dijelovi.com\/bs\/wp-json\/wp\/v2\/media?parent=80"}],"curies":[{"name":"wp","href":"https:\/\/api.w.org\/{rel}","templated":true}]}}