{"id":60,"date":"2022-10-25T14:03:02","date_gmt":"2022-10-25T14:03:02","guid":{"rendered":"https:\/\/stancovani-dijelovi.com\/?page_id=60"},"modified":"2024-03-05T15:38:22","modified_gmt":"2024-03-05T15:38:22","slug":"machines-and-equipment","status":"publish","type":"page","link":"https:\/\/stancovani-dijelovi.com\/bs\/capabilities\/machines-and-equipment\/","title":{"rendered":"Strojevi i oprema"},"content":{"rendered":"<div data-elementor-type=\"wp-page\" data-elementor-id=\"60\" class=\"elementor elementor-60\">\n\t\t\t\t<div class=\"elementor-element elementor-element-2c3962cb e-flex e-con-boxed e-con e-parent\" data-id=\"2c3962cb\" data-element_type=\"container\" data-e-type=\"container\" data-settings=\"{&quot;background_background&quot;:&quot;classic&quot;}\">\n\t\t\t\t\t<div class=\"e-con-inner\">\n\t\t\t\t<div class=\"elementor-element elementor-element-1951bf6b elementor-widget elementor-widget-heading\" data-id=\"1951bf6b\" data-element_type=\"widget\" data-e-type=\"widget\" data-widget_type=\"heading.default\">\n\t\t\t\t<div class=\"elementor-widget-container\">\n\t\t\t\t\t<h1 class=\"elementor-heading-title elementor-size-default\">Proizvodni pogon i oprema: 24 prese za \u0161tancanje i brojni strojevi za sekundarne operacije<\/h1>\t\t\t\t<\/div>\n\t\t\t\t<\/div>\n\t\t\t\t\t<\/div>\n\t\t\t\t<\/div>\n\t\t<div class=\"elementor-element elementor-element-5fd8bf24 e-flex e-con-boxed e-con e-parent\" data-id=\"5fd8bf24\" data-element_type=\"container\" data-e-type=\"container\">\n\t\t\t\t\t<div class=\"e-con-inner\">\n\t\t\t\t<div class=\"elementor-element elementor-element-df20a1b elementor-widget elementor-widget-heading\" data-id=\"df20a1b\" data-element_type=\"widget\" data-e-type=\"widget\" data-widget_type=\"heading.default\">\n\t\t\t\t<div class=\"elementor-widget-container\">\n\t\t\t\t\t<h2 class=\"elementor-heading-title elementor-size-default\">Prese za \u0161tancanje metala<\/h2>\t\t\t\t<\/div>\n\t\t\t\t<\/div>\n\t\t<div class=\"elementor-element elementor-element-7adddf63 e-con-full e-flex e-con e-child\" data-id=\"7adddf63\" data-element_type=\"container\" data-e-type=\"container\">\n\t\t\t\t<div class=\"elementor-element elementor-element-172c4548 elementor-widget__width-initial elementor-widget-tablet__width-inherit elementor-widget elementor-widget-text-editor\" data-id=\"172c4548\" data-element_type=\"widget\" data-e-type=\"widget\" data-widget_type=\"text-editor.default\">\n\t\t\t\t<div class=\"elementor-widget-container\">\n\t\t\t\t\t\t\t\t\t<h3 style=\"margin-bottom: 16px;\">Ekscentar prese<\/h3>\n<ul style=\"margin-left: 20px; margin-bottom: 0px;\">\n \t<li style=\"margin-bottom: 8px;\">(5) Ekscentar presa - 4t<\/li>\n \t<li style=\"margin-bottom: 8px;\">(1) Ekscentar presa - 10t, 30t, 40t, 50t<\/li>\n \t<li style=\"margin-bottom: 8px;\">(3) Ekscentar presa - 63t<\/li>\n \t<li style=\"margin-bottom: 8px;\">(3) Ekscentar presa - 100t<\/li>\n \t<li style=\"margin-bottom: 8px;\">(2) Ekscentar presa - 125t<\/li>\n \t<li>(1) Ekscentar presa - 250t, 400t<\/li>\n<\/ul>\t\t\t\t\t\t\t\t<\/div>\n\t\t\t\t<\/div>\n\t\t\t\t<div class=\"elementor-element elementor-element-53c730a9 elementor-widget__width-initial elementor-widget-tablet__width-inherit elementor-widget elementor-widget-text-editor\" data-id=\"53c730a9\" data-element_type=\"widget\" data-e-type=\"widget\" data-widget_type=\"text-editor.default\">\n\t\t\t\t<div class=\"elementor-widget-container\">\n\t\t\t\t\t\t\t\t\t<h3 style=\"margin-bottom: 16px;\">Hidrauli\u010dne prese<\/h3>\n<ul style=\"margin-left: 20px; margin-bottom: 0px;\">\n \t<li style=\"margin-bottom: 8px;\">(2) Hidrauli\u010dna presa - 7t<\/li>\n \t<li style=\"margin-bottom: 8px;\">(1) Hidrauli\u010dna presa - 160t<\/li>\n \t<li style=\"margin-bottom: 8px;\">(1) Hidrauli\u010dna apkant presa - 50t<\/li>\n \t<li>(1) Hidrauli\u010dne makaze MG 4-2500<\/li>\n<\/ul>\t\t\t\t\t\t\t\t<\/div>\n\t\t\t\t<\/div>\n\t\t\t\t<div class=\"elementor-element elementor-element-219ac542 elementor-widget__width-initial elementor-widget-tablet__width-inherit elementor-widget elementor-widget-text-editor\" data-id=\"219ac542\" data-element_type=\"widget\" data-e-type=\"widget\" data-widget_type=\"text-editor.default\">\n\t\t\t\t<div class=\"elementor-widget-container\">\n\t\t\t\t\t\t\t\t\t<h3 style=\"margin-bottom: 16px;\">Automatske prese<\/h3>\n<ul style=\"margin-left: 20px; margin-bottom: 0px;\">\n \t<li style=\"margin-bottom: 8px;\">(2) Automatska presa - 2 x 20t<\/li>\n \t<li style=\"margin-bottom: 8px;\">(1) Automatska presa - 2 x 40t<\/li>\n \t<li>(1) Automatska presa za savijanje \u017eice - 4t<\/li>\n<\/ul>\t\t\t\t\t\t\t\t<\/div>\n\t\t\t\t<\/div>\n\t\t\t\t<\/div>\n\t\t\t\t\t<\/div>\n\t\t\t\t<\/div>\n\t\t<div class=\"elementor-element elementor-element-3aebc4a1 e-flex e-con-boxed e-con e-parent\" data-id=\"3aebc4a1\" data-element_type=\"container\" data-e-type=\"container\">\n\t\t\t\t\t<div class=\"e-con-inner\">\n\t\t\t\t<div class=\"elementor-element elementor-element-797490a6 elementor-widget elementor-widget-heading\" data-id=\"797490a6\" data-element_type=\"widget\" data-e-type=\"widget\" data-widget_type=\"heading.default\">\n\t\t\t\t<div class=\"elementor-widget-container\">\n\t\t\t\t\t<h2 class=\"elementor-heading-title elementor-size-default\">Strojevi za sekundarne operacije<\/h2>\t\t\t\t<\/div>\n\t\t\t\t<\/div>\n\t\t<div class=\"elementor-element elementor-element-463fb066 e-con-full e-flex e-con e-child\" data-id=\"463fb066\" data-element_type=\"container\" data-e-type=\"container\">\n\t\t\t\t<div class=\"elementor-element elementor-element-1b728e23 elementor-widget__width-initial elementor-widget-tablet__width-inherit elementor-widget elementor-widget-text-editor\" data-id=\"1b728e23\" data-element_type=\"widget\" data-e-type=\"widget\" data-widget_type=\"text-editor.default\">\n\t\t\t\t<div class=\"elementor-widget-container\">\n\t\t\t\t\t\t\t\t\t<h3 style=\"margin-bottom: 16px;\">Zavarivanje<\/h3>\n<ul style=\"margin-left: 20px; margin-bottom: 0px;\">\n \t<li style=\"margin-bottom: 8px;\">(2) Stroj za ta\u010dkasto zavarivanje - 25kW<\/li>\n \t<li style=\"margin-bottom: 8px;\">(1) Stroj za ta\u010dkasto zavarivanje - 60kW<\/li>\n \t<li style=\"margin-bottom: 8px;\">(3) Stroj za ta\u010dkasto zavarivanje - 90kW<\/li>\n \t<li>(2) Stroj za \u0161avno zavarivanje - 125kW<\/li>\n<\/ul>\t\t\t\t\t\t\t\t<\/div>\n\t\t\t\t<\/div>\n\t\t\t\t<div class=\"elementor-element elementor-element-742ada78 elementor-widget__width-initial elementor-widget-tablet__width-inherit elementor-widget elementor-widget-text-editor\" data-id=\"742ada78\" data-element_type=\"widget\" data-e-type=\"widget\" data-widget_type=\"text-editor.default\">\n\t\t\t\t<div class=\"elementor-widget-container\">\n\t\t\t\t\t\t\t\t\t<h3 style=\"margin-bottom: 16px;\">Termi\u010dka obrada<\/h3>\n<ul style=\"margin-left: 20px; margin-bottom: 0px;\">\n \t<li style=\"margin-bottom: 8px;\">(1) Pe\u0107 s kontrolisanom atmosferom - 72kW<\/li>\n \t<li style=\"margin-bottom: 8px;\">(1) Stroj za odma\u0161\u0107ivanje<\/li>\n \t<li>(1) Pe\u0107 za \u017earenje<\/li>\n<\/ul>\t\t\t\t\t\t\t\t<\/div>\n\t\t\t\t<\/div>\n\t\t\t\t<div class=\"elementor-element elementor-element-1eca6736 elementor-widget__width-initial elementor-widget-tablet__width-inherit elementor-widget elementor-widget-text-editor\" data-id=\"1eca6736\" data-element_type=\"widget\" data-e-type=\"widget\" data-widget_type=\"text-editor.default\">\n\t\t\t\t<div class=\"elementor-widget-container\">\n\t\t\t\t\t\t\t\t\t<h3 style=\"margin-bottom: 16px;\">Strojna obrada metala<\/h3>\n<ul style=\"margin-left: 20px; margin-bottom: 0px;\">\n \t<li style=\"margin-bottom: 8px;\">(1) Tokarski stroj PA 631P - 1500<\/li>\n \t<li style=\"margin-bottom: 8px;\">(1) Glodalica ALG 100E<\/li>\n \t<li style=\"margin-bottom: 8px;\">(1) Stubna bu\u0161ilica<\/li>\n \t<li style=\"margin-bottom: 8px;\">(1) Stroj za rezanje cijevi<\/li>\n \t<li>(1) Tra\u010dna pila za metal<\/li>\n<\/ul>\t\t\t\t\t\t\t\t<\/div>\n\t\t\t\t<\/div>\n\t\t\t\t<\/div>\n\t\t<div class=\"elementor-element elementor-element-df4b356 e-con-full e-flex e-con e-child\" data-id=\"df4b356\" data-element_type=\"container\" data-e-type=\"container\">\n\t\t\t\t<div class=\"elementor-element elementor-element-563343e4 elementor-widget__width-initial elementor-widget-tablet__width-inherit elementor-widget elementor-widget-text-editor\" data-id=\"563343e4\" data-element_type=\"widget\" data-e-type=\"widget\" data-widget_type=\"text-editor.default\">\n\t\t\t\t<div class=\"elementor-widget-container\">\n\t\t\t\t\t\t\t\t\t<h3 style=\"margin-bottom: 16px;\">Zavr\u0161na obrada povr\u0161ine<\/h3>\n<ul style=\"margin-left: 20px; margin-bottom: 0px;\">\n \t<li style=\"margin-bottom: 8px;\">(2) Dvostrana brusilica<\/li>\n \t<li style=\"margin-bottom: 8px;\">(1) Horizontalna brusilica<\/li>\n \t<li style=\"margin-bottom: 8px;\">(1) Stroj za poliranje<\/li>\n \t<li style=\"margin-bottom: 8px;\">(1) Vibracijsko sito<\/li>\n \t<li style=\"margin-bottom: 8px;\">(1) Stroj za vibracijsko poliranje<\/li>\n \t<li style=\"margin-bottom: 8px;\">(3) Bubanj za odma\u0161\u0107ivanje<\/li>\n \t<li>(1) Stroj za su\u0161enje<\/li>\n<\/ul>\t\t\t\t\t\t\t\t<\/div>\n\t\t\t\t<\/div>\n\t\t\t\t<div class=\"elementor-element elementor-element-7db4fce6 elementor-widget__width-initial elementor-widget-tablet__width-inherit elementor-widget elementor-widget-text-editor\" data-id=\"7db4fce6\" data-element_type=\"widget\" data-e-type=\"widget\" data-widget_type=\"text-editor.default\">\n\t\t\t\t<div class=\"elementor-widget-container\">\n\t\t\t\t\t\t\t\t\t<h3 style=\"margin-bottom: 16px;\">Za\u0161tita povr\u0161ine<\/h3>\n<ul style=\"margin-left: 20px; margin-bottom: 0px;\">\n \t<li style=\"margin-bottom: 8px;\">(1) Vise\u0107i kru\u017eni transporter<\/li>\n \t<li style=\"margin-bottom: 8px;\">(1) Stroj za odma\u0161\u0107ivanje<\/li>\n \t<li style=\"margin-bottom: 8px;\">(1) Stroj za su\u0161enje<\/li>\n \t<li style=\"margin-bottom: 8px;\">(1) Tunel za otparivanje<\/li>\n \t<li style=\"margin-bottom: 8px;\">(1) Industrijska konvekcijska pe\u0107<\/li>\n \t<li>(2) Pi\u0161tolj za elektrostatsko nano\u0161enje praha<\/li>\n<\/ul>\t\t\t\t\t\t\t\t<\/div>\n\t\t\t\t<\/div>\n\t\t\t\t<\/div>\n\t\t\t\t\t<\/div>\n\t\t\t\t<\/div>\n\t\t<div class=\"elementor-element elementor-element-8a77e64 e-flex e-con-boxed e-con e-parent\" data-id=\"8a77e64\" data-element_type=\"container\" data-e-type=\"container\" data-settings=\"{&quot;background_background&quot;:&quot;classic&quot;}\">\n\t\t\t\t\t<div class=\"e-con-inner\">\n\t\t\t\t<div class=\"elementor-element elementor-element-87928d9 elementor-widget elementor-widget-heading\" data-id=\"87928d9\" data-element_type=\"widget\" data-e-type=\"widget\" data-widget_type=\"heading.default\">\n\t\t\t\t<div class=\"elementor-widget-container\">\n\t\t\t\t\t<h2 class=\"elementor-heading-title elementor-size-default\">Kontaktirajte nas ako imate pitanja o na\u0161oj kompaniji, proizvodima ili mogu\u0107nostima \u0161tancanja po narud\u017ebi<\/h2>\t\t\t\t<\/div>\n\t\t\t\t<\/div>\n\t\t\t\t<div class=\"elementor-element elementor-element-be14236 elementor-widget elementor-widget-button\" data-id=\"be14236\" data-element_type=\"widget\" data-e-type=\"widget\" data-widget_type=\"button.default\">\n\t\t\t\t<div class=\"elementor-widget-container\">\n\t\t\t\t\t\t\t\t\t<div class=\"elementor-button-wrapper\">\n\t\t\t\t\t<a class=\"elementor-button elementor-button-link elementor-size-sm\" href=\"https:\/\/stancovani-dijelovi.com\/bs\/contact\/\">\n\t\t\t\t\t\t<span class=\"elementor-button-content-wrapper\">\n\t\t\t\t\t\t\t\t\t<span class=\"elementor-button-text\">Kontaktirajte nas<\/span>\n\t\t\t\t\t<\/span>\n\t\t\t\t\t<\/a>\n\t\t\t\t<\/div>\n\t\t\t\t\t\t\t\t<\/div>\n\t\t\t\t<\/div>\n\t\t\t\t\t<\/div>\n\t\t\t\t<\/div>\n\t\t\t\t<\/div>","protected":false},"excerpt":{"rendered":"<p>Manufacturing facility and equipment: 24 stamping presses and numerous machines for secondary operations Metal stamping presses Eccentric presses (5) Eccentric press &#8211; 4t (1) Eccentric press &#8211; 10t, 30t, 40t, 50t (3) Eccentric press &#8211; 63t (3) Eccentric press &#8211; 100t (2) Eccentric press &#8211; 125t (1) Eccentric press &#8211; 250t, 400t Hydraulic presses (2) [&hellip;]<\/p>\n","protected":false},"author":1,"featured_media":0,"parent":36,"menu_order":0,"comment_status":"closed","ping_status":"closed","template":"","meta":{"inline_featured_image":false,"site-sidebar-layout":"no-sidebar","site-content-layout":"page-builder","ast-site-content-layout":"default","site-content-style":"default","site-sidebar-style":"default","ast-global-header-display":"","ast-banner-title-visibility":"","ast-main-header-display":"","ast-hfb-above-header-display":"","ast-hfb-below-header-display":"","ast-hfb-mobile-header-display":"","site-post-title":"disabled","ast-breadcrumbs-content":"","ast-featured-img":"disabled","footer-sml-layout":"","ast-disable-related-posts":"","theme-transparent-header-meta":"","adv-header-id-meta":"","stick-header-meta":"","header-above-stick-meta":"","header-main-stick-meta":"","header-below-stick-meta":"","astra-migrate-meta-layouts":"default","ast-page-background-enabled":"default","ast-page-background-meta":{"desktop":{"background-color":"var(--ast-global-color-4)","background-image":"","background-repeat":"repeat","background-position":"center center","background-size":"auto","background-attachment":"scroll","background-type":"","background-media":"","overlay-type":"","overlay-color":"","overlay-opacity":"","overlay-gradient":""},"tablet":{"background-color":"","background-image":"","background-repeat":"repeat","background-position":"center center","background-size":"auto","background-attachment":"scroll","background-type":"","background-media":"","overlay-type":"","overlay-color":"","overlay-opacity":"","overlay-gradient":""},"mobile":{"background-color":"","background-image":"","background-repeat":"repeat","background-position":"center center","background-size":"auto","background-attachment":"scroll","background-type":"","background-media":"","overlay-type":"","overlay-color":"","overlay-opacity":"","overlay-gradient":""}},"ast-content-background-meta":{"desktop":{"background-color":"var(--ast-global-color-5)","background-image":"","background-repeat":"repeat","background-position":"center center","background-size":"auto","background-attachment":"scroll","background-type":"","background-media":"","overlay-type":"","overlay-color":"","overlay-opacity":"","overlay-gradient":""},"tablet":{"background-color":"var(--ast-global-color-5)","background-image":"","background-repeat":"repeat","background-position":"center center","background-size":"auto","background-attachment":"scroll","background-type":"","background-media":"","overlay-type":"","overlay-color":"","overlay-opacity":"","overlay-gradient":""},"mobile":{"background-color":"var(--ast-global-color-5)","background-image":"","background-repeat":"repeat","background-position":"center center","background-size":"auto","background-attachment":"scroll","background-type":"","background-media":"","overlay-type":"","overlay-color":"","overlay-opacity":"","overlay-gradient":""}},"footnotes":""},"class_list":["post-60","page","type-page","status-publish","hentry"],"_links":{"self":[{"href":"https:\/\/stancovani-dijelovi.com\/bs\/wp-json\/wp\/v2\/pages\/60","targetHints":{"allow":["GET"]}}],"collection":[{"href":"https:\/\/stancovani-dijelovi.com\/bs\/wp-json\/wp\/v2\/pages"}],"about":[{"href":"https:\/\/stancovani-dijelovi.com\/bs\/wp-json\/wp\/v2\/types\/page"}],"author":[{"embeddable":true,"href":"https:\/\/stancovani-dijelovi.com\/bs\/wp-json\/wp\/v2\/users\/1"}],"replies":[{"embeddable":true,"href":"https:\/\/stancovani-dijelovi.com\/bs\/wp-json\/wp\/v2\/comments?post=60"}],"version-history":[{"count":44,"href":"https:\/\/stancovani-dijelovi.com\/bs\/wp-json\/wp\/v2\/pages\/60\/revisions"}],"predecessor-version":[{"id":2707,"href":"https:\/\/stancovani-dijelovi.com\/bs\/wp-json\/wp\/v2\/pages\/60\/revisions\/2707"}],"up":[{"embeddable":true,"href":"https:\/\/stancovani-dijelovi.com\/bs\/wp-json\/wp\/v2\/pages\/36"}],"wp:attachment":[{"href":"https:\/\/stancovani-dijelovi.com\/bs\/wp-json\/wp\/v2\/media?parent=60"}],"curies":[{"name":"wp","href":"https:\/\/api.w.org\/{rel}","templated":true}]}}