{"id":56,"date":"2022-10-25T14:02:22","date_gmt":"2022-10-25T14:02:22","guid":{"rendered":"https:\/\/stancovani-dijelovi.com\/?page_id=56"},"modified":"2024-03-05T15:37:41","modified_gmt":"2024-03-05T15:37:41","slug":"secondary-operations","status":"publish","type":"page","link":"https:\/\/stancovani-dijelovi.com\/bs\/capabilities\/secondary-operations\/","title":{"rendered":"Sekundarne operacije"},"content":{"rendered":"<div data-elementor-type=\"wp-page\" data-elementor-id=\"56\" class=\"elementor elementor-56\">\n\t\t\t\t<div class=\"elementor-element elementor-element-da30b6d e-flex e-con-boxed e-con e-parent\" data-id=\"da30b6d\" data-element_type=\"container\" data-e-type=\"container\" data-settings=\"{&quot;background_background&quot;:&quot;classic&quot;}\">\n\t\t\t\t\t<div class=\"e-con-inner\">\n\t\t\t\t<div class=\"elementor-element elementor-element-df23cce elementor-widget elementor-widget-heading\" data-id=\"df23cce\" data-element_type=\"widget\" data-e-type=\"widget\" data-widget_type=\"heading.default\">\n\t\t\t\t<div class=\"elementor-widget-container\">\n\t\t\t\t\t<h1 class=\"elementor-heading-title elementor-size-default\">Interne sekundarne operacije: Klju\u010d visokokvalitetnog i isplativog \u0161tancanja metala<\/h1>\t\t\t\t<\/div>\n\t\t\t\t<\/div>\n\t\t\t\t\t<\/div>\n\t\t\t\t<\/div>\n\t\t<div class=\"elementor-element elementor-element-1c836324 e-flex e-con-boxed e-con e-parent\" data-id=\"1c836324\" data-element_type=\"container\" data-e-type=\"container\">\n\t\t\t\t\t<div class=\"e-con-inner\">\n\t\t\t\t<div class=\"elementor-element elementor-element-544c3a84 elementor-widget__width-inherit elementor-widget elementor-widget-image\" data-id=\"544c3a84\" data-element_type=\"widget\" data-e-type=\"widget\" data-widget_type=\"image.default\">\n\t\t\t\t<div class=\"elementor-widget-container\">\n\t\t\t\t\t\t\t\t\t\t\t\t\t\t\t<img fetchpriority=\"high\" decoding=\"async\" width=\"700\" height=\"466\" src=\"https:\/\/stancovani-dijelovi.com\/wp-content\/uploads\/2023\/03\/Welding.jpg\" class=\"attachment-full size-full wp-image-2307\" alt=\"Resistance welding\" srcset=\"https:\/\/stancovani-dijelovi.com\/wp-content\/uploads\/2023\/03\/Welding.jpg 700w, https:\/\/stancovani-dijelovi.com\/wp-content\/uploads\/2023\/03\/Welding-300x200.jpg 300w, https:\/\/stancovani-dijelovi.com\/wp-content\/uploads\/2023\/03\/Welding-18x12.jpg 18w\" sizes=\"(max-width: 700px) 100vw, 700px\" \/>\t\t\t\t\t\t\t\t\t\t\t\t\t\t\t<\/div>\n\t\t\t\t<\/div>\n\t\t\t\t<div class=\"elementor-element elementor-element-6e840348 elementor-widget__width-inherit elementor-widget-mobile__width-inherit elementor-widget elementor-widget-text-editor\" data-id=\"6e840348\" data-element_type=\"widget\" data-e-type=\"widget\" data-widget_type=\"text-editor.default\">\n\t\t\t\t<div class=\"elementor-widget-container\">\n\t\t\t\t\t\t\t\t\t<h2 style=\"margin-bottom: 16px;\">Elektrootporno zavarivanje<\/h2>\n<p style=\"margin-bottom: 24px;\">Elektrootporno zavarivanje je isplativa i u\u010dinkovita metoda za spajanje razli\u010ditih metala kao \u0161to su \u010delik, aluminij, mesing i bakar. Ova metoda stvara \u010dvrste i pouzdane zavarene spojeve, osiguravaju\u0107i trajnost i dugovje\u010dnost gotovih proizvoda. Tako\u0111er, nudi brzo i precizno zavarivanje, smanjuje vrijeme i tro\u0161kove proizvodnje, te odr\u017eava kvalitetu proizvoda.<\/p>\n\n<h3 style=\"margin-bottom: 16px;\">Na\u0161e tehnike elektrootpornog zavarivanja<\/h3>\n<ul style=\"margin-left: 20px; margin-bottom: 0px;\">\n \t<li style=\"margin-bottom: 8px;\">Ta\u010dkasto zavarivanje<\/li>\n \t<li>Linijsko \/ \u0161avno zavarivanje<\/li>\n<\/ul>\t\t\t\t\t\t\t\t<\/div>\n\t\t\t\t<\/div>\n\t\t\t\t\t<\/div>\n\t\t\t\t<\/div>\n\t\t<div class=\"elementor-element elementor-element-520ace7d e-flex e-con-boxed e-con e-parent\" data-id=\"520ace7d\" data-element_type=\"container\" data-e-type=\"container\">\n\t\t\t\t\t<div class=\"e-con-inner\">\n\t\t\t\t<div class=\"elementor-element elementor-element-28e63785 elementor-widget__width-inherit elementor-widget elementor-widget-image\" data-id=\"28e63785\" data-element_type=\"widget\" data-e-type=\"widget\" data-widget_type=\"image.default\">\n\t\t\t\t<div class=\"elementor-widget-container\">\n\t\t\t\t\t\t\t\t\t\t\t\t\t\t\t<img decoding=\"async\" width=\"701\" height=\"466\" src=\"https:\/\/stancovani-dijelovi.com\/wp-content\/uploads\/2023\/03\/Heat-treating.jpg\" class=\"attachment-full size-full wp-image-2308\" alt=\"Heat treating\" srcset=\"https:\/\/stancovani-dijelovi.com\/wp-content\/uploads\/2023\/03\/Heat-treating.jpg 701w, https:\/\/stancovani-dijelovi.com\/wp-content\/uploads\/2023\/03\/Heat-treating-300x199.jpg 300w, https:\/\/stancovani-dijelovi.com\/wp-content\/uploads\/2023\/03\/Heat-treating-18x12.jpg 18w\" sizes=\"(max-width: 701px) 100vw, 701px\" \/>\t\t\t\t\t\t\t\t\t\t\t\t\t\t\t<\/div>\n\t\t\t\t<\/div>\n\t\t\t\t<div class=\"elementor-element elementor-element-48dcc013 elementor-widget__width-inherit elementor-widget-mobile__width-inherit elementor-widget elementor-widget-text-editor\" data-id=\"48dcc013\" data-element_type=\"widget\" data-e-type=\"widget\" data-widget_type=\"text-editor.default\">\n\t\t\t\t<div class=\"elementor-widget-container\">\n\t\t\t\t\t\t\t\t\t<h2 style=\"margin-bottom: 16px;\">Termi\u010dka obrada<\/h2>\n<p style=\"margin-bottom: 24px;\">Termi\u010dka obrada je precizan i slo\u017een proces \u010di\u0161\u0107enja, zagrijavanja i hla\u0111enja u kontrolisanoj atmosferi kako bi se promijenila mikrostruktura materijala i optimizovale njegove fizi\u010dke i mehani\u010dke karakteristike potrebne da gotovi proizvod radi kako je navedeno.<\/p>\n\n<h3 style=\"margin-bottom: 16px;\">Na\u0161e tehnike termi\u010dke obrade<\/h3>\n<ul style=\"margin-left: 20px; margin-bottom: 0px;\">\n \t<li style=\"margin-bottom: 8px;\">Kaljenje<\/li>\n \t<li style=\"margin-bottom: 8px;\">\u017darenje<\/li>\n \t<li style=\"margin-bottom: 8px;\">Cementacija<\/li>\n \t<li>Karbonitriranje<\/li>\n<\/ul>\t\t\t\t\t\t\t\t<\/div>\n\t\t\t\t<\/div>\n\t\t\t\t\t<\/div>\n\t\t\t\t<\/div>\n\t\t<div class=\"elementor-element elementor-element-50086151 e-flex e-con-boxed e-con e-parent\" data-id=\"50086151\" data-element_type=\"container\" data-e-type=\"container\">\n\t\t\t\t\t<div class=\"e-con-inner\">\n\t\t\t\t<div class=\"elementor-element elementor-element-5cfb87c1 elementor-widget__width-inherit elementor-widget elementor-widget-image\" data-id=\"5cfb87c1\" data-element_type=\"widget\" data-e-type=\"widget\" data-widget_type=\"image.default\">\n\t\t\t\t<div class=\"elementor-widget-container\">\n\t\t\t\t\t\t\t\t\t\t\t\t\t\t\t<img decoding=\"async\" width=\"700\" height=\"466\" src=\"https:\/\/stancovani-dijelovi.com\/wp-content\/uploads\/2023\/03\/Metal-machining.jpg\" class=\"attachment-full size-full wp-image-2309\" alt=\"Metal machining\" srcset=\"https:\/\/stancovani-dijelovi.com\/wp-content\/uploads\/2023\/03\/Metal-machining.jpg 700w, https:\/\/stancovani-dijelovi.com\/wp-content\/uploads\/2023\/03\/Metal-machining-300x200.jpg 300w, https:\/\/stancovani-dijelovi.com\/wp-content\/uploads\/2023\/03\/Metal-machining-18x12.jpg 18w\" sizes=\"(max-width: 700px) 100vw, 700px\" \/>\t\t\t\t\t\t\t\t\t\t\t\t\t\t\t<\/div>\n\t\t\t\t<\/div>\n\t\t\t\t<div class=\"elementor-element elementor-element-502edcb2 elementor-widget__width-inherit elementor-widget-mobile__width-inherit elementor-widget elementor-widget-text-editor\" data-id=\"502edcb2\" data-element_type=\"widget\" data-e-type=\"widget\" data-widget_type=\"text-editor.default\">\n\t\t\t\t<div class=\"elementor-widget-container\">\n\t\t\t\t\t\t\t\t\t<h2 style=\"margin-bottom: 16px;\">Strojna obrada metala<\/h2>\n<p style=\"margin-bottom: 24px;\">Strojna obrada metala je klju\u010dni proces u \u0161tancanju metala koji uklju\u010duje pa\u017eljivo uklanjanje vi\u0161ka materijala s radnog komada kako bi se postigli \u017eeljeni oblik i veli\u010dina u skladu sa specifikacijama proizvoda.<\/p>\n\n<h3 style=\"margin-bottom: 16px;\">Na\u0161e tehnike strojne obrade<\/h3>\n<ul style=\"margin-left: 20px; margin-bottom: 0px;\">\n \t<li style=\"margin-bottom: 8px;\">Tokarenje<\/li>\n \t<li style=\"margin-bottom: 8px;\">Glodanje<\/li>\n \t<li>Bu\u0161enje<\/li>\n<\/ul>\t\t\t\t\t\t\t\t<\/div>\n\t\t\t\t<\/div>\n\t\t\t\t\t<\/div>\n\t\t\t\t<\/div>\n\t\t<div class=\"elementor-element elementor-element-2839d840 e-flex e-con-boxed e-con e-parent\" data-id=\"2839d840\" data-element_type=\"container\" data-e-type=\"container\">\n\t\t\t\t\t<div class=\"e-con-inner\">\n\t\t\t\t<div class=\"elementor-element elementor-element-1f6d3a5c elementor-widget__width-inherit elementor-widget elementor-widget-image\" data-id=\"1f6d3a5c\" data-element_type=\"widget\" data-e-type=\"widget\" data-widget_type=\"image.default\">\n\t\t\t\t<div class=\"elementor-widget-container\">\n\t\t\t\t\t\t\t\t\t\t\t\t\t\t\t<img loading=\"lazy\" decoding=\"async\" width=\"700\" height=\"466\" src=\"https:\/\/stancovani-dijelovi.com\/wp-content\/uploads\/2023\/03\/Surface-finishing.jpg\" class=\"attachment-full size-full wp-image-2310\" alt=\"Surface finishing\" srcset=\"https:\/\/stancovani-dijelovi.com\/wp-content\/uploads\/2023\/03\/Surface-finishing.jpg 700w, https:\/\/stancovani-dijelovi.com\/wp-content\/uploads\/2023\/03\/Surface-finishing-300x200.jpg 300w, https:\/\/stancovani-dijelovi.com\/wp-content\/uploads\/2023\/03\/Surface-finishing-18x12.jpg 18w\" sizes=\"(max-width: 700px) 100vw, 700px\" \/>\t\t\t\t\t\t\t\t\t\t\t\t\t\t\t<\/div>\n\t\t\t\t<\/div>\n\t\t\t\t<div class=\"elementor-element elementor-element-39d94494 elementor-widget__width-inherit elementor-widget-mobile__width-inherit elementor-widget elementor-widget-text-editor\" data-id=\"39d94494\" data-element_type=\"widget\" data-e-type=\"widget\" data-widget_type=\"text-editor.default\">\n\t\t\t\t<div class=\"elementor-widget-container\">\n\t\t\t\t\t\t\t\t\t<h2 style=\"margin-bottom: 16px;\">Zavr\u0161na obrada povr\u0161ine<\/h2>\n<p style=\"margin-bottom: 24px;\">Zavr\u0161na obrada metalne povr\u0161ine pobolj\u0161ava teksturu povr\u0161ine i ta\u010dnost dimenzija i oblika, omogu\u0107uju\u0107i nam postizanje vrlo uskih tolerancija i isporuku proizvoda proizvedenih prema ta\u010dnim specifikacijama.<\/p>\n\n<h3 style=\"margin-bottom: 16px;\">Na\u0161e tehnike zavr\u0161ne obrade<\/h3>\n<ul style=\"margin-left: 20px; margin-bottom: 0px;\">\n \t<li style=\"margin-bottom: 8px;\">Bru\u0161enje<\/li>\n \t<li style=\"margin-bottom: 8px;\">Poliranje<\/li>\n \t<li style=\"margin-bottom: 8px;\">Vibro poliranje<\/li>\n \t<li>Odma\u0161\u0107ivanje i \u010di\u0161\u0107enje<\/li>\n<\/ul>\t\t\t\t\t\t\t\t<\/div>\n\t\t\t\t<\/div>\n\t\t\t\t\t<\/div>\n\t\t\t\t<\/div>\n\t\t<div class=\"elementor-element elementor-element-57fd2fb3 e-flex e-con-boxed e-con e-parent\" data-id=\"57fd2fb3\" data-element_type=\"container\" data-e-type=\"container\">\n\t\t\t\t\t<div class=\"e-con-inner\">\n\t\t\t\t<div class=\"elementor-element elementor-element-e4b4375 elementor-widget__width-inherit elementor-widget elementor-widget-image\" data-id=\"e4b4375\" data-element_type=\"widget\" data-e-type=\"widget\" data-widget_type=\"image.default\">\n\t\t\t\t<div class=\"elementor-widget-container\">\n\t\t\t\t\t\t\t\t\t\t\t\t\t\t\t<img loading=\"lazy\" decoding=\"async\" width=\"701\" height=\"466\" src=\"https:\/\/stancovani-dijelovi.com\/wp-content\/uploads\/2023\/03\/Surface-protection.jpg\" class=\"attachment-full size-full wp-image-2311\" alt=\"Surface protection\" srcset=\"https:\/\/stancovani-dijelovi.com\/wp-content\/uploads\/2023\/03\/Surface-protection.jpg 701w, https:\/\/stancovani-dijelovi.com\/wp-content\/uploads\/2023\/03\/Surface-protection-300x199.jpg 300w, https:\/\/stancovani-dijelovi.com\/wp-content\/uploads\/2023\/03\/Surface-protection-18x12.jpg 18w\" sizes=\"(max-width: 701px) 100vw, 701px\" \/>\t\t\t\t\t\t\t\t\t\t\t\t\t\t\t<\/div>\n\t\t\t\t<\/div>\n\t\t\t\t<div class=\"elementor-element elementor-element-665fce09 elementor-widget__width-inherit elementor-widget-mobile__width-inherit elementor-widget elementor-widget-text-editor\" data-id=\"665fce09\" data-element_type=\"widget\" data-e-type=\"widget\" data-widget_type=\"text-editor.default\">\n\t\t\t\t<div class=\"elementor-widget-container\">\n\t\t\t\t\t\t\t\t\t<h2 style=\"margin-bottom: 16px;\">Za\u0161tita povr\u0161ine<\/h2>\n<p style=\"margin-bottom: 24px;\">Za\u0161tita povr\u0161ine nano\u0161enjem premaza pobolj\u0161ava kvalitetu i performanse gotovog proizvoda. Povr\u0161inski premaz pove\u0107ava otpornost proizvoda na mehani\u010dke, hemijske i atmosferske uticaje, produ\u017euju\u0107i njegov vijek trajanja. Tako\u0111er, proizvode \u010dini estetski privla\u010dnijim.<\/p>\n\n<h3 style=\"margin-bottom: 16px;\">Na\u0161e tehnike premazivanja<\/h3>\n<ul style=\"margin-left: 20px; margin-bottom: 0px;\">\n \t<li style=\"margin-bottom: 8px;\">Elektrostatsko lakiranje prahom<\/li>\n \t<li>Lakiranje mokrim postupkom<\/li>\n<\/ul>\t\t\t\t\t\t\t\t<\/div>\n\t\t\t\t<\/div>\n\t\t\t\t\t<\/div>\n\t\t\t\t<\/div>\n\t\t<div class=\"elementor-element elementor-element-20d884b9 e-flex e-con-boxed e-con e-parent\" data-id=\"20d884b9\" data-element_type=\"container\" data-e-type=\"container\" data-settings=\"{&quot;background_background&quot;:&quot;classic&quot;}\">\n\t\t\t\t\t<div class=\"e-con-inner\">\n\t\t\t\t<div class=\"elementor-element elementor-element-148ad0e4 elementor-widget elementor-widget-heading\" data-id=\"148ad0e4\" data-element_type=\"widget\" data-e-type=\"widget\" data-widget_type=\"heading.default\">\n\t\t\t\t<div class=\"elementor-widget-container\">\n\t\t\t\t\t<h2 class=\"elementor-heading-title elementor-size-default\">Kontaktirajte nas ako imate pitanja o na\u0161oj kompaniji, proizvodima ili mogu\u0107nostima \u0161tancanja po narud\u017ebi<\/h2>\t\t\t\t<\/div>\n\t\t\t\t<\/div>\n\t\t\t\t<div class=\"elementor-element elementor-element-5ee4a20e elementor-widget elementor-widget-button\" data-id=\"5ee4a20e\" data-element_type=\"widget\" data-e-type=\"widget\" data-widget_type=\"button.default\">\n\t\t\t\t<div class=\"elementor-widget-container\">\n\t\t\t\t\t\t\t\t\t<div class=\"elementor-button-wrapper\">\n\t\t\t\t\t<a class=\"elementor-button elementor-button-link elementor-size-sm\" href=\"https:\/\/stancovani-dijelovi.com\/bs\/contact\/\">\n\t\t\t\t\t\t<span class=\"elementor-button-content-wrapper\">\n\t\t\t\t\t\t\t\t\t<span class=\"elementor-button-text\">Kontaktirajte nas<\/span>\n\t\t\t\t\t<\/span>\n\t\t\t\t\t<\/a>\n\t\t\t\t<\/div>\n\t\t\t\t\t\t\t\t<\/div>\n\t\t\t\t<\/div>\n\t\t\t\t\t<\/div>\n\t\t\t\t<\/div>\n\t\t\t\t<\/div>","protected":false},"excerpt":{"rendered":"<p>In-house secondary operations: The key to high-quality and cost-effective metal stamping Resistance welding Resistance welding is a cost-effective and efficient method for joining various metals such as steel, aluminum, brass, and copper. This method creates solid and reliable welds, ensuring the durability and longevity of the final products. Also, it offers fast and precise welding, [&hellip;]<\/p>\n","protected":false},"author":1,"featured_media":0,"parent":36,"menu_order":0,"comment_status":"closed","ping_status":"closed","template":"","meta":{"inline_featured_image":false,"site-sidebar-layout":"no-sidebar","site-content-layout":"page-builder","ast-site-content-layout":"default","site-content-style":"default","site-sidebar-style":"default","ast-global-header-display":"","ast-banner-title-visibility":"","ast-main-header-display":"","ast-hfb-above-header-display":"","ast-hfb-below-header-display":"","ast-hfb-mobile-header-display":"","site-post-title":"disabled","ast-breadcrumbs-content":"","ast-featured-img":"disabled","footer-sml-layout":"","ast-disable-related-posts":"","theme-transparent-header-meta":"","adv-header-id-meta":"","stick-header-meta":"","header-above-stick-meta":"","header-main-stick-meta":"","header-below-stick-meta":"","astra-migrate-meta-layouts":"default","ast-page-background-enabled":"default","ast-page-background-meta":{"desktop":{"background-color":"var(--ast-global-color-4)","background-image":"","background-repeat":"repeat","background-position":"center center","background-size":"auto","background-attachment":"scroll","background-type":"","background-media":"","overlay-type":"","overlay-color":"","overlay-opacity":"","overlay-gradient":""},"tablet":{"background-color":"","background-image":"","background-repeat":"repeat","background-position":"center center","background-size":"auto","background-attachment":"scroll","background-type":"","background-media":"","overlay-type":"","overlay-color":"","overlay-opacity":"","overlay-gradient":""},"mobile":{"background-color":"","background-image":"","background-repeat":"repeat","background-position":"center center","background-size":"auto","background-attachment":"scroll","background-type":"","background-media":"","overlay-type":"","overlay-color":"","overlay-opacity":"","overlay-gradient":""}},"ast-content-background-meta":{"desktop":{"background-color":"var(--ast-global-color-5)","background-image":"","background-repeat":"repeat","background-position":"center center","background-size":"auto","background-attachment":"scroll","background-type":"","background-media":"","overlay-type":"","overlay-color":"","overlay-opacity":"","overlay-gradient":""},"tablet":{"background-color":"var(--ast-global-color-5)","background-image":"","background-repeat":"repeat","background-position":"center center","background-size":"auto","background-attachment":"scroll","background-type":"","background-media":"","overlay-type":"","overlay-color":"","overlay-opacity":"","overlay-gradient":""},"mobile":{"background-color":"var(--ast-global-color-5)","background-image":"","background-repeat":"repeat","background-position":"center center","background-size":"auto","background-attachment":"scroll","background-type":"","background-media":"","overlay-type":"","overlay-color":"","overlay-opacity":"","overlay-gradient":""}},"footnotes":""},"class_list":["post-56","page","type-page","status-publish","hentry"],"_links":{"self":[{"href":"https:\/\/stancovani-dijelovi.com\/bs\/wp-json\/wp\/v2\/pages\/56","targetHints":{"allow":["GET"]}}],"collection":[{"href":"https:\/\/stancovani-dijelovi.com\/bs\/wp-json\/wp\/v2\/pages"}],"about":[{"href":"https:\/\/stancovani-dijelovi.com\/bs\/wp-json\/wp\/v2\/types\/page"}],"author":[{"embeddable":true,"href":"https:\/\/stancovani-dijelovi.com\/bs\/wp-json\/wp\/v2\/users\/1"}],"replies":[{"embeddable":true,"href":"https:\/\/stancovani-dijelovi.com\/bs\/wp-json\/wp\/v2\/comments?post=56"}],"version-history":[{"count":58,"href":"https:\/\/stancovani-dijelovi.com\/bs\/wp-json\/wp\/v2\/pages\/56\/revisions"}],"predecessor-version":[{"id":2701,"href":"https:\/\/stancovani-dijelovi.com\/bs\/wp-json\/wp\/v2\/pages\/56\/revisions\/2701"}],"up":[{"embeddable":true,"href":"https:\/\/stancovani-dijelovi.com\/bs\/wp-json\/wp\/v2\/pages\/36"}],"wp:attachment":[{"href":"https:\/\/stancovani-dijelovi.com\/bs\/wp-json\/wp\/v2\/media?parent=56"}],"curies":[{"name":"wp","href":"https:\/\/api.w.org\/{rel}","templated":true}]}}