{"id":455,"date":"2022-10-26T10:49:08","date_gmt":"2022-10-26T10:49:08","guid":{"rendered":"https:\/\/stancovani-dijelovi.com\/?page_id=455"},"modified":"2024-03-05T16:48:02","modified_gmt":"2024-03-05T16:48:02","slug":"air-conditioner-brackets","status":"publish","type":"page","link":"https:\/\/stancovani-dijelovi.com\/bs\/b2b-products\/air-conditioner-brackets\/","title":{"rendered":"Nosa\u010di klima ure\u0111aja"},"content":{"rendered":"<div data-elementor-type=\"wp-page\" data-elementor-id=\"455\" class=\"elementor elementor-455\">\n\t\t\t\t<div class=\"elementor-element elementor-element-67417dbc e-flex e-con-boxed e-con e-parent\" data-id=\"67417dbc\" data-element_type=\"container\" data-e-type=\"container\">\n\t\t\t\t\t<div class=\"e-con-inner\">\n\t\t<div class=\"elementor-element elementor-element-30181483 e-con-full e-flex e-con e-parent\" data-id=\"30181483\" data-element_type=\"container\" data-e-type=\"container\">\n\t\t\t\t<div class=\"elementor-element elementor-element-70f09a60 elementor-widget elementor-widget-heading\" data-id=\"70f09a60\" data-element_type=\"widget\" data-e-type=\"widget\" data-widget_type=\"heading.default\">\n\t\t\t\t<div class=\"elementor-widget-container\">\n\t\t\t\t\t<h2 class=\"elementor-heading-title elementor-size-default\">Nosa\u010di klima ure\u0111aja<\/h2>\t\t\t\t<\/div>\n\t\t\t\t<\/div>\n\t\t\t\t<div class=\"elementor-element elementor-element-50b675f5 elementor-widget elementor-widget-text-editor\" data-id=\"50b675f5\" data-element_type=\"widget\" data-e-type=\"widget\" data-widget_type=\"text-editor.default\">\n\t\t\t\t<div class=\"elementor-widget-container\">\n\t\t\t\t\t\t\t\t\t<ul style=\"margin-left: 20px; margin-bottom: 0px;\">\n \t<li style=\"margin-bottom: 16px;\">Univerzalni nosa\u010di za vanjsku jedinicu klima ure\u0111aja.<\/li>\n \t<li style=\"margin-bottom: 16px;\">Dostupna su dva modela A\/C potpornih nosa\u010da (L430 i L500).<\/li>\n \t<li style=\"margin-bottom: 16px;\">Podr\u017eavaju ve\u0107inu vanjskih jedinica (12000 BTU, 18000 BTU, 24000 BTU).<\/li>\n \t<li style=\"margin-bottom: 16px;\">Izra\u0111eni od \u010dvrstog \u010delika sa zavarenim spojevima za dodatnu izdr\u017eljivost.<\/li>\n \t<li style=\"margin-bottom: 16px;\">Galvansko cin\u010danje nosa\u010da vr\u0161i se na zahtjev kupca.<\/li>\n \t<li style=\"margin-bottom: 16px;\">Pocin\u010dani nosa\u010di se plastificiraju na zahtjev kupca.<\/li>\n \t<li>Standardna boja nosa\u010da je RAL 7032, uz mogu\u0107nost narud\u017ebe druge boje iz RAL ton karte.<\/li>\n<\/ul>\t\t\t\t\t\t\t\t<\/div>\n\t\t\t\t<\/div>\n\t\t\t\t<div class=\"elementor-element elementor-element-1d7dad79 elementor-widget elementor-widget-button\" data-id=\"1d7dad79\" data-element_type=\"widget\" data-e-type=\"widget\" data-widget_type=\"button.default\">\n\t\t\t\t<div class=\"elementor-widget-container\">\n\t\t\t\t\t\t\t\t\t<div class=\"elementor-button-wrapper\">\n\t\t\t\t\t<a class=\"elementor-button elementor-button-link elementor-size-sm\" href=\"https:\/\/stancovani-dijelovi.com\/bs\/contact\/\">\n\t\t\t\t\t\t<span class=\"elementor-button-content-wrapper\">\n\t\t\t\t\t\t\t\t\t<span class=\"elementor-button-text\">Po\u0161aljite upit<\/span>\n\t\t\t\t\t<\/span>\n\t\t\t\t\t<\/a>\n\t\t\t\t<\/div>\n\t\t\t\t\t\t\t\t<\/div>\n\t\t\t\t<\/div>\n\t\t\t\t<\/div>\n\t\t\t\t<div class=\"elementor-element elementor-element-2ac59868 elementor-arrows-position-outside elementor-widget__width-inherit elementor-pagination-position-outside elementor-widget elementor-widget-image-carousel\" data-id=\"2ac59868\" data-element_type=\"widget\" data-e-type=\"widget\" data-settings=\"{&quot;slides_to_show&quot;:&quot;1&quot;,&quot;autoplay&quot;:&quot;no&quot;,&quot;navigation&quot;:&quot;both&quot;,&quot;infinite&quot;:&quot;yes&quot;,&quot;effect&quot;:&quot;slide&quot;,&quot;speed&quot;:500}\" data-widget_type=\"image-carousel.default\">\n\t\t\t\t<div class=\"elementor-widget-container\">\n\t\t\t\t\t\t\t<div class=\"elementor-image-carousel-wrapper swiper\" role=\"region\" aria-roledescription=\"carousel\" aria-label=\"Image Carousel\" dir=\"ltr\">\n\t\t\t<div class=\"elementor-image-carousel swiper-wrapper\" aria-live=\"polite\">\n\t\t\t\t\t\t\t\t<div class=\"swiper-slide\" role=\"group\" aria-roledescription=\"slide\" aria-label=\"1 of 5\"><a data-elementor-open-lightbox=\"yes\" data-elementor-lightbox-slideshow=\"2ac59868\" data-elementor-lightbox-title=\"Air conditioner brackets (L430)\" data-e-action-hash=\"#elementor-action%3Aaction%3Dlightbox%26settings%3DeyJpZCI6MjQ5NywidXJsIjoiaHR0cHM6XC9cL3N0YW5jb3ZhbmktZGlqZWxvdmkuY29tXC93cC1jb250ZW50XC91cGxvYWRzXC8yMDIzXC8wM1wvQWlyLWNvbmRpdGlvbmVyLWJyYWNrZXRzLTEuanBnIiwic2xpZGVzaG93IjoiMmFjNTk4NjgifQ%3D%3D\" href=\"https:\/\/stancovani-dijelovi.com\/wp-content\/uploads\/2023\/03\/Air-conditioner-brackets-1.jpg\"><figure class=\"swiper-slide-inner\"><img decoding=\"async\" class=\"swiper-slide-image\" src=\"https:\/\/stancovani-dijelovi.com\/wp-content\/uploads\/2023\/03\/Air-conditioner-brackets-1.jpg\" alt=\"Air conditioner brackets\" \/><\/figure><\/a><\/div><div class=\"swiper-slide\" role=\"group\" aria-roledescription=\"slide\" aria-label=\"2 of 5\"><a data-elementor-open-lightbox=\"yes\" data-elementor-lightbox-slideshow=\"2ac59868\" data-elementor-lightbox-title=\"Air conditioner brackets (L500)\" data-e-action-hash=\"#elementor-action%3Aaction%3Dlightbox%26settings%3DeyJpZCI6MjQ5OCwidXJsIjoiaHR0cHM6XC9cL3N0YW5jb3ZhbmktZGlqZWxvdmkuY29tXC93cC1jb250ZW50XC91cGxvYWRzXC8yMDIzXC8wM1wvQWlyLWNvbmRpdGlvbmVyLWJyYWNrZXRzLTIuanBnIiwic2xpZGVzaG93IjoiMmFjNTk4NjgifQ%3D%3D\" href=\"https:\/\/stancovani-dijelovi.com\/wp-content\/uploads\/2023\/03\/Air-conditioner-brackets-2.jpg\"><figure class=\"swiper-slide-inner\"><img decoding=\"async\" class=\"swiper-slide-image\" src=\"https:\/\/stancovani-dijelovi.com\/wp-content\/uploads\/2023\/03\/Air-conditioner-brackets-2.jpg\" alt=\"Air conditioner brackets\" \/><\/figure><\/a><\/div><div class=\"swiper-slide\" role=\"group\" aria-roledescription=\"slide\" aria-label=\"3 of 5\"><a data-elementor-open-lightbox=\"yes\" data-elementor-lightbox-slideshow=\"2ac59868\" data-elementor-lightbox-title=\"Air conditioner brackets (L430 and L500)\" data-e-action-hash=\"#elementor-action%3Aaction%3Dlightbox%26settings%3DeyJpZCI6MjQ5OSwidXJsIjoiaHR0cHM6XC9cL3N0YW5jb3ZhbmktZGlqZWxvdmkuY29tXC93cC1jb250ZW50XC91cGxvYWRzXC8yMDIzXC8wM1wvQWlyLWNvbmRpdGlvbmVyLWJyYWNrZXRzLTMuanBnIiwic2xpZGVzaG93IjoiMmFjNTk4NjgifQ%3D%3D\" href=\"https:\/\/stancovani-dijelovi.com\/wp-content\/uploads\/2023\/03\/Air-conditioner-brackets-3.jpg\"><figure class=\"swiper-slide-inner\"><img decoding=\"async\" class=\"swiper-slide-image\" src=\"https:\/\/stancovani-dijelovi.com\/wp-content\/uploads\/2023\/03\/Air-conditioner-brackets-3.jpg\" alt=\"Air conditioner brackets\" \/><\/figure><\/a><\/div><div class=\"swiper-slide\" role=\"group\" aria-roledescription=\"slide\" aria-label=\"4 of 5\"><a data-elementor-open-lightbox=\"yes\" data-elementor-lightbox-slideshow=\"2ac59868\" data-elementor-lightbox-title=\"Technical drawing (L430)\" data-e-action-hash=\"#elementor-action%3Aaction%3Dlightbox%26settings%3DeyJpZCI6MjUwMSwidXJsIjoiaHR0cHM6XC9cL3N0YW5jb3ZhbmktZGlqZWxvdmkuY29tXC93cC1jb250ZW50XC91cGxvYWRzXC8yMDIzXC8wM1wvQWlyLWNvbmRpdGlvbmVyLWJyYWNrZXRzLTUuanBnIiwic2xpZGVzaG93IjoiMmFjNTk4NjgifQ%3D%3D\" href=\"https:\/\/stancovani-dijelovi.com\/wp-content\/uploads\/2023\/03\/Air-conditioner-brackets-5.jpg\"><figure class=\"swiper-slide-inner\"><img decoding=\"async\" class=\"swiper-slide-image\" src=\"https:\/\/stancovani-dijelovi.com\/wp-content\/uploads\/2023\/03\/Air-conditioner-brackets-5.jpg\" alt=\"Air conditioner brackets\" \/><\/figure><\/a><\/div><div class=\"swiper-slide\" role=\"group\" aria-roledescription=\"slide\" aria-label=\"5 of 5\"><a data-elementor-open-lightbox=\"yes\" data-elementor-lightbox-slideshow=\"2ac59868\" data-elementor-lightbox-title=\"Technical drawing (L500)\" data-e-action-hash=\"#elementor-action%3Aaction%3Dlightbox%26settings%3DeyJpZCI6MjUwMCwidXJsIjoiaHR0cHM6XC9cL3N0YW5jb3ZhbmktZGlqZWxvdmkuY29tXC93cC1jb250ZW50XC91cGxvYWRzXC8yMDIzXC8wM1wvQWlyLWNvbmRpdGlvbmVyLWJyYWNrZXRzLTQuanBnIiwic2xpZGVzaG93IjoiMmFjNTk4NjgifQ%3D%3D\" href=\"https:\/\/stancovani-dijelovi.com\/wp-content\/uploads\/2023\/03\/Air-conditioner-brackets-4.jpg\"><figure class=\"swiper-slide-inner\"><img decoding=\"async\" class=\"swiper-slide-image\" src=\"https:\/\/stancovani-dijelovi.com\/wp-content\/uploads\/2023\/03\/Air-conditioner-brackets-4.jpg\" alt=\"Air conditioner brackets\" \/><\/figure><\/a><\/div>\t\t\t<\/div>\n\t\t\t\t\t\t\t\t\t\t\t\t<div class=\"elementor-swiper-button elementor-swiper-button-prev\" role=\"button\" tabindex=\"0\">\n\t\t\t\t\t\t<i aria-hidden=\"true\" class=\"eicon-chevron-left\"><\/i>\t\t\t\t\t<\/div>\n\t\t\t\t\t<div class=\"elementor-swiper-button elementor-swiper-button-next\" role=\"button\" tabindex=\"0\">\n\t\t\t\t\t\t<i aria-hidden=\"true\" class=\"eicon-chevron-right\"><\/i>\t\t\t\t\t<\/div>\n\t\t\t\t\n\t\t\t\t\t\t\t\t\t<div class=\"swiper-pagination\"><\/div>\n\t\t\t\t\t\t\t\t\t<\/div>\n\t\t\t\t\t\t<\/div>\n\t\t\t\t<\/div>\n\t\t\t\t\t<\/div>\n\t\t\t\t<\/div>\n\t\t<div class=\"elementor-element elementor-element-14f7c374 e-flex e-con-boxed e-con e-parent\" data-id=\"14f7c374\" data-element_type=\"container\" data-e-type=\"container\">\n\t\t\t\t\t<div class=\"e-con-inner\">\n\t\t\t\t<div class=\"elementor-element elementor-element-4429928b elementor-widget elementor-widget-heading\" data-id=\"4429928b\" data-element_type=\"widget\" data-e-type=\"widget\" data-widget_type=\"heading.default\">\n\t\t\t\t<div class=\"elementor-widget-container\">\n\t\t\t\t\t<h3 class=\"elementor-heading-title elementor-size-default\">Specifikacije<\/h3>\t\t\t\t<\/div>\n\t\t\t\t<\/div>\n\t\t\t\t<div class=\"elementor-element elementor-element-6d72e4dd elementor-widget__width-inherit elementor-widget elementor-widget-text-editor\" data-id=\"6d72e4dd\" data-element_type=\"widget\" data-e-type=\"widget\" data-widget_type=\"text-editor.default\">\n\t\t\t\t<div class=\"elementor-widget-container\">\n\t\t\t\t\t\t\t\t\t<table>\n<tbody>\n<tr>\n<th style=\"width: 33%;\">Model:<\/th>\n<th>L430<\/th>\n<th>L500<\/th>\n<\/tr>\n<tr>\n<th>Dimenzije (V x D):<\/th>\n<td>380 x 430 mm<\/td>\n<td>380 x 500 mm<\/td>\n<\/tr>\n<tr>\n<th>Nosivost:<\/th>\n<td>Do 75 kg<\/td>\n<td>Do 135 kg<\/td>\n<\/tr>\n<tr>\n<th>Materijal:<\/th>\n<td>\u010celik<\/td>\n<td>\u010celik<\/td>\n<\/tr>\n<tr>\n<th>Debljina materijala:<\/th>\n<td>2 mm<\/td>\n<td>3 mm<\/td>\n<\/tr>\n<tr>\n<th>Predtretman:<\/th>\n<td>Fosfatiranje<\/td>\n<td>Fosfatiranje<\/td>\n<\/tr>\n<tr>\n<th>Za\u0161tita povr\u0161ine:<\/th>\n<td>Elektrostatsko lakiranje prahom<\/td>\n<td>Elektrostatsko lakiranje prahom<\/td>\n<\/tr>\n<tr>\n<th>Boja:<\/th>\n<td><img decoding=\"async\" style=\"padding-right: 8px;\" src=\"https:\/\/stancovani-dijelovi.com\/wp-content\/uploads\/2022\/10\/RAL-7032.svg\" \/>RAL 7032<\/td>\n<td><img decoding=\"async\" style=\"padding-right: 8px;\" src=\"https:\/\/stancovani-dijelovi.com\/wp-content\/uploads\/2022\/10\/RAL-7032.svg\" \/>RAL 7032<\/td>\n<\/tr>\n<tr>\n<th>Neto te\u017eina\/komad:<\/th>\n<td>1,1 kg<\/td>\n<td>1,8 kg<\/td>\n<\/tr>\n<\/tbody>\n<\/table>\t\t\t\t\t\t\t\t<\/div>\n\t\t\t\t<\/div>\n\t\t\t\t\t<\/div>\n\t\t\t\t<\/div>\n\t\t\t\t<\/div>","protected":false},"excerpt":{"rendered":"<p>Air conditioner brackets Universal brackets for air conditioner\u2019s outdoor unit. Two models of A\/C support brackets are available (L430 and L500). Support most outdoor units (12000 BTU, 18000 BTU, 24000 BTU). Made of solid steel with welded seams for added strength. The galvanization of brackets is done at the customer\u2019s request. Galvanized brackets are powder [&hellip;]<\/p>\n","protected":false},"author":1,"featured_media":0,"parent":40,"menu_order":0,"comment_status":"closed","ping_status":"closed","template":"","meta":{"inline_featured_image":false,"site-sidebar-layout":"no-sidebar","site-content-layout":"page-builder","ast-site-content-layout":"full-width-container","site-content-style":"unboxed","site-sidebar-style":"unboxed","ast-global-header-display":"","ast-banner-title-visibility":"","ast-main-header-display":"","ast-hfb-above-header-display":"","ast-hfb-below-header-display":"","ast-hfb-mobile-header-display":"","site-post-title":"disabled","ast-breadcrumbs-content":"","ast-featured-img":"disabled","footer-sml-layout":"","ast-disable-related-posts":"","theme-transparent-header-meta":"","adv-header-id-meta":"","stick-header-meta":"","header-above-stick-meta":"","header-main-stick-meta":"","header-below-stick-meta":"","astra-migrate-meta-layouts":"set","ast-page-background-enabled":"default","ast-page-background-meta":{"desktop":{"background-color":"var(--ast-global-color-4)","background-image":"","background-repeat":"repeat","background-position":"center center","background-size":"auto","background-attachment":"scroll","background-type":"","background-media":"","overlay-type":"","overlay-color":"","overlay-opacity":"","overlay-gradient":""},"tablet":{"background-color":"","background-image":"","background-repeat":"repeat","background-position":"center center","background-size":"auto","background-attachment":"scroll","background-type":"","background-media":"","overlay-type":"","overlay-color":"","overlay-opacity":"","overlay-gradient":""},"mobile":{"background-color":"","background-image":"","background-repeat":"repeat","background-position":"center center","background-size":"auto","background-attachment":"scroll","background-type":"","background-media":"","overlay-type":"","overlay-color":"","overlay-opacity":"","overlay-gradient":""}},"ast-content-background-meta":{"desktop":{"background-color":"var(--ast-global-color-5)","background-image":"","background-repeat":"repeat","background-position":"center center","background-size":"auto","background-attachment":"scroll","background-type":"","background-media":"","overlay-type":"","overlay-color":"","overlay-opacity":"","overlay-gradient":""},"tablet":{"background-color":"var(--ast-global-color-5)","background-image":"","background-repeat":"repeat","background-position":"center center","background-size":"auto","background-attachment":"scroll","background-type":"","background-media":"","overlay-type":"","overlay-color":"","overlay-opacity":"","overlay-gradient":""},"mobile":{"background-color":"var(--ast-global-color-5)","background-image":"","background-repeat":"repeat","background-position":"center center","background-size":"auto","background-attachment":"scroll","background-type":"","background-media":"","overlay-type":"","overlay-color":"","overlay-opacity":"","overlay-gradient":""}},"footnotes":""},"class_list":["post-455","page","type-page","status-publish","hentry"],"_links":{"self":[{"href":"https:\/\/stancovani-dijelovi.com\/bs\/wp-json\/wp\/v2\/pages\/455","targetHints":{"allow":["GET"]}}],"collection":[{"href":"https:\/\/stancovani-dijelovi.com\/bs\/wp-json\/wp\/v2\/pages"}],"about":[{"href":"https:\/\/stancovani-dijelovi.com\/bs\/wp-json\/wp\/v2\/types\/page"}],"author":[{"embeddable":true,"href":"https:\/\/stancovani-dijelovi.com\/bs\/wp-json\/wp\/v2\/users\/1"}],"replies":[{"embeddable":true,"href":"https:\/\/stancovani-dijelovi.com\/bs\/wp-json\/wp\/v2\/comments?post=455"}],"version-history":[{"count":30,"href":"https:\/\/stancovani-dijelovi.com\/bs\/wp-json\/wp\/v2\/pages\/455\/revisions"}],"predecessor-version":[{"id":2723,"href":"https:\/\/stancovani-dijelovi.com\/bs\/wp-json\/wp\/v2\/pages\/455\/revisions\/2723"}],"up":[{"embeddable":true,"href":"https:\/\/stancovani-dijelovi.com\/bs\/wp-json\/wp\/v2\/pages\/40"}],"wp:attachment":[{"href":"https:\/\/stancovani-dijelovi.com\/bs\/wp-json\/wp\/v2\/media?parent=455"}],"curies":[{"name":"wp","href":"https:\/\/api.w.org\/{rel}","templated":true}]}}