{"id":449,"date":"2022-10-26T10:47:34","date_gmt":"2022-10-26T10:47:34","guid":{"rendered":"https:\/\/stancovani-dijelovi.com\/?page_id=449"},"modified":"2023-03-14T15:23:26","modified_gmt":"2023-03-14T15:23:26","slug":"mailboxes","status":"publish","type":"page","link":"https:\/\/stancovani-dijelovi.com\/bs\/b2b-products\/mailboxes\/","title":{"rendered":"Po\u0161tanski sandu\u010di\u0107i"},"content":{"rendered":"<div data-elementor-type=\"wp-page\" data-elementor-id=\"449\" class=\"elementor elementor-449\">\n\t\t\t\t<div class=\"elementor-element elementor-element-698c2a48 e-flex e-con-boxed e-con e-parent\" data-id=\"698c2a48\" data-element_type=\"container\" data-e-type=\"container\">\n\t\t\t\t\t<div class=\"e-con-inner\">\n\t\t<div class=\"elementor-element elementor-element-634ac909 e-con-full e-flex e-con e-parent\" data-id=\"634ac909\" data-element_type=\"container\" data-e-type=\"container\">\n\t\t\t\t<div class=\"elementor-element elementor-element-64a87695 elementor-widget elementor-widget-heading\" data-id=\"64a87695\" data-element_type=\"widget\" data-e-type=\"widget\" data-widget_type=\"heading.default\">\n\t\t\t\t<div class=\"elementor-widget-container\">\n\t\t\t\t\t<h2 class=\"elementor-heading-title elementor-size-default\">Po\u0161tanski sandu\u010di\u0107i<\/h2>\t\t\t\t<\/div>\n\t\t\t\t<\/div>\n\t\t\t\t<div class=\"elementor-element elementor-element-5bff324 elementor-widget elementor-widget-text-editor\" data-id=\"5bff324\" data-element_type=\"widget\" data-e-type=\"widget\" data-widget_type=\"text-editor.default\">\n\t\t\t\t<div class=\"elementor-widget-container\">\n\t\t\t\t\t\t\t\t\t<ul style=\"margin-left: 20px; margin-bottom: 0px; line-height: 1.5em;\">\n \t<li style=\"margin-bottom: 16px;\">Vertikalni po\u0161tanski sandu\u010di\u0107i za stambene i poslovne objekte.<\/li>\n \t<li style=\"margin-bottom: 16px;\">Dostupni s jednim do \u0161est pretinaca u nizu.<\/li>\n \t<li style=\"margin-bottom: 16px;\">Svaki pretinac ima originalnu \u201cEMKA\u201d cilindar bravu s dva klju\u010da.<\/li>\n \t<li style=\"margin-bottom: 16px;\">Vrata pretinca imaju prozirni plasti\u010dni dr\u017ea\u010d kartice.<\/li>\n \t<li style=\"margin-bottom: 16px;\">Otvori za dolaznu po\u0161tu imaju klapne s oprugama \u0161to onemogu\u0107ava neovla\u0161teno preuzimanje po\u0161te.<\/li>\n \t<li>Jednostavna zidna monta\u017ea s mogu\u0107no\u0161\u0107u spajanja po\u0161tanskih sandu\u010di\u0107a.<\/li>\n<\/ul>\t\t\t\t\t\t\t\t<\/div>\n\t\t\t\t<\/div>\n\t\t\t\t<div class=\"elementor-element elementor-element-7d960c elementor-widget elementor-widget-button\" data-id=\"7d960c\" data-element_type=\"widget\" data-e-type=\"widget\" data-widget_type=\"button.default\">\n\t\t\t\t<div class=\"elementor-widget-container\">\n\t\t\t\t\t\t\t\t\t<div class=\"elementor-button-wrapper\">\n\t\t\t\t\t<a class=\"elementor-button elementor-button-link elementor-size-sm\" href=\"https:\/\/stancovani-dijelovi.com\/bs\/contact\/\">\n\t\t\t\t\t\t<span class=\"elementor-button-content-wrapper\">\n\t\t\t\t\t\t\t\t\t<span class=\"elementor-button-text\">Po\u0161aljite upit<\/span>\n\t\t\t\t\t<\/span>\n\t\t\t\t\t<\/a>\n\t\t\t\t<\/div>\n\t\t\t\t\t\t\t\t<\/div>\n\t\t\t\t<\/div>\n\t\t\t\t<\/div>\n\t\t\t\t<div class=\"elementor-element elementor-element-24eae7b0 elementor-arrows-position-outside elementor-widget__width-inherit elementor-pagination-position-outside elementor-widget elementor-widget-image-carousel\" data-id=\"24eae7b0\" data-element_type=\"widget\" data-e-type=\"widget\" data-settings=\"{&quot;slides_to_show&quot;:&quot;1&quot;,&quot;autoplay&quot;:&quot;no&quot;,&quot;navigation&quot;:&quot;both&quot;,&quot;infinite&quot;:&quot;yes&quot;,&quot;effect&quot;:&quot;slide&quot;,&quot;speed&quot;:500}\" data-widget_type=\"image-carousel.default\">\n\t\t\t\t<div class=\"elementor-widget-container\">\n\t\t\t\t\t\t\t<div class=\"elementor-image-carousel-wrapper swiper\" role=\"region\" aria-roledescription=\"carousel\" aria-label=\"Vrtuljak slika\" dir=\"ltr\" data-no-translation-aria-label=\"\">\n\t\t\t<div class=\"elementor-image-carousel swiper-wrapper\" aria-live=\"polite\">\n\t\t\t\t\t\t\t\t<div class=\"swiper-slide\" role=\"group\" aria-roledescription=\"slide\" aria-label=\"1 of 10\" data-no-translation-aria-label=\"\"><a data-elementor-open-lightbox=\"yes\" data-elementor-lightbox-slideshow=\"24eae7b0\" data-elementor-lightbox-title=\"Mailbox 6\/1 - RAL 7016\" data-e-action-hash=\"#elementor-action%3Aaction%3Dlightbox%26settings%3DeyJpZCI6MjQ4MywidXJsIjoiaHR0cHM6XC9cL3N0YW5jb3ZhbmktZGlqZWxvdmkuY29tXC93cC1jb250ZW50XC91cGxvYWRzXC8yMDIzXC8wM1wvTWFpbGJveGVzLTEuanBnIiwic2xpZGVzaG93IjoiMjRlYWU3YjAifQ%3D%3D\" href=\"https:\/\/stancovani-dijelovi.com\/wp-content\/uploads\/2023\/03\/Mailboxes-1.jpg\"><figure class=\"swiper-slide-inner\"><img decoding=\"async\" class=\"swiper-slide-image\" src=\"https:\/\/stancovani-dijelovi.com\/wp-content\/uploads\/2023\/03\/Mailboxes-1.jpg\" alt=\"Mailboxes\" \/><\/figure><\/a><\/div><div class=\"swiper-slide\" role=\"group\" aria-roledescription=\"slide\" aria-label=\"2 of 10\" data-no-translation-aria-label=\"\"><a data-elementor-open-lightbox=\"yes\" data-elementor-lightbox-slideshow=\"24eae7b0\" data-elementor-lightbox-title=\"Mailbox 6\/1 - RAL 7016\" data-e-action-hash=\"#elementor-action%3Aaction%3Dlightbox%26settings%3DeyJpZCI6MjQ4NCwidXJsIjoiaHR0cHM6XC9cL3N0YW5jb3ZhbmktZGlqZWxvdmkuY29tXC93cC1jb250ZW50XC91cGxvYWRzXC8yMDIzXC8wM1wvTWFpbGJveGVzLTIuanBnIiwic2xpZGVzaG93IjoiMjRlYWU3YjAifQ%3D%3D\" href=\"https:\/\/stancovani-dijelovi.com\/wp-content\/uploads\/2023\/03\/Mailboxes-2.jpg\"><figure class=\"swiper-slide-inner\"><img decoding=\"async\" class=\"swiper-slide-image\" src=\"https:\/\/stancovani-dijelovi.com\/wp-content\/uploads\/2023\/03\/Mailboxes-2.jpg\" alt=\"Mailboxes\" \/><\/figure><\/a><\/div><div class=\"swiper-slide\" role=\"group\" aria-roledescription=\"slide\" aria-label=\"3 of 10\" data-no-translation-aria-label=\"\"><a data-elementor-open-lightbox=\"yes\" data-elementor-lightbox-slideshow=\"24eae7b0\" data-elementor-lightbox-title=\"Mailbox 6\/1 - RAL 7032\" data-e-action-hash=\"#elementor-action%3Aaction%3Dlightbox%26settings%3DeyJpZCI6MjQ4NSwidXJsIjoiaHR0cHM6XC9cL3N0YW5jb3ZhbmktZGlqZWxvdmkuY29tXC93cC1jb250ZW50XC91cGxvYWRzXC8yMDIzXC8wM1wvTWFpbGJveGVzLTMuanBnIiwic2xpZGVzaG93IjoiMjRlYWU3YjAifQ%3D%3D\" href=\"https:\/\/stancovani-dijelovi.com\/wp-content\/uploads\/2023\/03\/Mailboxes-3.jpg\"><figure class=\"swiper-slide-inner\"><img decoding=\"async\" class=\"swiper-slide-image\" src=\"https:\/\/stancovani-dijelovi.com\/wp-content\/uploads\/2023\/03\/Mailboxes-3.jpg\" alt=\"Mailboxes\" \/><\/figure><\/a><\/div><div class=\"swiper-slide\" role=\"group\" aria-roledescription=\"slide\" aria-label=\"4 of 10\" data-no-translation-aria-label=\"\"><a data-elementor-open-lightbox=\"yes\" data-elementor-lightbox-slideshow=\"24eae7b0\" data-elementor-lightbox-title=\"Mailbox 6\/1 - RAL 7032\" data-e-action-hash=\"#elementor-action%3Aaction%3Dlightbox%26settings%3DeyJpZCI6MjQ4NiwidXJsIjoiaHR0cHM6XC9cL3N0YW5jb3ZhbmktZGlqZWxvdmkuY29tXC93cC1jb250ZW50XC91cGxvYWRzXC8yMDIzXC8wM1wvTWFpbGJveGVzLTQuanBnIiwic2xpZGVzaG93IjoiMjRlYWU3YjAifQ%3D%3D\" href=\"https:\/\/stancovani-dijelovi.com\/wp-content\/uploads\/2023\/03\/Mailboxes-4.jpg\"><figure class=\"swiper-slide-inner\"><img decoding=\"async\" class=\"swiper-slide-image\" src=\"https:\/\/stancovani-dijelovi.com\/wp-content\/uploads\/2023\/03\/Mailboxes-4.jpg\" alt=\"Mailboxes\" \/><\/figure><\/a><\/div><div class=\"swiper-slide\" role=\"group\" aria-roledescription=\"slide\" aria-label=\"5 of 10\" data-no-translation-aria-label=\"\"><a data-elementor-open-lightbox=\"yes\" data-elementor-lightbox-slideshow=\"24eae7b0\" data-elementor-lightbox-title=\"Mailbox 1\/1\" data-e-action-hash=\"#elementor-action%3Aaction%3Dlightbox%26settings%3DeyJpZCI6MjQ4NywidXJsIjoiaHR0cHM6XC9cL3N0YW5jb3ZhbmktZGlqZWxvdmkuY29tXC93cC1jb250ZW50XC91cGxvYWRzXC8yMDIzXC8wM1wvTWFpbGJveGVzLTUuanBnIiwic2xpZGVzaG93IjoiMjRlYWU3YjAifQ%3D%3D\" href=\"https:\/\/stancovani-dijelovi.com\/wp-content\/uploads\/2023\/03\/Mailboxes-5.jpg\"><figure class=\"swiper-slide-inner\"><img decoding=\"async\" class=\"swiper-slide-image\" src=\"https:\/\/stancovani-dijelovi.com\/wp-content\/uploads\/2023\/03\/Mailboxes-5.jpg\" alt=\"Mailboxes\" \/><\/figure><\/a><\/div><div class=\"swiper-slide\" role=\"group\" aria-roledescription=\"slide\" aria-label=\"6 of 10\" data-no-translation-aria-label=\"\"><a data-elementor-open-lightbox=\"yes\" data-elementor-lightbox-slideshow=\"24eae7b0\" data-elementor-lightbox-title=\"Mailbox 2\/1\" data-e-action-hash=\"#elementor-action%3Aaction%3Dlightbox%26settings%3DeyJpZCI6MjQ4OCwidXJsIjoiaHR0cHM6XC9cL3N0YW5jb3ZhbmktZGlqZWxvdmkuY29tXC93cC1jb250ZW50XC91cGxvYWRzXC8yMDIzXC8wM1wvTWFpbGJveGVzLTYuanBnIiwic2xpZGVzaG93IjoiMjRlYWU3YjAifQ%3D%3D\" href=\"https:\/\/stancovani-dijelovi.com\/wp-content\/uploads\/2023\/03\/Mailboxes-6.jpg\"><figure class=\"swiper-slide-inner\"><img decoding=\"async\" class=\"swiper-slide-image\" src=\"https:\/\/stancovani-dijelovi.com\/wp-content\/uploads\/2023\/03\/Mailboxes-6.jpg\" alt=\"Mailboxes\" \/><\/figure><\/a><\/div><div class=\"swiper-slide\" role=\"group\" aria-roledescription=\"slide\" aria-label=\"7 of 10\" data-no-translation-aria-label=\"\"><a data-elementor-open-lightbox=\"yes\" data-elementor-lightbox-slideshow=\"24eae7b0\" data-elementor-lightbox-title=\"Mailbox 3\/1\" data-e-action-hash=\"#elementor-action%3Aaction%3Dlightbox%26settings%3DeyJpZCI6MjQ4OSwidXJsIjoiaHR0cHM6XC9cL3N0YW5jb3ZhbmktZGlqZWxvdmkuY29tXC93cC1jb250ZW50XC91cGxvYWRzXC8yMDIzXC8wM1wvTWFpbGJveGVzLTcuanBnIiwic2xpZGVzaG93IjoiMjRlYWU3YjAifQ%3D%3D\" href=\"https:\/\/stancovani-dijelovi.com\/wp-content\/uploads\/2023\/03\/Mailboxes-7.jpg\"><figure class=\"swiper-slide-inner\"><img decoding=\"async\" class=\"swiper-slide-image\" src=\"https:\/\/stancovani-dijelovi.com\/wp-content\/uploads\/2023\/03\/Mailboxes-7.jpg\" alt=\"Mailboxes\" \/><\/figure><\/a><\/div><div class=\"swiper-slide\" role=\"group\" aria-roledescription=\"slide\" aria-label=\"8 of 10\" data-no-translation-aria-label=\"\"><a data-elementor-open-lightbox=\"yes\" data-elementor-lightbox-slideshow=\"24eae7b0\" data-elementor-lightbox-title=\"Mailbox 4\/1\" data-e-action-hash=\"#elementor-action%3Aaction%3Dlightbox%26settings%3DeyJpZCI6MjQ5MCwidXJsIjoiaHR0cHM6XC9cL3N0YW5jb3ZhbmktZGlqZWxvdmkuY29tXC93cC1jb250ZW50XC91cGxvYWRzXC8yMDIzXC8wM1wvTWFpbGJveGVzLTguanBnIiwic2xpZGVzaG93IjoiMjRlYWU3YjAifQ%3D%3D\" href=\"https:\/\/stancovani-dijelovi.com\/wp-content\/uploads\/2023\/03\/Mailboxes-8.jpg\"><figure class=\"swiper-slide-inner\"><img decoding=\"async\" class=\"swiper-slide-image\" src=\"https:\/\/stancovani-dijelovi.com\/wp-content\/uploads\/2023\/03\/Mailboxes-8.jpg\" alt=\"Mailboxes\" \/><\/figure><\/a><\/div><div class=\"swiper-slide\" role=\"group\" aria-roledescription=\"slide\" aria-label=\"9 of 10\" data-no-translation-aria-label=\"\"><a data-elementor-open-lightbox=\"yes\" data-elementor-lightbox-slideshow=\"24eae7b0\" data-elementor-lightbox-title=\"Mailbox 5\/1\" data-e-action-hash=\"#elementor-action%3Aaction%3Dlightbox%26settings%3DeyJpZCI6MjQ5MSwidXJsIjoiaHR0cHM6XC9cL3N0YW5jb3ZhbmktZGlqZWxvdmkuY29tXC93cC1jb250ZW50XC91cGxvYWRzXC8yMDIzXC8wM1wvTWFpbGJveGVzLTkuanBnIiwic2xpZGVzaG93IjoiMjRlYWU3YjAifQ%3D%3D\" href=\"https:\/\/stancovani-dijelovi.com\/wp-content\/uploads\/2023\/03\/Mailboxes-9.jpg\"><figure class=\"swiper-slide-inner\"><img decoding=\"async\" class=\"swiper-slide-image\" src=\"https:\/\/stancovani-dijelovi.com\/wp-content\/uploads\/2023\/03\/Mailboxes-9.jpg\" alt=\"Mailboxes\" \/><\/figure><\/a><\/div><div class=\"swiper-slide\" role=\"group\" aria-roledescription=\"slide\" aria-label=\"10 of 10\" data-no-translation-aria-label=\"\"><a data-elementor-open-lightbox=\"yes\" data-elementor-lightbox-slideshow=\"24eae7b0\" data-elementor-lightbox-title=\"Mailbox 6\/1\" data-e-action-hash=\"#elementor-action%3Aaction%3Dlightbox%26settings%3DeyJpZCI6MjQ5MiwidXJsIjoiaHR0cHM6XC9cL3N0YW5jb3ZhbmktZGlqZWxvdmkuY29tXC93cC1jb250ZW50XC91cGxvYWRzXC8yMDIzXC8wM1wvTWFpbGJveGVzLTEwLmpwZyIsInNsaWRlc2hvdyI6IjI0ZWFlN2IwIn0%3D\" href=\"https:\/\/stancovani-dijelovi.com\/wp-content\/uploads\/2023\/03\/Mailboxes-10.jpg\"><figure class=\"swiper-slide-inner\"><img decoding=\"async\" class=\"swiper-slide-image\" src=\"https:\/\/stancovani-dijelovi.com\/wp-content\/uploads\/2023\/03\/Mailboxes-10.jpg\" alt=\"Mailboxes\" \/><\/figure><\/a><\/div>\t\t\t<\/div>\n\t\t\t\t\t\t\t\t\t\t\t\t<div class=\"elementor-swiper-button elementor-swiper-button-prev\" role=\"button\" tabindex=\"0\">\n\t\t\t\t\t\t<i aria-hidden=\"true\" class=\"eicon-chevron-left\"><\/i>\t\t\t\t\t<\/div>\n\t\t\t\t\t<div class=\"elementor-swiper-button elementor-swiper-button-next\" role=\"button\" tabindex=\"0\">\n\t\t\t\t\t\t<i aria-hidden=\"true\" class=\"eicon-chevron-right\"><\/i>\t\t\t\t\t<\/div>\n\t\t\t\t\n\t\t\t\t\t\t\t\t\t<div class=\"swiper-pagination\"><\/div>\n\t\t\t\t\t\t\t\t\t<\/div>\n\t\t\t\t\t\t<\/div>\n\t\t\t\t<\/div>\n\t\t\t\t\t<\/div>\n\t\t\t\t<\/div>\n\t\t<div class=\"elementor-element elementor-element-681b30fb e-flex e-con-boxed e-con e-parent\" data-id=\"681b30fb\" data-element_type=\"container\" data-e-type=\"container\">\n\t\t\t\t\t<div class=\"e-con-inner\">\n\t\t\t\t<div class=\"elementor-element elementor-element-23213b44 elementor-widget elementor-widget-heading\" data-id=\"23213b44\" data-element_type=\"widget\" data-e-type=\"widget\" data-widget_type=\"heading.default\">\n\t\t\t\t<div class=\"elementor-widget-container\">\n\t\t\t\t\t<h3 class=\"elementor-heading-title elementor-size-default\">Tipovi po\u0161tanskih sandu\u010di\u0107a<\/h3>\t\t\t\t<\/div>\n\t\t\t\t<\/div>\n\t\t\t\t<div class=\"elementor-element elementor-element-5c753598 elementor-widget__width-inherit elementor-widget elementor-widget-text-editor\" data-id=\"5c753598\" data-element_type=\"widget\" data-e-type=\"widget\" data-widget_type=\"text-editor.default\">\n\t\t\t\t<div class=\"elementor-widget-container\">\n\t\t\t\t\t\t\t\t\t<table>\n<tbody>\n<tr>\n<th style=\"width: 25%;\">Oznaka<\/th>\n<th style=\"width: 25%;\">Visina<\/th>\n<th style=\"width: 25%;\">\u0160irina<\/th>\n<th style=\"width: 25%;\">Dubina<\/th>\n<\/tr>\n<tr>\n<th>1\/1<\/th>\n<td>409,5 mm<\/td>\n<td>126,5 mm<\/td>\n<td>201,5 mm<\/td>\n<\/tr>\n<tr>\n<th>2\/1<\/th>\n<td>409,5 mm<\/td>\n<td>214,5 mm<\/td>\n<td>201,5 mm<\/td>\n<\/tr>\n<tr>\n<th>3\/1<\/th>\n<td>409,5 mm<\/td>\n<td>301,5 mm<\/td>\n<td>201,5 mm<\/td>\n<\/tr>\n<tr>\n<th>4\/1<\/th>\n<td>409,5 mm<\/td>\n<td>386,5 mm<\/td>\n<td>201,5 mm<\/td>\n<\/tr>\n<tr>\n<th>5\/1<\/th>\n<td>409,5 mm<\/td>\n<td>471,5 mm<\/td>\n<td>201,5 mm<\/td>\n<\/tr>\n<tr>\n<th>6\/1<\/th>\n<td>409,5 mm<\/td>\n<td>556,5 mm<\/td>\n<td>201,5 mm<\/td>\n<\/tr>\n<\/tbody>\n<\/table>\t\t\t\t\t\t\t\t<\/div>\n\t\t\t\t<\/div>\n\t\t\t\t\t<\/div>\n\t\t\t\t<\/div>\n\t\t<div class=\"elementor-element elementor-element-689eb9ef e-flex e-con-boxed e-con e-parent\" data-id=\"689eb9ef\" data-element_type=\"container\" data-e-type=\"container\">\n\t\t\t\t\t<div class=\"e-con-inner\">\n\t\t\t\t<div class=\"elementor-element elementor-element-9c8b219 elementor-widget elementor-widget-heading\" data-id=\"9c8b219\" data-element_type=\"widget\" data-e-type=\"widget\" data-widget_type=\"heading.default\">\n\t\t\t\t<div class=\"elementor-widget-container\">\n\t\t\t\t\t<h3 class=\"elementor-heading-title elementor-size-default\">Specifikacije<\/h3>\t\t\t\t<\/div>\n\t\t\t\t<\/div>\n\t\t\t\t<div class=\"elementor-element elementor-element-11b8e521 elementor-widget__width-inherit elementor-widget elementor-widget-text-editor\" data-id=\"11b8e521\" data-element_type=\"widget\" data-e-type=\"widget\" data-widget_type=\"text-editor.default\">\n\t\t\t\t<div class=\"elementor-widget-container\">\n\t\t\t\t\t\t\t\t\t<table>\n<tbody>\n<tr>\n<th style=\"width: 50%;\">Materijal:<\/th>\n<td>Hladnovaljani lim<\/td>\n<\/tr>\n<tr>\n<th>Debljina materijala:<\/th>\n<td>0,8 mm<\/td>\n<\/tr>\n<tr>\n<th>Predtretman:<\/th>\n<td>Fosfatiranje<\/td>\n<\/tr>\n<tr>\n<th>Za\u0161tita povr\u0161ine:<\/th>\n<td>Elektrostatsko lakiranje prahom<\/td>\n<\/tr>\n<tr>\n<th rowspan=\"2\">Boja:<\/th>\n<td style=\"border-bottom: none;\"><img decoding=\"async\" style=\"padding-right: 8px;\" src=\"https:\/\/stancovani-dijelovi.com\/wp-content\/uploads\/2022\/10\/RAL-7016.svg\" \/>RAL 7016<\/td>\n<\/tr>\n<tr>\n<td style=\"padding-top: 0px;\"><img decoding=\"async\" style=\"padding-right: 8px;\" src=\"https:\/\/stancovani-dijelovi.com\/wp-content\/uploads\/2022\/10\/RAL-7032.svg\" \/>RAL 7032<\/td>\n<\/tr>\n<tr>\n<th>Isporuka:<\/th>\n<td>Sastavljen<\/td>\n<\/tr>\n<\/tbody>\n<\/table>\t\t\t\t\t\t\t\t<\/div>\n\t\t\t\t<\/div>\n\t\t\t\t\t<\/div>\n\t\t\t\t<\/div>\n\t\t\t\t<\/div>","protected":false},"excerpt":{"rendered":"<p>Mailboxes Vertical mailboxes for residential and commercial buildings. Available with one to six compartments in a row. Each compartment has the original \u201cEMKA\u201d cylinder lock with two keys. The compartment door has a clear plastic card holder. Incoming mail slots have spring-loaded flaps that prevent unauthorized mail retrieval. Easy wall mounting with the possibility of [&hellip;]<\/p>\n","protected":false},"author":1,"featured_media":0,"parent":40,"menu_order":0,"comment_status":"closed","ping_status":"closed","template":"","meta":{"inline_featured_image":false,"site-sidebar-layout":"no-sidebar","site-content-layout":"page-builder","ast-site-content-layout":"default","site-content-style":"default","site-sidebar-style":"default","ast-global-header-display":"","ast-banner-title-visibility":"","ast-main-header-display":"","ast-hfb-above-header-display":"","ast-hfb-below-header-display":"","ast-hfb-mobile-header-display":"","site-post-title":"disabled","ast-breadcrumbs-content":"","ast-featured-img":"disabled","footer-sml-layout":"","ast-disable-related-posts":"","theme-transparent-header-meta":"","adv-header-id-meta":"","stick-header-meta":"","header-above-stick-meta":"","header-main-stick-meta":"","header-below-stick-meta":"","astra-migrate-meta-layouts":"default","ast-page-background-enabled":"default","ast-page-background-meta":{"desktop":{"background-color":"var(--ast-global-color-4)","background-image":"","background-repeat":"repeat","background-position":"center center","background-size":"auto","background-attachment":"scroll","background-type":"","background-media":"","overlay-type":"","overlay-color":"","overlay-opacity":"","overlay-gradient":""},"tablet":{"background-color":"","background-image":"","background-repeat":"repeat","background-position":"center center","background-size":"auto","background-attachment":"scroll","background-type":"","background-media":"","overlay-type":"","overlay-color":"","overlay-opacity":"","overlay-gradient":""},"mobile":{"background-color":"","background-image":"","background-repeat":"repeat","background-position":"center center","background-size":"auto","background-attachment":"scroll","background-type":"","background-media":"","overlay-type":"","overlay-color":"","overlay-opacity":"","overlay-gradient":""}},"ast-content-background-meta":{"desktop":{"background-color":"var(--ast-global-color-5)","background-image":"","background-repeat":"repeat","background-position":"center center","background-size":"auto","background-attachment":"scroll","background-type":"","background-media":"","overlay-type":"","overlay-color":"","overlay-opacity":"","overlay-gradient":""},"tablet":{"background-color":"var(--ast-global-color-5)","background-image":"","background-repeat":"repeat","background-position":"center center","background-size":"auto","background-attachment":"scroll","background-type":"","background-media":"","overlay-type":"","overlay-color":"","overlay-opacity":"","overlay-gradient":""},"mobile":{"background-color":"var(--ast-global-color-5)","background-image":"","background-repeat":"repeat","background-position":"center center","background-size":"auto","background-attachment":"scroll","background-type":"","background-media":"","overlay-type":"","overlay-color":"","overlay-opacity":"","overlay-gradient":""}},"footnotes":""},"class_list":["post-449","page","type-page","status-publish","hentry"],"_links":{"self":[{"href":"https:\/\/stancovani-dijelovi.com\/bs\/wp-json\/wp\/v2\/pages\/449","targetHints":{"allow":["GET"]}}],"collection":[{"href":"https:\/\/stancovani-dijelovi.com\/bs\/wp-json\/wp\/v2\/pages"}],"about":[{"href":"https:\/\/stancovani-dijelovi.com\/bs\/wp-json\/wp\/v2\/types\/page"}],"author":[{"embeddable":true,"href":"https:\/\/stancovani-dijelovi.com\/bs\/wp-json\/wp\/v2\/users\/1"}],"replies":[{"embeddable":true,"href":"https:\/\/stancovani-dijelovi.com\/bs\/wp-json\/wp\/v2\/comments?post=449"}],"version-history":[{"count":31,"href":"https:\/\/stancovani-dijelovi.com\/bs\/wp-json\/wp\/v2\/pages\/449\/revisions"}],"predecessor-version":[{"id":2517,"href":"https:\/\/stancovani-dijelovi.com\/bs\/wp-json\/wp\/v2\/pages\/449\/revisions\/2517"}],"up":[{"embeddable":true,"href":"https:\/\/stancovani-dijelovi.com\/bs\/wp-json\/wp\/v2\/pages\/40"}],"wp:attachment":[{"href":"https:\/\/stancovani-dijelovi.com\/bs\/wp-json\/wp\/v2\/media?parent=449"}],"curies":[{"name":"wp","href":"https:\/\/api.w.org\/{rel}","templated":true}]}}