{"id":38,"date":"2022-10-25T13:33:19","date_gmt":"2022-10-25T13:33:19","guid":{"rendered":"https:\/\/stancovani-dijelovi.com\/?page_id=38"},"modified":"2023-03-16T10:41:10","modified_gmt":"2023-03-16T10:41:10","slug":"military-products","status":"publish","type":"page","link":"https:\/\/stancovani-dijelovi.com\/bs\/military-products\/","title":{"rendered":"Vojni proizvodi"},"content":{"rendered":"<div data-elementor-type=\"wp-page\" data-elementor-id=\"38\" class=\"elementor elementor-38\">\n\t\t\t\t<div class=\"elementor-element elementor-element-1a39a624 e-flex e-con-boxed e-con e-parent\" data-id=\"1a39a624\" data-element_type=\"container\" data-e-type=\"container\" data-settings=\"{&quot;background_background&quot;:&quot;classic&quot;}\">\n\t\t\t\t\t<div class=\"e-con-inner\">\n\t\t\t\t<div class=\"elementor-element elementor-element-4a275016 elementor-widget elementor-widget-heading\" data-id=\"4a275016\" data-element_type=\"widget\" data-e-type=\"widget\" data-widget_type=\"heading.default\">\n\t\t\t\t<div class=\"elementor-widget-container\">\n\t\t\t\t\t<h1 class=\"elementor-heading-title elementor-size-default\">Licencirani proizvo\u0111a\u010d vojne opreme: Isporu\u010dujemo visokokvalitetne vojne proizvode<\/h1>\t\t\t\t<\/div>\n\t\t\t\t<\/div>\n\t\t\t\t\t<\/div>\n\t\t\t\t<\/div>\n\t\t<div class=\"elementor-element elementor-element-2d2a0890 e-flex e-con-boxed e-con e-parent\" data-id=\"2d2a0890\" data-element_type=\"container\" data-e-type=\"container\">\n\t\t\t\t\t<div class=\"e-con-inner\">\n\t\t\t\t<div class=\"elementor-element elementor-element-7d63b435 elementor-widget elementor-widget-heading\" data-id=\"7d63b435\" data-element_type=\"widget\" data-e-type=\"widget\" data-widget_type=\"heading.default\">\n\t\t\t\t<div class=\"elementor-widget-container\">\n\t\t\t\t\t<h2 class=\"elementor-heading-title elementor-size-default\">Kategorije i proizvodi<\/h2>\t\t\t\t<\/div>\n\t\t\t\t<\/div>\n\t\t<div class=\"elementor-element elementor-element-7678f411 e-con-full e-flex e-con e-child\" data-id=\"7678f411\" data-element_type=\"container\" data-e-type=\"container\">\n\t\t\t\t<div class=\"elementor-element elementor-element-263b714b elementor-widget__width-initial elementor-widget-mobile__width-inherit elementor-widget elementor-widget-image\" data-id=\"263b714b\" data-element_type=\"widget\" data-e-type=\"widget\" data-widget_type=\"image.default\">\n\t\t\t\t<div class=\"elementor-widget-container\">\n\t\t\t\t\t\t\t\t\t\t\t\t\t\t\t<img fetchpriority=\"high\" decoding=\"async\" width=\"640\" height=\"480\" src=\"https:\/\/stancovani-dijelovi.com\/wp-content\/uploads\/2023\/03\/Ammunition-boxes.png\" class=\"attachment-full size-full wp-image-2327\" alt=\"Ammunition boxes\" srcset=\"https:\/\/stancovani-dijelovi.com\/wp-content\/uploads\/2023\/03\/Ammunition-boxes.png 640w, https:\/\/stancovani-dijelovi.com\/wp-content\/uploads\/2023\/03\/Ammunition-boxes-300x225.png 300w, https:\/\/stancovani-dijelovi.com\/wp-content\/uploads\/2023\/03\/Ammunition-boxes-16x12.png 16w\" sizes=\"(max-width: 640px) 100vw, 640px\" \/>\t\t\t\t\t\t\t\t\t\t\t\t\t\t\t<\/div>\n\t\t\t\t<\/div>\n\t\t<div class=\"elementor-element elementor-element-7594dd9a e-con-full e-flex e-con e-child\" data-id=\"7594dd9a\" data-element_type=\"container\" data-e-type=\"container\">\n\t\t\t\t<div class=\"elementor-element elementor-element-77feb509 elementor-widget elementor-widget-text-editor\" data-id=\"77feb509\" data-element_type=\"widget\" data-e-type=\"widget\" data-widget_type=\"text-editor.default\">\n\t\t\t\t<div class=\"elementor-widget-container\">\n\t\t\t\t\t\t\t\t\t<h3 style=\"margin-bottom: 16px;\">Kutije za municiju<\/h3>\n<p>\u010cetiri vrste metalnih kutija za municiju koje zadovoljavaju stroge vojne standarde i specifikacije. Izdr\u017eljive \u010dak i pod iznimno te\u0161kim terenskim uslovima.<\/p>\t\t\t\t\t\t\t\t<\/div>\n\t\t\t\t<\/div>\n\t\t\t\t<div class=\"elementor-element elementor-element-7c54e00 elementor-widget elementor-widget-button\" data-id=\"7c54e00\" data-element_type=\"widget\" data-e-type=\"widget\" data-widget_type=\"button.default\">\n\t\t\t\t<div class=\"elementor-widget-container\">\n\t\t\t\t\t\t\t\t\t<div class=\"elementor-button-wrapper\">\n\t\t\t\t\t<a class=\"elementor-button elementor-button-link elementor-size-sm\" href=\"https:\/\/stancovani-dijelovi.com\/bs\/military-products\/ammunition-boxes\/\" id=\"secondary-button\">\n\t\t\t\t\t\t<span class=\"elementor-button-content-wrapper\">\n\t\t\t\t\t\t\t\t\t<span class=\"elementor-button-text\">Pro\u010ditajte vi\u0161e<\/span>\n\t\t\t\t\t<\/span>\n\t\t\t\t\t<\/a>\n\t\t\t\t<\/div>\n\t\t\t\t\t\t\t\t<\/div>\n\t\t\t\t<\/div>\n\t\t\t\t<\/div>\n\t\t\t\t<\/div>\n\t\t<div class=\"elementor-element elementor-element-13431aaa e-con-full e-flex e-con e-child\" data-id=\"13431aaa\" data-element_type=\"container\" data-e-type=\"container\">\n\t\t\t\t<div class=\"elementor-element elementor-element-7a2cffc elementor-widget__width-initial elementor-widget-mobile__width-inherit elementor-widget elementor-widget-image\" data-id=\"7a2cffc\" data-element_type=\"widget\" data-e-type=\"widget\" data-widget_type=\"image.default\">\n\t\t\t\t<div class=\"elementor-widget-container\">\n\t\t\t\t\t\t\t\t\t\t\t\t\t\t\t<img decoding=\"async\" width=\"640\" height=\"480\" src=\"https:\/\/stancovani-dijelovi.com\/wp-content\/uploads\/2023\/03\/Ammunition-links.png\" class=\"attachment-full size-full wp-image-2328\" alt=\"Ammunition links\" srcset=\"https:\/\/stancovani-dijelovi.com\/wp-content\/uploads\/2023\/03\/Ammunition-links.png 640w, https:\/\/stancovani-dijelovi.com\/wp-content\/uploads\/2023\/03\/Ammunition-links-300x225.png 300w, https:\/\/stancovani-dijelovi.com\/wp-content\/uploads\/2023\/03\/Ammunition-links-16x12.png 16w\" sizes=\"(max-width: 640px) 100vw, 640px\" \/>\t\t\t\t\t\t\t\t\t\t\t\t\t\t\t<\/div>\n\t\t\t\t<\/div>\n\t\t<div class=\"elementor-element elementor-element-657a2694 e-con-full e-flex e-con e-child\" data-id=\"657a2694\" data-element_type=\"container\" data-e-type=\"container\">\n\t\t\t\t<div class=\"elementor-element elementor-element-768bdbe7 elementor-widget elementor-widget-text-editor\" data-id=\"768bdbe7\" data-element_type=\"widget\" data-e-type=\"widget\" data-widget_type=\"text-editor.default\">\n\t\t\t\t<div class=\"elementor-widget-container\">\n\t\t\t\t\t\t\t\t\t<h3 style=\"margin-bottom: 16px;\">Linkovi za municiju<\/h3>\n<p>Tri vrste linkova za uvezivanje municije malog i srednjeg kalibra. Dizajnirani da osiguravaju neprekidnu paljbu i nesmetano punjenje. Izra\u0111eni od visokokvalitetnog uglji\u010dnog \u010delika.<\/p>\t\t\t\t\t\t\t\t<\/div>\n\t\t\t\t<\/div>\n\t\t\t\t<div class=\"elementor-element elementor-element-5ec80a4 elementor-widget elementor-widget-button\" data-id=\"5ec80a4\" data-element_type=\"widget\" data-e-type=\"widget\" data-widget_type=\"button.default\">\n\t\t\t\t<div class=\"elementor-widget-container\">\n\t\t\t\t\t\t\t\t\t<div class=\"elementor-button-wrapper\">\n\t\t\t\t\t<a class=\"elementor-button elementor-button-link elementor-size-sm\" href=\"https:\/\/stancovani-dijelovi.com\/bs\/military-products\/ammunition-links\/\" id=\"secondary-button\">\n\t\t\t\t\t\t<span class=\"elementor-button-content-wrapper\">\n\t\t\t\t\t\t\t\t\t<span class=\"elementor-button-text\">Pro\u010ditajte vi\u0161e<\/span>\n\t\t\t\t\t<\/span>\n\t\t\t\t\t<\/a>\n\t\t\t\t<\/div>\n\t\t\t\t\t\t\t\t<\/div>\n\t\t\t\t<\/div>\n\t\t\t\t<\/div>\n\t\t\t\t<\/div>\n\t\t<div class=\"elementor-element elementor-element-5b7f5af9 e-con-full e-flex e-con e-child\" data-id=\"5b7f5af9\" data-element_type=\"container\" data-e-type=\"container\">\n\t\t\t\t<div class=\"elementor-element elementor-element-4bdda266 elementor-widget__width-initial elementor-widget-mobile__width-inherit elementor-widget elementor-widget-image\" data-id=\"4bdda266\" data-element_type=\"widget\" data-e-type=\"widget\" data-widget_type=\"image.default\">\n\t\t\t\t<div class=\"elementor-widget-container\">\n\t\t\t\t\t\t\t\t\t\t\t\t\t\t\t<img decoding=\"async\" width=\"640\" height=\"480\" src=\"https:\/\/stancovani-dijelovi.com\/wp-content\/uploads\/2023\/03\/Metal-fittings-for-military-crates.png\" class=\"attachment-full size-full wp-image-2329\" alt=\"Metal fittings for military crates\" srcset=\"https:\/\/stancovani-dijelovi.com\/wp-content\/uploads\/2023\/03\/Metal-fittings-for-military-crates.png 640w, https:\/\/stancovani-dijelovi.com\/wp-content\/uploads\/2023\/03\/Metal-fittings-for-military-crates-300x225.png 300w, https:\/\/stancovani-dijelovi.com\/wp-content\/uploads\/2023\/03\/Metal-fittings-for-military-crates-16x12.png 16w\" sizes=\"(max-width: 640px) 100vw, 640px\" \/>\t\t\t\t\t\t\t\t\t\t\t\t\t\t\t<\/div>\n\t\t\t\t<\/div>\n\t\t<div class=\"elementor-element elementor-element-68e343df e-con-full e-flex e-con e-child\" data-id=\"68e343df\" data-element_type=\"container\" data-e-type=\"container\">\n\t\t\t\t<div class=\"elementor-element elementor-element-226b9375 elementor-widget elementor-widget-text-editor\" data-id=\"226b9375\" data-element_type=\"widget\" data-e-type=\"widget\" data-widget_type=\"text-editor.default\">\n\t\t\t\t<div class=\"elementor-widget-container\">\n\t\t\t\t\t\t\t\t\t<h3 style=\"margin-bottom: 16px;\">Okovi za vojne sanduke<\/h3>\n<p>Komplet metalnih okova za drvene vojne sanduke. Komplet uklju\u010duje: dvije ru\u010dice i plo\u010dice ru\u010dica, dva zatvara\u010da, osam ugaonika i dva pojasa.<\/p>\t\t\t\t\t\t\t\t<\/div>\n\t\t\t\t<\/div>\n\t\t\t\t<div class=\"elementor-element elementor-element-0611c0a elementor-widget elementor-widget-button\" data-id=\"0611c0a\" data-element_type=\"widget\" data-e-type=\"widget\" data-widget_type=\"button.default\">\n\t\t\t\t<div class=\"elementor-widget-container\">\n\t\t\t\t\t\t\t\t\t<div class=\"elementor-button-wrapper\">\n\t\t\t\t\t<a class=\"elementor-button elementor-button-link elementor-size-sm\" href=\"https:\/\/stancovani-dijelovi.com\/bs\/military-products\/metal-fittings-for-military-crates\/\" id=\"secondary-button\">\n\t\t\t\t\t\t<span class=\"elementor-button-content-wrapper\">\n\t\t\t\t\t\t\t\t\t<span class=\"elementor-button-text\">Pro\u010ditajte vi\u0161e<\/span>\n\t\t\t\t\t<\/span>\n\t\t\t\t\t<\/a>\n\t\t\t\t<\/div>\n\t\t\t\t\t\t\t\t<\/div>\n\t\t\t\t<\/div>\n\t\t\t\t<\/div>\n\t\t\t\t<\/div>\n\t\t<div class=\"elementor-element elementor-element-51e974ad e-con-full e-flex e-con e-child\" data-id=\"51e974ad\" data-element_type=\"container\" data-e-type=\"container\">\n\t\t\t\t<div class=\"elementor-element elementor-element-2addb68e elementor-widget__width-initial elementor-widget-mobile__width-inherit elementor-widget elementor-widget-image\" data-id=\"2addb68e\" data-element_type=\"widget\" data-e-type=\"widget\" data-widget_type=\"image.default\">\n\t\t\t\t<div class=\"elementor-widget-container\">\n\t\t\t\t\t\t\t\t\t\t\t\t\t\t\t<img loading=\"lazy\" decoding=\"async\" width=\"640\" height=\"480\" src=\"https:\/\/stancovani-dijelovi.com\/wp-content\/uploads\/2023\/03\/Copper-liner.png\" class=\"attachment-full size-full wp-image-2330\" alt=\"Copper liner\" srcset=\"https:\/\/stancovani-dijelovi.com\/wp-content\/uploads\/2023\/03\/Copper-liner.png 640w, https:\/\/stancovani-dijelovi.com\/wp-content\/uploads\/2023\/03\/Copper-liner-300x225.png 300w, https:\/\/stancovani-dijelovi.com\/wp-content\/uploads\/2023\/03\/Copper-liner-16x12.png 16w\" sizes=\"(max-width: 640px) 100vw, 640px\" \/>\t\t\t\t\t\t\t\t\t\t\t\t\t\t\t<\/div>\n\t\t\t\t<\/div>\n\t\t<div class=\"elementor-element elementor-element-1adadf84 e-con-full e-flex e-con e-child\" data-id=\"1adadf84\" data-element_type=\"container\" data-e-type=\"container\">\n\t\t\t\t<div class=\"elementor-element elementor-element-400785f6 elementor-widget elementor-widget-text-editor\" data-id=\"400785f6\" data-element_type=\"widget\" data-e-type=\"widget\" data-widget_type=\"text-editor.default\">\n\t\t\t\t<div class=\"elementor-widget-container\">\n\t\t\t\t\t\t\t\t\t<h3 style=\"margin-bottom: 16px;\">Bakrena obloga (105 mm HEAT)<\/h3>\n<p>Ljevkasta bakrena obloga za 105 mm HEAT municiju. Pove\u0107ava performanse mlaza i omogu\u0107ava duboko probijanje mete.<\/p>\t\t\t\t\t\t\t\t<\/div>\n\t\t\t\t<\/div>\n\t\t\t\t<div class=\"elementor-element elementor-element-e5780a3 elementor-widget elementor-widget-button\" data-id=\"e5780a3\" data-element_type=\"widget\" data-e-type=\"widget\" data-widget_type=\"button.default\">\n\t\t\t\t<div class=\"elementor-widget-container\">\n\t\t\t\t\t\t\t\t\t<div class=\"elementor-button-wrapper\">\n\t\t\t\t\t<a class=\"elementor-button elementor-button-link elementor-size-sm\" href=\"https:\/\/stancovani-dijelovi.com\/bs\/military-products\/copper-liner-105-mm-heat\/\" id=\"secondary-button\">\n\t\t\t\t\t\t<span class=\"elementor-button-content-wrapper\">\n\t\t\t\t\t\t\t\t\t<span class=\"elementor-button-text\">Pro\u010ditajte vi\u0161e<\/span>\n\t\t\t\t\t<\/span>\n\t\t\t\t\t<\/a>\n\t\t\t\t<\/div>\n\t\t\t\t\t\t\t\t<\/div>\n\t\t\t\t<\/div>\n\t\t\t\t<\/div>\n\t\t\t\t<\/div>\n\t\t<div class=\"elementor-element elementor-element-157c59b7 e-con-full e-flex e-con e-child\" data-id=\"157c59b7\" data-element_type=\"container\" data-e-type=\"container\">\n\t\t\t\t<div class=\"elementor-element elementor-element-36591d65 elementor-widget__width-initial elementor-widget-mobile__width-inherit elementor-widget elementor-widget-image\" data-id=\"36591d65\" data-element_type=\"widget\" data-e-type=\"widget\" data-widget_type=\"image.default\">\n\t\t\t\t<div class=\"elementor-widget-container\">\n\t\t\t\t\t\t\t\t\t\t\t\t\t\t\t<img loading=\"lazy\" decoding=\"async\" width=\"640\" height=\"480\" src=\"https:\/\/stancovani-dijelovi.com\/wp-content\/uploads\/2023\/03\/Parts-of-grenade-containers.png\" class=\"attachment-full size-full wp-image-2331\" alt=\"Parts of grenade containers\" srcset=\"https:\/\/stancovani-dijelovi.com\/wp-content\/uploads\/2023\/03\/Parts-of-grenade-containers.png 640w, https:\/\/stancovani-dijelovi.com\/wp-content\/uploads\/2023\/03\/Parts-of-grenade-containers-300x225.png 300w, https:\/\/stancovani-dijelovi.com\/wp-content\/uploads\/2023\/03\/Parts-of-grenade-containers-16x12.png 16w\" sizes=\"(max-width: 640px) 100vw, 640px\" \/>\t\t\t\t\t\t\t\t\t\t\t\t\t\t\t<\/div>\n\t\t\t\t<\/div>\n\t\t<div class=\"elementor-element elementor-element-edc068f e-con-full e-flex e-con e-child\" data-id=\"edc068f\" data-element_type=\"container\" data-e-type=\"container\">\n\t\t\t\t<div class=\"elementor-element elementor-element-4bff7b10 elementor-widget elementor-widget-text-editor\" data-id=\"4bff7b10\" data-element_type=\"widget\" data-e-type=\"widget\" data-widget_type=\"text-editor.default\">\n\t\t\t\t<div class=\"elementor-widget-container\">\n\t\t\t\t\t\t\t\t\t<h3 style=\"margin-bottom: 16px;\">Dijelovi kontejnera za granate<\/h3>\n<p>Komplet dijelova kontejnera za pakovanje granata (\u00d8 150 mm ili \u00d8 125 mm). Komplet uklju\u010duje poklopac, zatvara\u010d i dno kontejnera.<\/p>\t\t\t\t\t\t\t\t<\/div>\n\t\t\t\t<\/div>\n\t\t\t\t<div class=\"elementor-element elementor-element-788b332 elementor-widget elementor-widget-button\" data-id=\"788b332\" data-element_type=\"widget\" data-e-type=\"widget\" data-widget_type=\"button.default\">\n\t\t\t\t<div class=\"elementor-widget-container\">\n\t\t\t\t\t\t\t\t\t<div class=\"elementor-button-wrapper\">\n\t\t\t\t\t<a class=\"elementor-button elementor-button-link elementor-size-sm\" href=\"https:\/\/stancovani-dijelovi.com\/bs\/military-products\/parts-of-grenade-containers\/\" id=\"secondary-button\">\n\t\t\t\t\t\t<span class=\"elementor-button-content-wrapper\">\n\t\t\t\t\t\t\t\t\t<span class=\"elementor-button-text\">Pro\u010ditajte vi\u0161e<\/span>\n\t\t\t\t\t<\/span>\n\t\t\t\t\t<\/a>\n\t\t\t\t<\/div>\n\t\t\t\t\t\t\t\t<\/div>\n\t\t\t\t<\/div>\n\t\t\t\t<\/div>\n\t\t\t\t<\/div>\n\t\t\t\t\t<\/div>\n\t\t\t\t<\/div>\n\t\t\t\t<\/div>","protected":false},"excerpt":{"rendered":"<p>Licensed military equipment manufacturer: Supplying high-quality military products Categories and products Ammunition boxes Four types of metal ammunition boxes that meet stringent military standards and specifications. Durable even under extremely harsh field conditions. Read more Ammunition links Three types of links for belting small and medium caliber ammunition. Designed to ensure continuous fire and smooth [&hellip;]<\/p>\n","protected":false},"author":1,"featured_media":0,"parent":0,"menu_order":0,"comment_status":"closed","ping_status":"closed","template":"","meta":{"inline_featured_image":false,"site-sidebar-layout":"no-sidebar","site-content-layout":"page-builder","ast-site-content-layout":"default","site-content-style":"default","site-sidebar-style":"default","ast-global-header-display":"","ast-banner-title-visibility":"","ast-main-header-display":"","ast-hfb-above-header-display":"","ast-hfb-below-header-display":"","ast-hfb-mobile-header-display":"","site-post-title":"disabled","ast-breadcrumbs-content":"","ast-featured-img":"disabled","footer-sml-layout":"","ast-disable-related-posts":"","theme-transparent-header-meta":"","adv-header-id-meta":"","stick-header-meta":"","header-above-stick-meta":"","header-main-stick-meta":"","header-below-stick-meta":"","astra-migrate-meta-layouts":"default","ast-page-background-enabled":"default","ast-page-background-meta":{"desktop":{"background-color":"var(--ast-global-color-4)","background-image":"","background-repeat":"repeat","background-position":"center center","background-size":"auto","background-attachment":"scroll","background-type":"","background-media":"","overlay-type":"","overlay-color":"","overlay-opacity":"","overlay-gradient":""},"tablet":{"background-color":"","background-image":"","background-repeat":"repeat","background-position":"center center","background-size":"auto","background-attachment":"scroll","background-type":"","background-media":"","overlay-type":"","overlay-color":"","overlay-opacity":"","overlay-gradient":""},"mobile":{"background-color":"","background-image":"","background-repeat":"repeat","background-position":"center center","background-size":"auto","background-attachment":"scroll","background-type":"","background-media":"","overlay-type":"","overlay-color":"","overlay-opacity":"","overlay-gradient":""}},"ast-content-background-meta":{"desktop":{"background-color":"var(--ast-global-color-5)","background-image":"","background-repeat":"repeat","background-position":"center center","background-size":"auto","background-attachment":"scroll","background-type":"","background-media":"","overlay-type":"","overlay-color":"","overlay-opacity":"","overlay-gradient":""},"tablet":{"background-color":"var(--ast-global-color-5)","background-image":"","background-repeat":"repeat","background-position":"center center","background-size":"auto","background-attachment":"scroll","background-type":"","background-media":"","overlay-type":"","overlay-color":"","overlay-opacity":"","overlay-gradient":""},"mobile":{"background-color":"var(--ast-global-color-5)","background-image":"","background-repeat":"repeat","background-position":"center center","background-size":"auto","background-attachment":"scroll","background-type":"","background-media":"","overlay-type":"","overlay-color":"","overlay-opacity":"","overlay-gradient":""}},"footnotes":""},"class_list":["post-38","page","type-page","status-publish","hentry"],"_links":{"self":[{"href":"https:\/\/stancovani-dijelovi.com\/bs\/wp-json\/wp\/v2\/pages\/38","targetHints":{"allow":["GET"]}}],"collection":[{"href":"https:\/\/stancovani-dijelovi.com\/bs\/wp-json\/wp\/v2\/pages"}],"about":[{"href":"https:\/\/stancovani-dijelovi.com\/bs\/wp-json\/wp\/v2\/types\/page"}],"author":[{"embeddable":true,"href":"https:\/\/stancovani-dijelovi.com\/bs\/wp-json\/wp\/v2\/users\/1"}],"replies":[{"embeddable":true,"href":"https:\/\/stancovani-dijelovi.com\/bs\/wp-json\/wp\/v2\/comments?post=38"}],"version-history":[{"count":92,"href":"https:\/\/stancovani-dijelovi.com\/bs\/wp-json\/wp\/v2\/pages\/38\/revisions"}],"predecessor-version":[{"id":2612,"href":"https:\/\/stancovani-dijelovi.com\/bs\/wp-json\/wp\/v2\/pages\/38\/revisions\/2612"}],"wp:attachment":[{"href":"https:\/\/stancovani-dijelovi.com\/bs\/wp-json\/wp\/v2\/media?parent=38"}],"curies":[{"name":"wp","href":"https:\/\/api.w.org\/{rel}","templated":true}]}}