{"id":163,"date":"2022-10-25T15:37:48","date_gmt":"2022-10-25T15:37:48","guid":{"rendered":"https:\/\/stancovani-dijelovi.com\/?page_id=163"},"modified":"2023-03-14T14:32:07","modified_gmt":"2023-03-14T14:32:07","slug":"145-x-114-mm-ammunition-box-2","status":"publish","type":"page","link":"https:\/\/stancovani-dijelovi.com\/bs\/military-products\/ammunition-boxes\/145-x-114-mm-ammunition-box-2\/","title":{"rendered":"Kutija za municiju 14,5 x 114 mm"},"content":{"rendered":"<div data-elementor-type=\"wp-page\" data-elementor-id=\"163\" class=\"elementor elementor-163\">\n\t\t\t\t<div class=\"elementor-element elementor-element-2486724d e-flex e-con-boxed e-con e-parent\" data-id=\"2486724d\" data-element_type=\"container\" data-e-type=\"container\">\n\t\t\t\t\t<div class=\"e-con-inner\">\n\t\t<div class=\"elementor-element elementor-element-71dd71f8 e-con-full e-flex e-con e-child\" data-id=\"71dd71f8\" data-element_type=\"container\" data-e-type=\"container\">\n\t\t\t\t<div class=\"elementor-element elementor-element-7214671d elementor-widget elementor-widget-heading\" data-id=\"7214671d\" data-element_type=\"widget\" data-e-type=\"widget\" data-widget_type=\"heading.default\">\n\t\t\t\t<div class=\"elementor-widget-container\">\n\t\t\t\t\t<h2 class=\"elementor-heading-title elementor-size-default\">Kutija za municiju 14,5 x 114 mm<\/h2>\t\t\t\t<\/div>\n\t\t\t\t<\/div>\n\t\t\t\t<div class=\"elementor-element elementor-element-4dd1ab1d elementor-widget elementor-widget-text-editor\" data-id=\"4dd1ab1d\" data-element_type=\"widget\" data-e-type=\"widget\" data-widget_type=\"text-editor.default\">\n\t\t\t\t<div class=\"elementor-widget-container\">\n\t\t\t\t\t\t\t\t\t<ul style=\"margin-left: 20px; margin-bottom: 0px;\">\n \t<li style=\"margin-bottom: 16px;\">Hermeti\u010dna metalna kutija za za pakovanje municije kalibra 14,5 x 114 mm.<\/li>\n \t<li style=\"margin-bottom: 16px;\">Konstruisana za iznimno te\u0161ke terenske uslove i vojnu upotrebu.<\/li>\n \t<li style=\"margin-bottom: 16px;\">Dolazi s ravnom sklopivom ru\u010dkom, izdr\u017eljivim poklopcem s polugom i gumenim zaptiva\u010dem oko untra\u0161njosti poklopca.<\/li>\n \t<li>Kapacitet proizvodnje kutija za municiju 14,5 x 114 mm: 320.000 komada godi\u0161nje.<\/li>\n<\/ul>\t\t\t\t\t\t\t\t<\/div>\n\t\t\t\t<\/div>\n\t\t\t\t<div class=\"elementor-element elementor-element-284e8338 elementor-widget elementor-widget-button\" data-id=\"284e8338\" data-element_type=\"widget\" data-e-type=\"widget\" data-widget_type=\"button.default\">\n\t\t\t\t<div class=\"elementor-widget-container\">\n\t\t\t\t\t\t\t\t\t<div class=\"elementor-button-wrapper\">\n\t\t\t\t\t<a class=\"elementor-button elementor-button-link elementor-size-sm\" href=\"https:\/\/stancovani-dijelovi.com\/bs\/contact\/\">\n\t\t\t\t\t\t<span class=\"elementor-button-content-wrapper\">\n\t\t\t\t\t\t\t\t\t<span class=\"elementor-button-text\">Po\u0161aljite upit<\/span>\n\t\t\t\t\t<\/span>\n\t\t\t\t\t<\/a>\n\t\t\t\t<\/div>\n\t\t\t\t\t\t\t\t<\/div>\n\t\t\t\t<\/div>\n\t\t\t\t<\/div>\n\t\t\t\t<div class=\"elementor-element elementor-element-286fc7ce elementor-arrows-position-outside elementor-widget__width-inherit elementor-pagination-position-outside elementor-widget elementor-widget-image-carousel\" data-id=\"286fc7ce\" data-element_type=\"widget\" data-e-type=\"widget\" data-settings=\"{&quot;slides_to_show&quot;:&quot;1&quot;,&quot;autoplay&quot;:&quot;no&quot;,&quot;navigation&quot;:&quot;both&quot;,&quot;infinite&quot;:&quot;yes&quot;,&quot;effect&quot;:&quot;slide&quot;,&quot;speed&quot;:500}\" data-widget_type=\"image-carousel.default\">\n\t\t\t\t<div class=\"elementor-widget-container\">\n\t\t\t\t\t\t\t<div class=\"elementor-image-carousel-wrapper swiper\" role=\"region\" aria-roledescription=\"carousel\" aria-label=\"Image Carousel\" dir=\"ltr\">\n\t\t\t<div class=\"elementor-image-carousel swiper-wrapper\" aria-live=\"polite\">\n\t\t\t\t\t\t\t\t<div class=\"swiper-slide\" role=\"group\" aria-roledescription=\"slide\" aria-label=\"1 of 6\"><a data-elementor-open-lightbox=\"yes\" data-elementor-lightbox-slideshow=\"286fc7ce\" data-elementor-lightbox-title=\"14,5 x 114 mm ammunition box\" data-e-action-hash=\"#elementor-action%3Aaction%3Dlightbox%26settings%3DeyJpZCI6MjM5MSwidXJsIjoiaHR0cHM6XC9cL3N0YW5jb3ZhbmktZGlqZWxvdmkuY29tXC93cC1jb250ZW50XC91cGxvYWRzXC8yMDIzXC8wM1wvMTQ1LXgtMTE0LW1tLWFtbXVuaXRpb24tYm94LTEuanBnIiwic2xpZGVzaG93IjoiMjg2ZmM3Y2UifQ%3D%3D\" href=\"https:\/\/stancovani-dijelovi.com\/wp-content\/uploads\/2023\/03\/145-x-114-mm-ammunition-box-1.jpg\"><figure class=\"swiper-slide-inner\"><img decoding=\"async\" class=\"swiper-slide-image\" src=\"https:\/\/stancovani-dijelovi.com\/wp-content\/uploads\/2023\/03\/145-x-114-mm-ammunition-box-1.jpg\" alt=\"14,5 x 114 mm ammunition box\" \/><\/figure><\/a><\/div><div class=\"swiper-slide\" role=\"group\" aria-roledescription=\"slide\" aria-label=\"2 of 6\"><a data-elementor-open-lightbox=\"yes\" data-elementor-lightbox-slideshow=\"286fc7ce\" data-elementor-lightbox-title=\"14,5 x 114 mm ammunition box\" data-e-action-hash=\"#elementor-action%3Aaction%3Dlightbox%26settings%3DeyJpZCI6MjM5MiwidXJsIjoiaHR0cHM6XC9cL3N0YW5jb3ZhbmktZGlqZWxvdmkuY29tXC93cC1jb250ZW50XC91cGxvYWRzXC8yMDIzXC8wM1wvMTQ1LXgtMTE0LW1tLWFtbXVuaXRpb24tYm94LTIuanBnIiwic2xpZGVzaG93IjoiMjg2ZmM3Y2UifQ%3D%3D\" href=\"https:\/\/stancovani-dijelovi.com\/wp-content\/uploads\/2023\/03\/145-x-114-mm-ammunition-box-2.jpg\"><figure class=\"swiper-slide-inner\"><img decoding=\"async\" class=\"swiper-slide-image\" src=\"https:\/\/stancovani-dijelovi.com\/wp-content\/uploads\/2023\/03\/145-x-114-mm-ammunition-box-2.jpg\" alt=\"14,5 x 114 mm ammunition box\" \/><\/figure><\/a><\/div><div class=\"swiper-slide\" role=\"group\" aria-roledescription=\"slide\" aria-label=\"3 of 6\"><a data-elementor-open-lightbox=\"yes\" data-elementor-lightbox-slideshow=\"286fc7ce\" data-elementor-lightbox-title=\"14,5 x 114 mm ammunition box\" data-e-action-hash=\"#elementor-action%3Aaction%3Dlightbox%26settings%3DeyJpZCI6MjM5MywidXJsIjoiaHR0cHM6XC9cL3N0YW5jb3ZhbmktZGlqZWxvdmkuY29tXC93cC1jb250ZW50XC91cGxvYWRzXC8yMDIzXC8wM1wvMTQ1LXgtMTE0LW1tLWFtbXVuaXRpb24tYm94LTMuanBnIiwic2xpZGVzaG93IjoiMjg2ZmM3Y2UifQ%3D%3D\" href=\"https:\/\/stancovani-dijelovi.com\/wp-content\/uploads\/2023\/03\/145-x-114-mm-ammunition-box-3.jpg\"><figure class=\"swiper-slide-inner\"><img decoding=\"async\" class=\"swiper-slide-image\" src=\"https:\/\/stancovani-dijelovi.com\/wp-content\/uploads\/2023\/03\/145-x-114-mm-ammunition-box-3.jpg\" alt=\"14,5 x 114 mm ammunition box\" \/><\/figure><\/a><\/div><div class=\"swiper-slide\" role=\"group\" aria-roledescription=\"slide\" aria-label=\"4 of 6\"><a data-elementor-open-lightbox=\"yes\" data-elementor-lightbox-slideshow=\"286fc7ce\" data-elementor-lightbox-title=\"14,5 x 114 mm ammunition box\" data-e-action-hash=\"#elementor-action%3Aaction%3Dlightbox%26settings%3DeyJpZCI6MjM5NCwidXJsIjoiaHR0cHM6XC9cL3N0YW5jb3ZhbmktZGlqZWxvdmkuY29tXC93cC1jb250ZW50XC91cGxvYWRzXC8yMDIzXC8wM1wvMTQ1LXgtMTE0LW1tLWFtbXVuaXRpb24tYm94LTQuanBnIiwic2xpZGVzaG93IjoiMjg2ZmM3Y2UifQ%3D%3D\" href=\"https:\/\/stancovani-dijelovi.com\/wp-content\/uploads\/2023\/03\/145-x-114-mm-ammunition-box-4.jpg\"><figure class=\"swiper-slide-inner\"><img decoding=\"async\" class=\"swiper-slide-image\" src=\"https:\/\/stancovani-dijelovi.com\/wp-content\/uploads\/2023\/03\/145-x-114-mm-ammunition-box-4.jpg\" alt=\"14,5 x 114 mm ammunition box\" \/><\/figure><\/a><\/div><div class=\"swiper-slide\" role=\"group\" aria-roledescription=\"slide\" aria-label=\"5 of 6\"><a data-elementor-open-lightbox=\"yes\" data-elementor-lightbox-slideshow=\"286fc7ce\" data-elementor-lightbox-title=\"Technical drawing\" data-e-action-hash=\"#elementor-action%3Aaction%3Dlightbox%26settings%3DeyJpZCI6MjM5NSwidXJsIjoiaHR0cHM6XC9cL3N0YW5jb3ZhbmktZGlqZWxvdmkuY29tXC93cC1jb250ZW50XC91cGxvYWRzXC8yMDIzXC8wM1wvMTQ1LXgtMTE0LW1tLWFtbXVuaXRpb24tYm94LTUuanBnIiwic2xpZGVzaG93IjoiMjg2ZmM3Y2UifQ%3D%3D\" href=\"https:\/\/stancovani-dijelovi.com\/wp-content\/uploads\/2023\/03\/145-x-114-mm-ammunition-box-5.jpg\"><figure class=\"swiper-slide-inner\"><img decoding=\"async\" class=\"swiper-slide-image\" src=\"https:\/\/stancovani-dijelovi.com\/wp-content\/uploads\/2023\/03\/145-x-114-mm-ammunition-box-5.jpg\" alt=\"14,5 x 114 mm ammunition box\" \/><\/figure><\/a><\/div><div class=\"swiper-slide\" role=\"group\" aria-roledescription=\"slide\" aria-label=\"6 of 6\"><a data-elementor-open-lightbox=\"yes\" data-elementor-lightbox-slideshow=\"286fc7ce\" data-elementor-lightbox-title=\"Technical drawing\" data-e-action-hash=\"#elementor-action%3Aaction%3Dlightbox%26settings%3DeyJpZCI6MjM5NiwidXJsIjoiaHR0cHM6XC9cL3N0YW5jb3ZhbmktZGlqZWxvdmkuY29tXC93cC1jb250ZW50XC91cGxvYWRzXC8yMDIzXC8wM1wvMTQ1LXgtMTE0LW1tLWFtbXVuaXRpb24tYm94LTYuanBnIiwic2xpZGVzaG93IjoiMjg2ZmM3Y2UifQ%3D%3D\" href=\"https:\/\/stancovani-dijelovi.com\/wp-content\/uploads\/2023\/03\/145-x-114-mm-ammunition-box-6.jpg\"><figure class=\"swiper-slide-inner\"><img decoding=\"async\" class=\"swiper-slide-image\" src=\"https:\/\/stancovani-dijelovi.com\/wp-content\/uploads\/2023\/03\/145-x-114-mm-ammunition-box-6.jpg\" alt=\"14,5 x 114 mm ammunition box\" \/><\/figure><\/a><\/div>\t\t\t<\/div>\n\t\t\t\t\t\t\t\t\t\t\t\t<div class=\"elementor-swiper-button elementor-swiper-button-prev\" role=\"button\" tabindex=\"0\">\n\t\t\t\t\t\t<i aria-hidden=\"true\" class=\"eicon-chevron-left\"><\/i>\t\t\t\t\t<\/div>\n\t\t\t\t\t<div class=\"elementor-swiper-button elementor-swiper-button-next\" role=\"button\" tabindex=\"0\">\n\t\t\t\t\t\t<i aria-hidden=\"true\" class=\"eicon-chevron-right\"><\/i>\t\t\t\t\t<\/div>\n\t\t\t\t\n\t\t\t\t\t\t\t\t\t<div class=\"swiper-pagination\"><\/div>\n\t\t\t\t\t\t\t\t\t<\/div>\n\t\t\t\t\t\t<\/div>\n\t\t\t\t<\/div>\n\t\t\t\t\t<\/div>\n\t\t\t\t<\/div>\n\t\t<div class=\"elementor-element elementor-element-1e8010b e-flex e-con-boxed e-con e-parent\" data-id=\"1e8010b\" data-element_type=\"container\" data-e-type=\"container\">\n\t\t\t\t\t<div class=\"e-con-inner\">\n\t\t\t\t<div class=\"elementor-element elementor-element-3db12a64 elementor-widget elementor-widget-heading\" data-id=\"3db12a64\" data-element_type=\"widget\" data-e-type=\"widget\" data-widget_type=\"heading.default\">\n\t\t\t\t<div class=\"elementor-widget-container\">\n\t\t\t\t\t<h3 class=\"elementor-heading-title elementor-size-default\">Kapacitet<\/h3>\t\t\t\t<\/div>\n\t\t\t\t<\/div>\n\t\t\t\t<div class=\"elementor-element elementor-element-591ea6cf elementor-widget__width-inherit elementor-widget elementor-widget-text-editor\" data-id=\"591ea6cf\" data-element_type=\"widget\" data-e-type=\"widget\" data-widget_type=\"text-editor.default\">\n\t\t\t\t<div class=\"elementor-widget-container\">\n\t\t\t\t\t\t\t\t\t<table>\n<tbody>\n<tr>\n<th style=\"width: 50%;\">Kalibar<\/th>\n<th>Kapacitet<\/th>\n<\/tr>\n<tr>\n<td>14,5 x 114 mm<\/td>\n<td>67 kom - kartonske kutije<\/td>\n<\/tr>\n<\/tbody>\n<\/table>\t\t\t\t\t\t\t\t<\/div>\n\t\t\t\t<\/div>\n\t\t\t\t\t<\/div>\n\t\t\t\t<\/div>\n\t\t<div class=\"elementor-element elementor-element-5cfaf1b7 e-flex e-con-boxed e-con e-parent\" data-id=\"5cfaf1b7\" data-element_type=\"container\" data-e-type=\"container\">\n\t\t\t\t\t<div class=\"e-con-inner\">\n\t\t\t\t<div class=\"elementor-element elementor-element-182f2af1 elementor-widget elementor-widget-heading\" data-id=\"182f2af1\" data-element_type=\"widget\" data-e-type=\"widget\" data-widget_type=\"heading.default\">\n\t\t\t\t<div class=\"elementor-widget-container\">\n\t\t\t\t\t<h3 class=\"elementor-heading-title elementor-size-default\">Specifikacije<\/h3>\t\t\t\t<\/div>\n\t\t\t\t<\/div>\n\t\t\t\t<div class=\"elementor-element elementor-element-238bd3e0 elementor-widget__width-inherit elementor-widget elementor-widget-text-editor\" data-id=\"238bd3e0\" data-element_type=\"widget\" data-e-type=\"widget\" data-widget_type=\"text-editor.default\">\n\t\t\t\t<div class=\"elementor-widget-container\">\n\t\t\t\t\t\t\t\t\t<table>\n<tbody>\n<tr>\n<th style=\"width: 50%;\">Oznaka:<\/th>\n<td>14,5 x 114 mm<\/td>\n<\/tr>\n<tr>\n<th>Dimenzije (D x \u0160 x V):<\/th>\n<td>292 x 173 x 202 mm<\/td>\n<\/tr>\n<tr>\n<th>Materijal:<\/th>\n<td>\u010celik - DC01\/St12<\/td>\n<\/tr>\n<tr>\n<th>Debljina materijala:<\/th>\n<td>0,5 &#8211; 0,8 &#8211; 1,0 &#8211; 1,25 &#8211; 2,0 mm<\/td>\n<\/tr>\n<tr>\n<th>Predtretman:<\/th>\n<td>Fosfatiranje<\/td>\n<\/tr>\n<tr>\n<th>Za\u0161tita povr\u0161ine:<\/th>\n<td>Elektrostatsko lakiranje prahom<\/td>\n<\/tr>\n<tr>\n<th>Boja:<\/th>\n<td><img decoding=\"async\" style=\"padding-right: 8px;\" src=\"https:\/\/stancovani-dijelovi.com\/wp-content\/uploads\/2022\/10\/RAL-6014.svg\" \/>RAL 6014<\/td>\n<\/tr>\n<tr>\n<th>Neto te\u017eina:<\/th>\n<td>3,20 kg<\/td>\n<\/tr>\n<\/tbody>\n<\/table>\t\t\t\t\t\t\t\t<\/div>\n\t\t\t\t<\/div>\n\t\t\t\t\t<\/div>\n\t\t\t\t<\/div>\n\t\t\t\t<\/div>","protected":false},"excerpt":{"rendered":"<p>14,5 x 114 mm ammunition box Airtight metal ammunition box for packaging 14,5 x 114 mm caliber ammunition. Constructed for extremely harsh field conditions and military usage. Comes with flat-folding handle, durable lever lid, and rubber gasket around the inside of the lid. Production capacity of 14,5 x 114 mm ammunition boxes: 320.000 pieces per [&hellip;]<\/p>\n","protected":false},"author":1,"featured_media":0,"parent":76,"menu_order":0,"comment_status":"closed","ping_status":"closed","template":"","meta":{"inline_featured_image":false,"site-sidebar-layout":"no-sidebar","site-content-layout":"page-builder","ast-site-content-layout":"default","site-content-style":"default","site-sidebar-style":"default","ast-global-header-display":"","ast-banner-title-visibility":"","ast-main-header-display":"","ast-hfb-above-header-display":"","ast-hfb-below-header-display":"","ast-hfb-mobile-header-display":"","site-post-title":"disabled","ast-breadcrumbs-content":"","ast-featured-img":"disabled","footer-sml-layout":"","ast-disable-related-posts":"","theme-transparent-header-meta":"","adv-header-id-meta":"","stick-header-meta":"","header-above-stick-meta":"","header-main-stick-meta":"","header-below-stick-meta":"","astra-migrate-meta-layouts":"default","ast-page-background-enabled":"default","ast-page-background-meta":{"desktop":{"background-color":"var(--ast-global-color-4)","background-image":"","background-repeat":"repeat","background-position":"center center","background-size":"auto","background-attachment":"scroll","background-type":"","background-media":"","overlay-type":"","overlay-color":"","overlay-opacity":"","overlay-gradient":""},"tablet":{"background-color":"","background-image":"","background-repeat":"repeat","background-position":"center center","background-size":"auto","background-attachment":"scroll","background-type":"","background-media":"","overlay-type":"","overlay-color":"","overlay-opacity":"","overlay-gradient":""},"mobile":{"background-color":"","background-image":"","background-repeat":"repeat","background-position":"center center","background-size":"auto","background-attachment":"scroll","background-type":"","background-media":"","overlay-type":"","overlay-color":"","overlay-opacity":"","overlay-gradient":""}},"ast-content-background-meta":{"desktop":{"background-color":"var(--ast-global-color-5)","background-image":"","background-repeat":"repeat","background-position":"center center","background-size":"auto","background-attachment":"scroll","background-type":"","background-media":"","overlay-type":"","overlay-color":"","overlay-opacity":"","overlay-gradient":""},"tablet":{"background-color":"var(--ast-global-color-5)","background-image":"","background-repeat":"repeat","background-position":"center center","background-size":"auto","background-attachment":"scroll","background-type":"","background-media":"","overlay-type":"","overlay-color":"","overlay-opacity":"","overlay-gradient":""},"mobile":{"background-color":"var(--ast-global-color-5)","background-image":"","background-repeat":"repeat","background-position":"center center","background-size":"auto","background-attachment":"scroll","background-type":"","background-media":"","overlay-type":"","overlay-color":"","overlay-opacity":"","overlay-gradient":""}},"footnotes":""},"class_list":["post-163","page","type-page","status-publish","hentry"],"_links":{"self":[{"href":"https:\/\/stancovani-dijelovi.com\/bs\/wp-json\/wp\/v2\/pages\/163","targetHints":{"allow":["GET"]}}],"collection":[{"href":"https:\/\/stancovani-dijelovi.com\/bs\/wp-json\/wp\/v2\/pages"}],"about":[{"href":"https:\/\/stancovani-dijelovi.com\/bs\/wp-json\/wp\/v2\/types\/page"}],"author":[{"embeddable":true,"href":"https:\/\/stancovani-dijelovi.com\/bs\/wp-json\/wp\/v2\/users\/1"}],"replies":[{"embeddable":true,"href":"https:\/\/stancovani-dijelovi.com\/bs\/wp-json\/wp\/v2\/comments?post=163"}],"version-history":[{"count":31,"href":"https:\/\/stancovani-dijelovi.com\/bs\/wp-json\/wp\/v2\/pages\/163\/revisions"}],"predecessor-version":[{"id":2399,"href":"https:\/\/stancovani-dijelovi.com\/bs\/wp-json\/wp\/v2\/pages\/163\/revisions\/2399"}],"up":[{"embeddable":true,"href":"https:\/\/stancovani-dijelovi.com\/bs\/wp-json\/wp\/v2\/pages\/76"}],"wp:attachment":[{"href":"https:\/\/stancovani-dijelovi.com\/bs\/wp-json\/wp\/v2\/media?parent=163"}],"curies":[{"name":"wp","href":"https:\/\/api.w.org\/{rel}","templated":true}]}}