{"id":161,"date":"2022-10-25T15:36:08","date_gmt":"2022-10-25T15:36:08","guid":{"rendered":"https:\/\/stancovani-dijelovi.com\/?page_id=161"},"modified":"2023-03-14T14:28:10","modified_gmt":"2023-03-14T14:28:10","slug":"127-x-108-mm-ammunition-box-2","status":"publish","type":"page","link":"https:\/\/stancovani-dijelovi.com\/bs\/military-products\/ammunition-boxes\/127-x-108-mm-ammunition-box-2\/","title":{"rendered":"Kutija za municiju 12,7 x 108 mm"},"content":{"rendered":"<div data-elementor-type=\"wp-page\" data-elementor-id=\"161\" class=\"elementor elementor-161\">\n\t\t\t\t<div class=\"elementor-element elementor-element-20e9802a e-flex e-con-boxed e-con e-parent\" data-id=\"20e9802a\" data-element_type=\"container\" data-e-type=\"container\">\n\t\t\t\t\t<div class=\"e-con-inner\">\n\t\t<div class=\"elementor-element elementor-element-a1cb657 e-con-full e-flex e-con e-child\" data-id=\"a1cb657\" data-element_type=\"container\" data-e-type=\"container\">\n\t\t\t\t<div class=\"elementor-element elementor-element-4d8fd85d elementor-widget elementor-widget-heading\" data-id=\"4d8fd85d\" data-element_type=\"widget\" data-e-type=\"widget\" data-widget_type=\"heading.default\">\n\t\t\t\t<div class=\"elementor-widget-container\">\n\t\t\t\t\t<h2 class=\"elementor-heading-title elementor-size-default\">Kutija za municiju 12,7 x 108 mm<\/h2>\t\t\t\t<\/div>\n\t\t\t\t<\/div>\n\t\t\t\t<div class=\"elementor-element elementor-element-470a92a2 elementor-widget elementor-widget-text-editor\" data-id=\"470a92a2\" data-element_type=\"widget\" data-e-type=\"widget\" data-widget_type=\"text-editor.default\">\n\t\t\t\t<div class=\"elementor-widget-container\">\n\t\t\t\t\t\t\t\t\t<ul style=\"margin-left: 20px; margin-bottom: 0px;\">\n \t<li style=\"margin-bottom: 16px;\">Hermeti\u010dna metalna kutija za za pakovanje municije kalibra 12,7 x 108 mm.<\/li>\n \t<li style=\"margin-bottom: 16px;\">Konstruisana za iznimno te\u0161ke terenske uslove i vojnu upotrebu.<\/li>\n \t<li style=\"margin-bottom: 16px;\">Dolazi s ravnom sklopivom ru\u010dkom, izdr\u017eljivim poklopcem s polugom i gumenim zaptiva\u010dem oko untra\u0161njosti poklopca.<\/li>\n \t<li style=\"margin-bottom: 16px;\">Proizvodi se i testira u skladu s MIL specifikacijama.<\/li>\n \t<li>Kapacitet proizvodnje kutija za municiju 12,7 x 108 mm: 350.000 komada godi\u0161nje.<\/li>\n<\/ul>\t\t\t\t\t\t\t\t<\/div>\n\t\t\t\t<\/div>\n\t\t\t\t<div class=\"elementor-element elementor-element-3b510a01 elementor-widget elementor-widget-button\" data-id=\"3b510a01\" data-element_type=\"widget\" data-e-type=\"widget\" data-widget_type=\"button.default\">\n\t\t\t\t<div class=\"elementor-widget-container\">\n\t\t\t\t\t\t\t\t\t<div class=\"elementor-button-wrapper\">\n\t\t\t\t\t<a class=\"elementor-button elementor-button-link elementor-size-sm\" href=\"https:\/\/stancovani-dijelovi.com\/bs\/contact\/\">\n\t\t\t\t\t\t<span class=\"elementor-button-content-wrapper\">\n\t\t\t\t\t\t\t\t\t<span class=\"elementor-button-text\">Po\u0161aljite upit<\/span>\n\t\t\t\t\t<\/span>\n\t\t\t\t\t<\/a>\n\t\t\t\t<\/div>\n\t\t\t\t\t\t\t\t<\/div>\n\t\t\t\t<\/div>\n\t\t\t\t<\/div>\n\t\t\t\t<div class=\"elementor-element elementor-element-77a557c0 elementor-arrows-position-outside elementor-widget__width-inherit elementor-pagination-position-outside elementor-widget elementor-widget-image-carousel\" data-id=\"77a557c0\" data-element_type=\"widget\" data-e-type=\"widget\" data-settings=\"{&quot;slides_to_show&quot;:&quot;1&quot;,&quot;autoplay&quot;:&quot;no&quot;,&quot;navigation&quot;:&quot;both&quot;,&quot;infinite&quot;:&quot;yes&quot;,&quot;effect&quot;:&quot;slide&quot;,&quot;speed&quot;:500}\" data-widget_type=\"image-carousel.default\">\n\t\t\t\t<div class=\"elementor-widget-container\">\n\t\t\t\t\t\t\t<div class=\"elementor-image-carousel-wrapper swiper\" role=\"region\" aria-roledescription=\"carousel\" aria-label=\"Vrtuljak slika\" dir=\"ltr\">\n\t\t\t<div class=\"elementor-image-carousel swiper-wrapper\" aria-live=\"polite\">\n\t\t\t\t\t\t\t\t<div class=\"swiper-slide\" role=\"group\" aria-roledescription=\"slide\" aria-label=\"1 of 6\" data-no-translation-aria-label=\"\"><a data-elementor-open-lightbox=\"yes\" data-elementor-lightbox-slideshow=\"77a557c0\" data-elementor-lightbox-title=\"12,7 x 108 mm ammunition box\" data-e-action-hash=\"#elementor-action%3Aaction%3Dlightbox%26settings%3DeyJpZCI6MjM4MiwidXJsIjoiaHR0cHM6XC9cL3N0YW5jb3ZhbmktZGlqZWxvdmkuY29tXC93cC1jb250ZW50XC91cGxvYWRzXC8yMDIzXC8wM1wvMTI3LXgtMTA4LW1tLWFtbXVuaXRpb24tYm94LTEuanBnIiwic2xpZGVzaG93IjoiNzdhNTU3YzAifQ%3D%3D\" href=\"https:\/\/stancovani-dijelovi.com\/wp-content\/uploads\/2023\/03\/127-x-108-mm-ammunition-box-1.jpg\"><figure class=\"swiper-slide-inner\"><img decoding=\"async\" class=\"swiper-slide-image\" src=\"https:\/\/stancovani-dijelovi.com\/wp-content\/uploads\/2023\/03\/127-x-108-mm-ammunition-box-1.jpg\" alt=\"12,7 x 108 mm ammunition box\" \/><\/figure><\/a><\/div><div class=\"swiper-slide\" role=\"group\" aria-roledescription=\"slide\" aria-label=\"2 of 6\" data-no-translation-aria-label=\"\"><a data-elementor-open-lightbox=\"yes\" data-elementor-lightbox-slideshow=\"77a557c0\" data-elementor-lightbox-title=\"12,7 x 108 mm ammunition box\" data-e-action-hash=\"#elementor-action%3Aaction%3Dlightbox%26settings%3DeyJpZCI6MjM4MywidXJsIjoiaHR0cHM6XC9cL3N0YW5jb3ZhbmktZGlqZWxvdmkuY29tXC93cC1jb250ZW50XC91cGxvYWRzXC8yMDIzXC8wM1wvMTI3LXgtMTA4LW1tLWFtbXVuaXRpb24tYm94LTIuanBnIiwic2xpZGVzaG93IjoiNzdhNTU3YzAifQ%3D%3D\" href=\"https:\/\/stancovani-dijelovi.com\/wp-content\/uploads\/2023\/03\/127-x-108-mm-ammunition-box-2.jpg\"><figure class=\"swiper-slide-inner\"><img decoding=\"async\" class=\"swiper-slide-image\" src=\"https:\/\/stancovani-dijelovi.com\/wp-content\/uploads\/2023\/03\/127-x-108-mm-ammunition-box-2.jpg\" alt=\"12,7 x 108 mm ammunition box\" \/><\/figure><\/a><\/div><div class=\"swiper-slide\" role=\"group\" aria-roledescription=\"slide\" aria-label=\"3 of 6\" data-no-translation-aria-label=\"\"><a data-elementor-open-lightbox=\"yes\" data-elementor-lightbox-slideshow=\"77a557c0\" data-elementor-lightbox-title=\"12,7 x 108 mm ammunition box\" data-e-action-hash=\"#elementor-action%3Aaction%3Dlightbox%26settings%3DeyJpZCI6MjM4NCwidXJsIjoiaHR0cHM6XC9cL3N0YW5jb3ZhbmktZGlqZWxvdmkuY29tXC93cC1jb250ZW50XC91cGxvYWRzXC8yMDIzXC8wM1wvMTI3LXgtMTA4LW1tLWFtbXVuaXRpb24tYm94LTMuanBnIiwic2xpZGVzaG93IjoiNzdhNTU3YzAifQ%3D%3D\" href=\"https:\/\/stancovani-dijelovi.com\/wp-content\/uploads\/2023\/03\/127-x-108-mm-ammunition-box-3.jpg\"><figure class=\"swiper-slide-inner\"><img decoding=\"async\" class=\"swiper-slide-image\" src=\"https:\/\/stancovani-dijelovi.com\/wp-content\/uploads\/2023\/03\/127-x-108-mm-ammunition-box-3.jpg\" alt=\"12,7 x 108 mm ammunition box\" \/><\/figure><\/a><\/div><div class=\"swiper-slide\" role=\"group\" aria-roledescription=\"slide\" aria-label=\"4 of 6\" data-no-translation-aria-label=\"\"><a data-elementor-open-lightbox=\"yes\" data-elementor-lightbox-slideshow=\"77a557c0\" data-elementor-lightbox-title=\"12,7 x 108 mm ammunition box\" data-e-action-hash=\"#elementor-action%3Aaction%3Dlightbox%26settings%3DeyJpZCI6MjM4NSwidXJsIjoiaHR0cHM6XC9cL3N0YW5jb3ZhbmktZGlqZWxvdmkuY29tXC93cC1jb250ZW50XC91cGxvYWRzXC8yMDIzXC8wM1wvMTI3LXgtMTA4LW1tLWFtbXVuaXRpb24tYm94LTQuanBnIiwic2xpZGVzaG93IjoiNzdhNTU3YzAifQ%3D%3D\" href=\"https:\/\/stancovani-dijelovi.com\/wp-content\/uploads\/2023\/03\/127-x-108-mm-ammunition-box-4.jpg\"><figure class=\"swiper-slide-inner\"><img decoding=\"async\" class=\"swiper-slide-image\" src=\"https:\/\/stancovani-dijelovi.com\/wp-content\/uploads\/2023\/03\/127-x-108-mm-ammunition-box-4.jpg\" alt=\"12,7 x 108 mm ammunition box\" \/><\/figure><\/a><\/div><div class=\"swiper-slide\" role=\"group\" aria-roledescription=\"slide\" aria-label=\"5 of 6\" data-no-translation-aria-label=\"\"><a data-elementor-open-lightbox=\"yes\" data-elementor-lightbox-slideshow=\"77a557c0\" data-elementor-lightbox-title=\"Technical drawing\" data-e-action-hash=\"#elementor-action%3Aaction%3Dlightbox%26settings%3DeyJpZCI6MjM4NiwidXJsIjoiaHR0cHM6XC9cL3N0YW5jb3ZhbmktZGlqZWxvdmkuY29tXC93cC1jb250ZW50XC91cGxvYWRzXC8yMDIzXC8wM1wvMTI3LXgtMTA4LW1tLWFtbXVuaXRpb24tYm94LTUuanBnIiwic2xpZGVzaG93IjoiNzdhNTU3YzAifQ%3D%3D\" href=\"https:\/\/stancovani-dijelovi.com\/wp-content\/uploads\/2023\/03\/127-x-108-mm-ammunition-box-5.jpg\"><figure class=\"swiper-slide-inner\"><img decoding=\"async\" class=\"swiper-slide-image\" src=\"https:\/\/stancovani-dijelovi.com\/wp-content\/uploads\/2023\/03\/127-x-108-mm-ammunition-box-5.jpg\" alt=\"12,7 x 108 mm ammunition box\" \/><\/figure><\/a><\/div><div class=\"swiper-slide\" role=\"group\" aria-roledescription=\"slide\" aria-label=\"6 of 6\" data-no-translation-aria-label=\"\"><a data-elementor-open-lightbox=\"yes\" data-elementor-lightbox-slideshow=\"77a557c0\" data-elementor-lightbox-title=\"Technical drawing\" data-e-action-hash=\"#elementor-action%3Aaction%3Dlightbox%26settings%3DeyJpZCI6MjM4NywidXJsIjoiaHR0cHM6XC9cL3N0YW5jb3ZhbmktZGlqZWxvdmkuY29tXC93cC1jb250ZW50XC91cGxvYWRzXC8yMDIzXC8wM1wvMTI3LXgtMTA4LW1tLWFtbXVuaXRpb24tYm94LTYuanBnIiwic2xpZGVzaG93IjoiNzdhNTU3YzAifQ%3D%3D\" href=\"https:\/\/stancovani-dijelovi.com\/wp-content\/uploads\/2023\/03\/127-x-108-mm-ammunition-box-6.jpg\"><figure class=\"swiper-slide-inner\"><img decoding=\"async\" class=\"swiper-slide-image\" src=\"https:\/\/stancovani-dijelovi.com\/wp-content\/uploads\/2023\/03\/127-x-108-mm-ammunition-box-6.jpg\" alt=\"12,7 x 108 mm ammunition box\" \/><\/figure><\/a><\/div>\t\t\t<\/div>\n\t\t\t\t\t\t\t\t\t\t\t\t<div class=\"elementor-swiper-button elementor-swiper-button-prev\" role=\"button\" tabindex=\"0\">\n\t\t\t\t\t\t<i aria-hidden=\"true\" class=\"eicon-chevron-left\"><\/i>\t\t\t\t\t<\/div>\n\t\t\t\t\t<div class=\"elementor-swiper-button elementor-swiper-button-next\" role=\"button\" tabindex=\"0\">\n\t\t\t\t\t\t<i aria-hidden=\"true\" class=\"eicon-chevron-right\"><\/i>\t\t\t\t\t<\/div>\n\t\t\t\t\n\t\t\t\t\t\t\t\t\t<div class=\"swiper-pagination\"><\/div>\n\t\t\t\t\t\t\t\t\t<\/div>\n\t\t\t\t\t\t<\/div>\n\t\t\t\t<\/div>\n\t\t\t\t\t<\/div>\n\t\t\t\t<\/div>\n\t\t<div class=\"elementor-element elementor-element-4ae23b25 e-flex e-con-boxed e-con e-parent\" data-id=\"4ae23b25\" data-element_type=\"container\" data-e-type=\"container\">\n\t\t\t\t\t<div class=\"e-con-inner\">\n\t\t\t\t<div class=\"elementor-element elementor-element-3d09d80f elementor-widget elementor-widget-heading\" data-id=\"3d09d80f\" data-element_type=\"widget\" data-e-type=\"widget\" data-widget_type=\"heading.default\">\n\t\t\t\t<div class=\"elementor-widget-container\">\n\t\t\t\t\t<h3 class=\"elementor-heading-title elementor-size-default\">Kapacitet<\/h3>\t\t\t\t<\/div>\n\t\t\t\t<\/div>\n\t\t\t\t<div class=\"elementor-element elementor-element-830e007 elementor-widget__width-inherit elementor-widget elementor-widget-text-editor\" data-id=\"830e007\" data-element_type=\"widget\" data-e-type=\"widget\" data-widget_type=\"text-editor.default\">\n\t\t\t\t<div class=\"elementor-widget-container\">\n\t\t\t\t\t\t\t\t\t<table>\n<tbody>\n<tr>\n<th style=\"width: 50%;\">Kalibar<\/th>\n<th>Kapacitet<\/th>\n<\/tr>\n<tr>\n<td>12,7 x 108 mm<\/td>\n<td>60 kom - 12,7 x 108 mm redenik<\/td>\n<\/tr>\n<\/tbody>\n<\/table>\t\t\t\t\t\t\t\t<\/div>\n\t\t\t\t<\/div>\n\t\t\t\t\t<\/div>\n\t\t\t\t<\/div>\n\t\t<div class=\"elementor-element elementor-element-1ce47aad e-flex e-con-boxed e-con e-parent\" data-id=\"1ce47aad\" data-element_type=\"container\" data-e-type=\"container\">\n\t\t\t\t\t<div class=\"e-con-inner\">\n\t\t\t\t<div class=\"elementor-element elementor-element-7dcb6b1a elementor-widget elementor-widget-heading\" data-id=\"7dcb6b1a\" data-element_type=\"widget\" data-e-type=\"widget\" data-widget_type=\"heading.default\">\n\t\t\t\t<div class=\"elementor-widget-container\">\n\t\t\t\t\t<h3 class=\"elementor-heading-title elementor-size-default\">Specifikacije<\/h3>\t\t\t\t<\/div>\n\t\t\t\t<\/div>\n\t\t\t\t<div class=\"elementor-element elementor-element-10ec3256 elementor-widget__width-inherit elementor-widget elementor-widget-text-editor\" data-id=\"10ec3256\" data-element_type=\"widget\" data-e-type=\"widget\" data-widget_type=\"text-editor.default\">\n\t\t\t\t<div class=\"elementor-widget-container\">\n\t\t\t\t\t\t\t\t\t<table>\n<tbody>\n<tr>\n<th style=\"width: 50%;\">Oznaka:<\/th>\n<td>12,7 x 108 mm<\/td>\n<\/tr>\n<tr>\n<th>Dimenzije (D x \u0160 x V):<\/th>\n<td>310 x 165 x 156 mm<\/td>\n<\/tr>\n<tr>\n<th>Materijal:<\/th>\n<td>\u010celik - DC01\/St12<\/td>\n<\/tr>\n<tr>\n<th>Debljina materijala:<\/th>\n<td>0,5 &#8211; 0,8 &#8211; 1,0 &#8211; 1,25 &#8211; 2,0 mm<\/td>\n<\/tr>\n<tr>\n<th>Predtretman:<\/th>\n<td>Fosfatiranje<\/td>\n<\/tr>\n<tr>\n<th>Za\u0161tita povr\u0161ine:<\/th>\n<td>Elektrostatsko lakiranje prahom<\/td>\n<\/tr>\n<tr>\n<th>Boja:<\/th>\n<td><img decoding=\"async\" style=\"padding-right: 8px;\" src=\"https:\/\/stancovani-dijelovi.com\/wp-content\/uploads\/2022\/10\/RAL-6014.svg\" \/>RAL 6014<\/td>\n<\/tr>\n<tr>\n<th>Neto te\u017eina:<\/th>\n<td>2,92 kg<\/td>\n<\/tr>\n<tr>\n<th>Licenca br.:<\/th>\n<td>6884<\/td>\n<\/tr>\n<\/tbody>\n<\/table>\t\t\t\t\t\t\t\t<\/div>\n\t\t\t\t<\/div>\n\t\t\t\t\t<\/div>\n\t\t\t\t<\/div>\n\t\t\t\t<\/div>","protected":false},"excerpt":{"rendered":"<p>12,7 x 108 mm ammunition box Airtight metal ammunition box for packaging 12,7 x 108 mm ammunition. Constructed for extremely harsh field conditions and military usage. Comes with flat-folding handle, durable lever lid, and rubber gasket around the inside of the lid. Manufactured and tested in accordance with MIL specifications. Production capacity of 12,7 x [&hellip;]<\/p>\n","protected":false},"author":1,"featured_media":0,"parent":76,"menu_order":0,"comment_status":"closed","ping_status":"closed","template":"","meta":{"inline_featured_image":false,"site-sidebar-layout":"no-sidebar","site-content-layout":"page-builder","ast-site-content-layout":"default","site-content-style":"default","site-sidebar-style":"default","ast-global-header-display":"","ast-banner-title-visibility":"","ast-main-header-display":"","ast-hfb-above-header-display":"","ast-hfb-below-header-display":"","ast-hfb-mobile-header-display":"","site-post-title":"disabled","ast-breadcrumbs-content":"","ast-featured-img":"disabled","footer-sml-layout":"","ast-disable-related-posts":"","theme-transparent-header-meta":"","adv-header-id-meta":"","stick-header-meta":"","header-above-stick-meta":"","header-main-stick-meta":"","header-below-stick-meta":"","astra-migrate-meta-layouts":"default","ast-page-background-enabled":"default","ast-page-background-meta":{"desktop":{"background-color":"var(--ast-global-color-4)","background-image":"","background-repeat":"repeat","background-position":"center center","background-size":"auto","background-attachment":"scroll","background-type":"","background-media":"","overlay-type":"","overlay-color":"","overlay-opacity":"","overlay-gradient":""},"tablet":{"background-color":"","background-image":"","background-repeat":"repeat","background-position":"center center","background-size":"auto","background-attachment":"scroll","background-type":"","background-media":"","overlay-type":"","overlay-color":"","overlay-opacity":"","overlay-gradient":""},"mobile":{"background-color":"","background-image":"","background-repeat":"repeat","background-position":"center center","background-size":"auto","background-attachment":"scroll","background-type":"","background-media":"","overlay-type":"","overlay-color":"","overlay-opacity":"","overlay-gradient":""}},"ast-content-background-meta":{"desktop":{"background-color":"var(--ast-global-color-5)","background-image":"","background-repeat":"repeat","background-position":"center center","background-size":"auto","background-attachment":"scroll","background-type":"","background-media":"","overlay-type":"","overlay-color":"","overlay-opacity":"","overlay-gradient":""},"tablet":{"background-color":"var(--ast-global-color-5)","background-image":"","background-repeat":"repeat","background-position":"center center","background-size":"auto","background-attachment":"scroll","background-type":"","background-media":"","overlay-type":"","overlay-color":"","overlay-opacity":"","overlay-gradient":""},"mobile":{"background-color":"var(--ast-global-color-5)","background-image":"","background-repeat":"repeat","background-position":"center center","background-size":"auto","background-attachment":"scroll","background-type":"","background-media":"","overlay-type":"","overlay-color":"","overlay-opacity":"","overlay-gradient":""}},"footnotes":""},"class_list":["post-161","page","type-page","status-publish","hentry"],"_links":{"self":[{"href":"https:\/\/stancovani-dijelovi.com\/bs\/wp-json\/wp\/v2\/pages\/161","targetHints":{"allow":["GET"]}}],"collection":[{"href":"https:\/\/stancovani-dijelovi.com\/bs\/wp-json\/wp\/v2\/pages"}],"about":[{"href":"https:\/\/stancovani-dijelovi.com\/bs\/wp-json\/wp\/v2\/types\/page"}],"author":[{"embeddable":true,"href":"https:\/\/stancovani-dijelovi.com\/bs\/wp-json\/wp\/v2\/users\/1"}],"replies":[{"embeddable":true,"href":"https:\/\/stancovani-dijelovi.com\/bs\/wp-json\/wp\/v2\/comments?post=161"}],"version-history":[{"count":28,"href":"https:\/\/stancovani-dijelovi.com\/bs\/wp-json\/wp\/v2\/pages\/161\/revisions"}],"predecessor-version":[{"id":2390,"href":"https:\/\/stancovani-dijelovi.com\/bs\/wp-json\/wp\/v2\/pages\/161\/revisions\/2390"}],"up":[{"embeddable":true,"href":"https:\/\/stancovani-dijelovi.com\/bs\/wp-json\/wp\/v2\/pages\/76"}],"wp:attachment":[{"href":"https:\/\/stancovani-dijelovi.com\/bs\/wp-json\/wp\/v2\/media?parent=161"}],"curies":[{"name":"wp","href":"https:\/\/api.w.org\/{rel}","templated":true}]}}