{"id":1587,"date":"2023-01-19T18:10:39","date_gmt":"2023-01-19T18:10:39","guid":{"rendered":"https:\/\/stancovani-dijelovi.com\/?page_id=1587"},"modified":"2023-03-14T15:24:51","modified_gmt":"2023-03-14T15:24:51","slug":"pallet-collar-hinges","status":"publish","type":"page","link":"https:\/\/stancovani-dijelovi.com\/bs\/b2b-products\/pallet-collar-hinges\/","title":{"rendered":"Baglame za paletne okvire"},"content":{"rendered":"<div data-elementor-type=\"wp-page\" data-elementor-id=\"1587\" class=\"elementor elementor-1587\">\n\t\t\t\t<div class=\"elementor-element elementor-element-6c76e125 e-flex e-con-boxed e-con e-parent\" data-id=\"6c76e125\" data-element_type=\"container\" data-e-type=\"container\">\n\t\t\t\t\t<div class=\"e-con-inner\">\n\t\t<div class=\"elementor-element elementor-element-622da6ed e-con-full e-flex e-con e-parent\" data-id=\"622da6ed\" data-element_type=\"container\" data-e-type=\"container\">\n\t\t\t\t<div class=\"elementor-element elementor-element-471918f5 elementor-widget elementor-widget-heading\" data-id=\"471918f5\" data-element_type=\"widget\" data-e-type=\"widget\" data-widget_type=\"heading.default\">\n\t\t\t\t<div class=\"elementor-widget-container\">\n\t\t\t\t\t<h2 class=\"elementor-heading-title elementor-size-default\">Baglame za paletne okvire<\/h2>\t\t\t\t<\/div>\n\t\t\t\t<\/div>\n\t\t\t\t<div class=\"elementor-element elementor-element-686819e elementor-widget elementor-widget-text-editor\" data-id=\"686819e\" data-element_type=\"widget\" data-e-type=\"widget\" data-widget_type=\"text-editor.default\">\n\t\t\t\t<div class=\"elementor-widget-container\">\n\t\t\t\t\t\t\t\t\t<ul style=\"margin-left: 20px; margin-bottom: 0px;\">\n \t<li style=\"margin-bottom: 16px;\">Baglame za spajanje paletnih okvira s paletama.<\/li>\n \t<li style=\"margin-bottom: 16px;\">Prikladne za paletne okvire debljine 18-20 mm i sve vrste paleta.<\/li>\n \t<li style=\"margin-bottom: 16px;\">Idealne za upotrebu u logistici, skladi\u0161tenju i proizvodnji.<\/li>\n \t<li style=\"margin-bottom: 16px;\">Osiguravaju stabilnost i sigurnost tereta na paleti.<\/li>\n \t<li style=\"margin-bottom: 16px;\">Jednostavno se otvaraju i zatvaraju, olak\u0161avaju\u0107i utovar i istovar robe.<\/li>\n \t<li style=\"margin-bottom: 16px;\">Galvanizirane i pasivizirane za maksimalnu otpornost na koroziju i izdr\u017eljivot.<\/li>\n \t<li>Dizajnirane da izdr\u017ee velika optere\u0107enja i \u010destu upotrebu.<\/li>\n<\/ul>\t\t\t\t\t\t\t\t<\/div>\n\t\t\t\t<\/div>\n\t\t\t\t<div class=\"elementor-element elementor-element-2649b elementor-widget elementor-widget-button\" data-id=\"2649b\" data-element_type=\"widget\" data-e-type=\"widget\" data-widget_type=\"button.default\">\n\t\t\t\t<div class=\"elementor-widget-container\">\n\t\t\t\t\t\t\t\t\t<div class=\"elementor-button-wrapper\">\n\t\t\t\t\t<a class=\"elementor-button elementor-button-link elementor-size-sm\" href=\"https:\/\/stancovani-dijelovi.com\/bs\/contact\/\">\n\t\t\t\t\t\t<span class=\"elementor-button-content-wrapper\">\n\t\t\t\t\t\t\t\t\t<span class=\"elementor-button-text\">Po\u0161aljite upit<\/span>\n\t\t\t\t\t<\/span>\n\t\t\t\t\t<\/a>\n\t\t\t\t<\/div>\n\t\t\t\t\t\t\t\t<\/div>\n\t\t\t\t<\/div>\n\t\t\t\t<\/div>\n\t\t\t\t<div class=\"elementor-element elementor-element-1459da4e elementor-arrows-position-outside elementor-widget__width-inherit elementor-pagination-position-outside elementor-widget elementor-widget-image-carousel\" data-id=\"1459da4e\" data-element_type=\"widget\" data-e-type=\"widget\" data-settings=\"{&quot;slides_to_show&quot;:&quot;1&quot;,&quot;autoplay&quot;:&quot;no&quot;,&quot;navigation&quot;:&quot;both&quot;,&quot;infinite&quot;:&quot;yes&quot;,&quot;effect&quot;:&quot;slide&quot;,&quot;speed&quot;:500}\" data-widget_type=\"image-carousel.default\">\n\t\t\t\t<div class=\"elementor-widget-container\">\n\t\t\t\t\t\t\t<div class=\"elementor-image-carousel-wrapper swiper\" role=\"region\" aria-roledescription=\"carousel\" aria-label=\"Image Carousel\" dir=\"ltr\">\n\t\t\t<div class=\"elementor-image-carousel swiper-wrapper\" aria-live=\"polite\">\n\t\t\t\t\t\t\t\t<div class=\"swiper-slide\" role=\"group\" aria-roledescription=\"slide\" aria-label=\"1 of 3\"><a data-elementor-open-lightbox=\"yes\" data-elementor-lightbox-slideshow=\"1459da4e\" data-elementor-lightbox-title=\"Pallet collar hinges\" data-e-action-hash=\"#elementor-action%3Aaction%3Dlightbox%26settings%3DeyJpZCI6MjUwMiwidXJsIjoiaHR0cHM6XC9cL3N0YW5jb3ZhbmktZGlqZWxvdmkuY29tXC93cC1jb250ZW50XC91cGxvYWRzXC8yMDIzXC8wM1wvUGFsbGV0LWNvbGxhci1oaW5nZXMtMS5qcGciLCJzbGlkZXNob3ciOiIxNDU5ZGE0ZSJ9\" href=\"https:\/\/stancovani-dijelovi.com\/wp-content\/uploads\/2023\/03\/Pallet-collar-hinges-1.jpg\"><figure class=\"swiper-slide-inner\"><img decoding=\"async\" class=\"swiper-slide-image\" src=\"https:\/\/stancovani-dijelovi.com\/wp-content\/uploads\/2023\/03\/Pallet-collar-hinges-1.jpg\" alt=\"Pallet collar hinges\" \/><\/figure><\/a><\/div><div class=\"swiper-slide\" role=\"group\" aria-roledescription=\"slide\" aria-label=\"2 of 3\"><a data-elementor-open-lightbox=\"yes\" data-elementor-lightbox-slideshow=\"1459da4e\" data-elementor-lightbox-title=\"Pallet collar hinges\" data-e-action-hash=\"#elementor-action%3Aaction%3Dlightbox%26settings%3DeyJpZCI6MjUwMywidXJsIjoiaHR0cHM6XC9cL3N0YW5jb3ZhbmktZGlqZWxvdmkuY29tXC93cC1jb250ZW50XC91cGxvYWRzXC8yMDIzXC8wM1wvUGFsbGV0LWNvbGxhci1oaW5nZXMtMi5qcGciLCJzbGlkZXNob3ciOiIxNDU5ZGE0ZSJ9\" href=\"https:\/\/stancovani-dijelovi.com\/wp-content\/uploads\/2023\/03\/Pallet-collar-hinges-2.jpg\"><figure class=\"swiper-slide-inner\"><img decoding=\"async\" class=\"swiper-slide-image\" src=\"https:\/\/stancovani-dijelovi.com\/wp-content\/uploads\/2023\/03\/Pallet-collar-hinges-2.jpg\" alt=\"Pallet collar hinges\" \/><\/figure><\/a><\/div><div class=\"swiper-slide\" role=\"group\" aria-roledescription=\"slide\" aria-label=\"3 of 3\"><a data-elementor-open-lightbox=\"yes\" data-elementor-lightbox-slideshow=\"1459da4e\" data-elementor-lightbox-title=\"Technical drawing\" data-e-action-hash=\"#elementor-action%3Aaction%3Dlightbox%26settings%3DeyJpZCI6MjUwNCwidXJsIjoiaHR0cHM6XC9cL3N0YW5jb3ZhbmktZGlqZWxvdmkuY29tXC93cC1jb250ZW50XC91cGxvYWRzXC8yMDIzXC8wM1wvUGFsbGV0LWNvbGxhci1oaW5nZXMtMy5qcGciLCJzbGlkZXNob3ciOiIxNDU5ZGE0ZSJ9\" href=\"https:\/\/stancovani-dijelovi.com\/wp-content\/uploads\/2023\/03\/Pallet-collar-hinges-3.jpg\"><figure class=\"swiper-slide-inner\"><img decoding=\"async\" class=\"swiper-slide-image\" src=\"https:\/\/stancovani-dijelovi.com\/wp-content\/uploads\/2023\/03\/Pallet-collar-hinges-3.jpg\" alt=\"Pallet collar hinges\" \/><\/figure><\/a><\/div>\t\t\t<\/div>\n\t\t\t\t\t\t\t\t\t\t\t\t<div class=\"elementor-swiper-button elementor-swiper-button-prev\" role=\"button\" tabindex=\"0\">\n\t\t\t\t\t\t<i aria-hidden=\"true\" class=\"eicon-chevron-left\"><\/i>\t\t\t\t\t<\/div>\n\t\t\t\t\t<div class=\"elementor-swiper-button elementor-swiper-button-next\" role=\"button\" tabindex=\"0\">\n\t\t\t\t\t\t<i aria-hidden=\"true\" class=\"eicon-chevron-right\"><\/i>\t\t\t\t\t<\/div>\n\t\t\t\t\n\t\t\t\t\t\t\t\t\t<div class=\"swiper-pagination\"><\/div>\n\t\t\t\t\t\t\t\t\t<\/div>\n\t\t\t\t\t\t<\/div>\n\t\t\t\t<\/div>\n\t\t\t\t\t<\/div>\n\t\t\t\t<\/div>\n\t\t<div class=\"elementor-element elementor-element-3ef4c87b e-flex e-con-boxed e-con e-parent\" data-id=\"3ef4c87b\" data-element_type=\"container\" data-e-type=\"container\">\n\t\t\t\t\t<div class=\"e-con-inner\">\n\t\t\t\t<div class=\"elementor-element elementor-element-268eefee elementor-widget elementor-widget-heading\" data-id=\"268eefee\" data-element_type=\"widget\" data-e-type=\"widget\" data-widget_type=\"heading.default\">\n\t\t\t\t<div class=\"elementor-widget-container\">\n\t\t\t\t\t<h3 class=\"elementor-heading-title elementor-size-default\">Specifikacije<\/h3>\t\t\t\t<\/div>\n\t\t\t\t<\/div>\n\t\t\t\t<div class=\"elementor-element elementor-element-39148a53 elementor-widget__width-inherit elementor-widget elementor-widget-text-editor\" data-id=\"39148a53\" data-element_type=\"widget\" data-e-type=\"widget\" data-widget_type=\"text-editor.default\">\n\t\t\t\t<div class=\"elementor-widget-container\">\n\t\t\t\t\t\t\t\t\t<table>\n<tbody>\n<tr>\n<th style=\"width: 50%;\">Dimenzije (D x \u0160):<\/th>\n<td>219 x 41 mm<\/td>\n<\/tr>\n<tr>\n<th>Materijal:<\/th>\n<td>\u010celik<\/td>\n<\/tr>\n<tr>\n<th>Debljina materijala:<\/th>\n<td>1,25 &#8211; 1,5 mm<\/td>\n<\/tr>\n<tr>\n<th>Predtretman:<\/th>\n<td>Galvanizacija<\/td>\n<\/tr>\n<tr>\n<th>Za\u0161tita povr\u0161ine:<\/th>\n<td>\u017duta pasivizacija<\/td>\n<\/tr>\n<tr>\n<th>Boja:<\/th>\n<td>Nema<\/td>\n<\/tr>\n<tr>\n<th>Neto te\u017eina\/komad:<\/th>\n<td>0,4 kg<\/td>\n<\/tr>\n<\/tbody>\n<\/table>\t\t\t\t\t\t\t\t<\/div>\n\t\t\t\t<\/div>\n\t\t\t\t\t<\/div>\n\t\t\t\t<\/div>\n\t\t\t\t<\/div>","protected":false},"excerpt":{"rendered":"<p>Pallet collar hinges Hinges for connecting pallet collars to pallets. Suitable for pallet collars 18-20 mm thick and all pallet types. Ideal for use in logistics, warehousing, and manufacturing. Ensure stability and safety of the load on the pallet. Easy to open and close, facilitating loading and unloading of goods. Galvanized and passivated for maximum [&hellip;]<\/p>\n","protected":false},"author":1,"featured_media":0,"parent":40,"menu_order":0,"comment_status":"closed","ping_status":"closed","template":"","meta":{"inline_featured_image":false,"site-sidebar-layout":"no-sidebar","site-content-layout":"page-builder","ast-site-content-layout":"default","site-content-style":"default","site-sidebar-style":"default","ast-global-header-display":"","ast-banner-title-visibility":"","ast-main-header-display":"","ast-hfb-above-header-display":"","ast-hfb-below-header-display":"","ast-hfb-mobile-header-display":"","site-post-title":"disabled","ast-breadcrumbs-content":"","ast-featured-img":"disabled","footer-sml-layout":"","ast-disable-related-posts":"","theme-transparent-header-meta":"","adv-header-id-meta":"","stick-header-meta":"","header-above-stick-meta":"","header-main-stick-meta":"","header-below-stick-meta":"","astra-migrate-meta-layouts":"default","ast-page-background-enabled":"default","ast-page-background-meta":{"desktop":{"background-color":"var(--ast-global-color-4)","background-image":"","background-repeat":"repeat","background-position":"center center","background-size":"auto","background-attachment":"scroll","background-type":"","background-media":"","overlay-type":"","overlay-color":"","overlay-opacity":"","overlay-gradient":""},"tablet":{"background-color":"","background-image":"","background-repeat":"repeat","background-position":"center center","background-size":"auto","background-attachment":"scroll","background-type":"","background-media":"","overlay-type":"","overlay-color":"","overlay-opacity":"","overlay-gradient":""},"mobile":{"background-color":"","background-image":"","background-repeat":"repeat","background-position":"center center","background-size":"auto","background-attachment":"scroll","background-type":"","background-media":"","overlay-type":"","overlay-color":"","overlay-opacity":"","overlay-gradient":""}},"ast-content-background-meta":{"desktop":{"background-color":"var(--ast-global-color-5)","background-image":"","background-repeat":"repeat","background-position":"center center","background-size":"auto","background-attachment":"scroll","background-type":"","background-media":"","overlay-type":"","overlay-color":"","overlay-opacity":"","overlay-gradient":""},"tablet":{"background-color":"var(--ast-global-color-5)","background-image":"","background-repeat":"repeat","background-position":"center center","background-size":"auto","background-attachment":"scroll","background-type":"","background-media":"","overlay-type":"","overlay-color":"","overlay-opacity":"","overlay-gradient":""},"mobile":{"background-color":"var(--ast-global-color-5)","background-image":"","background-repeat":"repeat","background-position":"center center","background-size":"auto","background-attachment":"scroll","background-type":"","background-media":"","overlay-type":"","overlay-color":"","overlay-opacity":"","overlay-gradient":""}},"footnotes":""},"class_list":["post-1587","page","type-page","status-publish","hentry"],"_links":{"self":[{"href":"https:\/\/stancovani-dijelovi.com\/bs\/wp-json\/wp\/v2\/pages\/1587","targetHints":{"allow":["GET"]}}],"collection":[{"href":"https:\/\/stancovani-dijelovi.com\/bs\/wp-json\/wp\/v2\/pages"}],"about":[{"href":"https:\/\/stancovani-dijelovi.com\/bs\/wp-json\/wp\/v2\/types\/page"}],"author":[{"embeddable":true,"href":"https:\/\/stancovani-dijelovi.com\/bs\/wp-json\/wp\/v2\/users\/1"}],"replies":[{"embeddable":true,"href":"https:\/\/stancovani-dijelovi.com\/bs\/wp-json\/wp\/v2\/comments?post=1587"}],"version-history":[{"count":16,"href":"https:\/\/stancovani-dijelovi.com\/bs\/wp-json\/wp\/v2\/pages\/1587\/revisions"}],"predecessor-version":[{"id":2526,"href":"https:\/\/stancovani-dijelovi.com\/bs\/wp-json\/wp\/v2\/pages\/1587\/revisions\/2526"}],"up":[{"embeddable":true,"href":"https:\/\/stancovani-dijelovi.com\/bs\/wp-json\/wp\/v2\/pages\/40"}],"wp:attachment":[{"href":"https:\/\/stancovani-dijelovi.com\/bs\/wp-json\/wp\/v2\/media?parent=1587"}],"curies":[{"name":"wp","href":"https:\/\/api.w.org\/{rel}","templated":true}]}}